{"id":84455,"date":"2018-04-26T18:38:28","date_gmt":"2018-04-26T18:38:28","guid":{"rendered":"http:\/\/www.irdin.org.br\/site\/produto\/epreuves-spirituelles\/"},"modified":"2024-09-23T13:32:33","modified_gmt":"2024-09-23T13:32:33","slug":"epreuves-spirituelles","status":"publish","type":"product","link":"https:\/\/www.irdin.org.br\/site\/produtos\/epreuves-spirituelles\/","title":{"rendered":"\u00c9preuves Spirituelles"},"content":{"rendered":"<p><em>En allant au-del\u00e0 des niveaux humains de notre \u00eatre, nous am\u00e9liorons notre liaison avec la vie sup\u00e9rieure.<\/em><\/p>\n<p><strong>Ou\u00e7a agora:<\/strong><\/p>\n<p><span data-href=\"https:\/\/www.irdin.org.br\/site\/envios\/audios\/0014_0109__por_fra__epreuves_spirituelles.mp3\" data-title=\"\u00c9preuves spirituelles\" data-rel=\"\" data-target=\"\" data-meta=\"#fap-meta-6a08f809101b5\" class=\"fap-single-track fap-track-button fap-play-button\" data-enqueue=\"no\" data-autoenqueue=\"no\" title=\"\u00c9preuves spirituelles\"><span class=\"fap-icon-play\"><\/span>Ouvir<\/span> <a class=\"baixar\" href=\"https:\/\/www.irdin.org.br\/site\/envios\/audios\/0014_0109__por_fra__epreuves_spirituelles.mp3\" download=\"\">Baixar<\/a> <span class=\"textobaixar\"> \u00c9preuves spirituelles<\/span><\/p>\n<p>&nbsp;<\/p>\n","protected":false},"excerpt":{"rendered":"<p>En allant au-del\u00e0 des niveaux humains de notre \u00eatre, nous am\u00e9liorons notre liaison avec la vie sup\u00e9rieure. Ou\u00e7a agora: Baixar<\/p>\n","protected":false},"featured_media":37803,"template":"","meta":{"_acf_changed":false},"product_brand":[],"product_cat":[18076,33068],"product_tag":[42211],"class_list":{"0":"post-84455","1":"product","2":"type-product","3":"status-publish","4":"has-post-thumbnail","6":"product_cat-cddvd","7":"product_cat-palestras","8":"product_tag-42211","9":"pa_autor-trigueirinho","10":"pa_codigo-da-serie-32103","11":"pa_codigo-externo-00140109porfracd","12":"pa_data-de-gravacao-18462","13":"pa_duracao-41-min","14":"pa_idioma-de-destino-frances","15":"pa_idioma-de-origem-portugues","16":"pa_lancamento-no","17":"pa_midia-cd","18":"pa_moac-42210","19":"pa_quantidade-de-saldo-33067","20":"pa_sequencial-da-serie-32163","21":"pa_tipo-de-traducao-nao-classificado","23":"first","24":"outofstock","25":"product-type-simple"},"acf":[],"_links":{"self":[{"href":"https:\/\/www.irdin.org.br\/site\/wp-json\/wp\/v2\/product\/84455","targetHints":{"allow":["GET"]}}],"collection":[{"href":"https:\/\/www.irdin.org.br\/site\/wp-json\/wp\/v2\/product"}],"about":[{"href":"https:\/\/www.irdin.org.br\/site\/wp-json\/wp\/v2\/types\/product"}],"version-history":[{"count":2,"href":"https:\/\/www.irdin.org.br\/site\/wp-json\/wp\/v2\/product\/84455\/revisions"}],"predecessor-version":[{"id":107570,"href":"https:\/\/www.irdin.org.br\/site\/wp-json\/wp\/v2\/product\/84455\/revisions\/107570"}],"wp:featuredmedia":[{"embeddable":true,"href":"https:\/\/www.irdin.org.br\/site\/wp-json\/wp\/v2\/media\/37803"}],"wp:attachment":[{"href":"https:\/\/www.irdin.org.br\/site\/wp-json\/wp\/v2\/media?parent=84455"}],"wp:term":[{"taxonomy":"product_brand","embeddable":true,"href":"https:\/\/www.irdin.org.br\/site\/wp-json\/wp\/v2\/product_brand?post=84455"},{"taxonomy":"product_cat","embeddable":true,"href":"https:\/\/www.irdin.org.br\/site\/wp-json\/wp\/v2\/product_cat?post=84455"},{"taxonomy":"product_tag","embeddable":true,"href":"https:\/\/www.irdin.org.br\/site\/wp-json\/wp\/v2\/product_tag?post=84455"}],"curies":[{"name":"wp","href":"https:\/\/api.w.org\/{rel}","templated":true}]}}