{"id":84462,"date":"2018-04-26T18:38:51","date_gmt":"2018-04-26T18:38:51","guid":{"rendered":"http:\/\/www.irdin.org.br\/site\/produto\/im-angesicht-des-lebens\/"},"modified":"2024-09-23T13:23:59","modified_gmt":"2024-09-23T13:23:59","slug":"im-angesicht-des-lebens","status":"publish","type":"product","link":"https:\/\/www.irdin.org.br\/site\/produtos\/im-angesicht-des-lebens\/","title":{"rendered":"Im Angesicht des Lebens"},"content":{"rendered":"<p><em>Das Herz ist eine Br\u00fccke zu einem erhabeneren Leben, zu der Essenz des Universums. Durch das Herz k\u00f6nnen wir die Wege erkennen, die wir folgen sollen, wenn wir die Haftungen und einschr\u00e4nkende Ideen des Ego beiseitelassen.<\/em><\/p>\n<p>&nbsp;<br \/>\n<strong>Ou\u00e7a agora:<\/strong><\/p>\n<p><span data-href=\"https:\/\/www.irdin.org.br\/site\/envios\/audios\/0014_0112__por_ger__im_angesicht_des_lebens.mp3\" data-title=\"im angesicht des lebens\" data-rel=\"\" data-target=\"\" data-meta=\"#fap-meta-69e79d260fd0d\" class=\"fap-single-track fap-track-button fap-play-button\" data-enqueue=\"no\" data-autoenqueue=\"no\" title=\"im angesicht des lebens\"><span class=\"fap-icon-play\"><\/span>Ouvir<\/span> <a href=\"https:\/\/www.irdin.org.br\/site\/envios\/audios\/0014_0112__por_ger__im_angesicht_des_lebens.mp3\" class=\"baixar\" download><span class=\"fa fa-arrow-down\"><\/span>Baixar<\/span><\/a> <span class=\"textobaixar\"> im angesicht des lebens<\/span><\/p>\n<p>&nbsp;<\/p>\n","protected":false},"excerpt":{"rendered":"<p>Das Herz ist eine Br\u00fccke zu einem erhabeneren Leben, zu der Essenz des Universums. Durch das Herz k\u00f6nnen wir die<\/p>\n","protected":false},"featured_media":37803,"template":"","meta":{"_acf_changed":false},"product_brand":[],"product_cat":[18076,33068],"product_tag":[42225],"class_list":{"0":"post-84462","1":"product","2":"type-product","3":"status-publish","4":"has-post-thumbnail","6":"product_cat-cddvd","7":"product_cat-palestras","8":"product_tag-42225","9":"pa_autor-trigueirinho","10":"pa_codigo-da-serie-32103","11":"pa_codigo-externo-00140112pordecd","12":"pa_data-de-gravacao-18492","13":"pa_duracao-47-min-49-s","14":"pa_idioma-de-destino-alemao","15":"pa_idioma-de-origem-portugues","16":"pa_lancamento-no","17":"pa_midia-cd","18":"pa_moac-42224","19":"pa_quantidade-de-saldo-33067","20":"pa_sequencial-da-serie-32174","21":"pa_tipo-de-traducao-nao-classificado","23":"first","24":"outofstock","25":"product-type-simple"},"acf":[],"_links":{"self":[{"href":"https:\/\/www.irdin.org.br\/site\/wp-json\/wp\/v2\/product\/84462","targetHints":{"allow":["GET"]}}],"collection":[{"href":"https:\/\/www.irdin.org.br\/site\/wp-json\/wp\/v2\/product"}],"about":[{"href":"https:\/\/www.irdin.org.br\/site\/wp-json\/wp\/v2\/types\/product"}],"version-history":[{"count":1,"href":"https:\/\/www.irdin.org.br\/site\/wp-json\/wp\/v2\/product\/84462\/revisions"}],"predecessor-version":[{"id":107536,"href":"https:\/\/www.irdin.org.br\/site\/wp-json\/wp\/v2\/product\/84462\/revisions\/107536"}],"wp:featuredmedia":[{"embeddable":true,"href":"https:\/\/www.irdin.org.br\/site\/wp-json\/wp\/v2\/media\/37803"}],"wp:attachment":[{"href":"https:\/\/www.irdin.org.br\/site\/wp-json\/wp\/v2\/media?parent=84462"}],"wp:term":[{"taxonomy":"product_brand","embeddable":true,"href":"https:\/\/www.irdin.org.br\/site\/wp-json\/wp\/v2\/product_brand?post=84462"},{"taxonomy":"product_cat","embeddable":true,"href":"https:\/\/www.irdin.org.br\/site\/wp-json\/wp\/v2\/product_cat?post=84462"},{"taxonomy":"product_tag","embeddable":true,"href":"https:\/\/www.irdin.org.br\/site\/wp-json\/wp\/v2\/product_tag?post=84462"}],"curies":[{"name":"wp","href":"https:\/\/api.w.org\/{rel}","templated":true}]}}