{"id":84464,"date":"2018-04-26T18:38:51","date_gmt":"2018-04-26T18:38:51","guid":{"rendered":"http:\/\/www.irdin.org.br\/site\/produto\/a-transmutacao-nos-dias-de-hoje\/"},"modified":"2024-09-23T13:24:06","modified_gmt":"2024-09-23T13:24:06","slug":"a-transmutacao-nos-dias-de-hoje","status":"publish","type":"product","link":"https:\/\/www.irdin.org.br\/site\/produtos\/a-transmutacao-nos-dias-de-hoje\/","title":{"rendered":"A transmuta\u00e7\u00e3o nos dias de hoje"},"content":{"rendered":"<p><em>Um modo ainda inusitado de um ser vir \u00e0 Terra cumprir sua tarefa evolutiva.<\/em><\/p>\n<p>&nbsp;<br \/>\n<strong>Ou\u00e7a agora:<\/strong><\/p>\n<p><span data-href=\"https:\/\/www.irdin.org.br\/site\/envios\/audios\/0014_0115__por_por__a_transmutacao_nos_dias_de_hoje.mp3\" data-title=\"a transmuta\u00e7\u00e3o nos dias de hoje\" data-rel=\"\" data-target=\"\" data-meta=\"#fap-meta-69f9be7e8f0e9\" class=\"fap-single-track fap-track-button fap-play-button\" data-enqueue=\"no\" data-autoenqueue=\"no\" title=\"a transmuta\u00e7\u00e3o nos dias de hoje\"><span class=\"fap-icon-play\"><\/span>Ouvir<\/span> <a href=\"https:\/\/www.irdin.org.br\/site\/envios\/audios\/0014_0115__por_por__a_transmutacao_nos_dias_de_hoje.mp3\" class=\"baixar\" download><span class=\"fa fa-arrow-down\"><\/span>Baixar<\/span><\/a> <span class=\"textobaixar\"> a transmuta\u00e7\u00e3o nos dias de hoje<\/span><\/p>\n<p>&nbsp;<\/p>\n","protected":false},"excerpt":{"rendered":"<p>Um modo ainda inusitado de um ser vir \u00e0 Terra cumprir sua tarefa evolutiva. &nbsp; Ou\u00e7a agora: Baixar a transmuta\u00e7\u00e3o<\/p>\n","protected":false},"featured_media":37803,"template":"","meta":{"_acf_changed":false},"product_brand":[],"product_cat":[18076,33068],"product_tag":[42229],"class_list":{"0":"post-84464","1":"product","2":"type-product","3":"status-publish","4":"has-post-thumbnail","6":"product_cat-cddvd","7":"product_cat-palestras","8":"product_tag-42229","9":"pa_autor-trigueirinho","10":"pa_codigo-da-serie-32103","11":"pa_data-de-gravacao-18507","12":"pa_idioma-de-destino-portugues","13":"pa_lancamento-no","14":"pa_midia-cd","15":"pa_moac-42228","16":"pa_quantidade-de-saldo-33067","17":"pa_sequencial-da-serie-32181","18":"pa_tipo-de-traducao-nao-classificado","20":"first","21":"outofstock","22":"product-type-simple"},"acf":[],"_links":{"self":[{"href":"https:\/\/www.irdin.org.br\/site\/wp-json\/wp\/v2\/product\/84464","targetHints":{"allow":["GET"]}}],"collection":[{"href":"https:\/\/www.irdin.org.br\/site\/wp-json\/wp\/v2\/product"}],"about":[{"href":"https:\/\/www.irdin.org.br\/site\/wp-json\/wp\/v2\/types\/product"}],"version-history":[{"count":1,"href":"https:\/\/www.irdin.org.br\/site\/wp-json\/wp\/v2\/product\/84464\/revisions"}],"predecessor-version":[{"id":107540,"href":"https:\/\/www.irdin.org.br\/site\/wp-json\/wp\/v2\/product\/84464\/revisions\/107540"}],"wp:featuredmedia":[{"embeddable":true,"href":"https:\/\/www.irdin.org.br\/site\/wp-json\/wp\/v2\/media\/37803"}],"wp:attachment":[{"href":"https:\/\/www.irdin.org.br\/site\/wp-json\/wp\/v2\/media?parent=84464"}],"wp:term":[{"taxonomy":"product_brand","embeddable":true,"href":"https:\/\/www.irdin.org.br\/site\/wp-json\/wp\/v2\/product_brand?post=84464"},{"taxonomy":"product_cat","embeddable":true,"href":"https:\/\/www.irdin.org.br\/site\/wp-json\/wp\/v2\/product_cat?post=84464"},{"taxonomy":"product_tag","embeddable":true,"href":"https:\/\/www.irdin.org.br\/site\/wp-json\/wp\/v2\/product_tag?post=84464"}],"curies":[{"name":"wp","href":"https:\/\/api.w.org\/{rel}","templated":true}]}}