{"id":84465,"date":"2018-04-26T18:38:51","date_gmt":"2018-04-26T18:38:51","guid":{"rendered":"http:\/\/www.irdin.org.br\/site\/produto\/grupo-espiritual-e-trabalho-de-androginia\/"},"modified":"2024-09-23T13:21:59","modified_gmt":"2024-09-23T13:21:59","slug":"grupo-espiritual-e-trabalho-de-androginia","status":"publish","type":"product","link":"https:\/\/www.irdin.org.br\/site\/produtos\/grupo-espiritual-e-trabalho-de-androginia\/","title":{"rendered":"Grupo espiritual e trabalho de androginia"},"content":{"rendered":"<p><em>Estudo das caracter\u00edsticas ou qualidades que desenvolvemos nas encarna\u00e7\u00f5es passadas, ora em corpos masculinos, ora em corpos femininos.<\/em><\/p>\n<p>&nbsp;<br \/>\n<strong>Ou\u00e7a agora:<\/strong><\/p>\n<p><span data-href=\"https:\/\/www.irdin.org.br\/site\/envios\/audios\/0014_0116__por_por__grupo_espiritual_e_trabalho_de_androginia.mp3\" data-title=\"grupo espiritual e trabalho de androginia\" data-rel=\"\" data-target=\"\" data-meta=\"#fap-meta-6a04e7c42f983\" class=\"fap-single-track fap-track-button fap-play-button\" data-enqueue=\"no\" data-autoenqueue=\"no\" title=\"grupo espiritual e trabalho de androginia\"><span class=\"fap-icon-play\"><\/span>Ouvir<\/span> <a href=\"https:\/\/www.irdin.org.br\/site\/envios\/audios\/0014_0116__por_por__grupo_espiritual_e_trabalho_de_androginia.mp3\" class=\"baixar\" download><span class=\"fa fa-arrow-down\"><\/span>Baixar<\/span><\/a> <span class=\"textobaixar\"> grupo espiritual e trabalho de androginia<\/span><\/p>\n<p>&nbsp;<\/p>\n","protected":false},"excerpt":{"rendered":"<p>Estudo das caracter\u00edsticas ou qualidades que desenvolvemos nas encarna\u00e7\u00f5es passadas, ora em corpos masculinos, ora em corpos femininos. &nbsp; Ou\u00e7a<\/p>\n","protected":false},"featured_media":37803,"template":"","meta":{"_acf_changed":false},"product_brand":[],"product_cat":[18076,33068],"product_tag":[42231],"class_list":{"0":"post-84465","1":"product","2":"type-product","3":"status-publish","4":"has-post-thumbnail","6":"product_cat-cddvd","7":"product_cat-palestras","8":"product_tag-42231","9":"pa_autor-trigueirinho","10":"pa_codigo-da-serie-32103","11":"pa_codigo-externo-00140116porcd","12":"pa_data-de-gravacao-18513","13":"pa_duracao-35min48s","14":"pa_idioma-de-destino-portugues","15":"pa_idioma-de-origem-portugues","16":"pa_lancamento-no","17":"pa_midia-cd","18":"pa_moac-42230","19":"pa_quantidade-de-saldo-33067","20":"pa_sequencial-da-serie-32184","21":"pa_tipo-de-traducao-nao-classificado","23":"first","24":"outofstock","25":"product-type-simple"},"acf":[],"_links":{"self":[{"href":"https:\/\/www.irdin.org.br\/site\/wp-json\/wp\/v2\/product\/84465","targetHints":{"allow":["GET"]}}],"collection":[{"href":"https:\/\/www.irdin.org.br\/site\/wp-json\/wp\/v2\/product"}],"about":[{"href":"https:\/\/www.irdin.org.br\/site\/wp-json\/wp\/v2\/types\/product"}],"version-history":[{"count":1,"href":"https:\/\/www.irdin.org.br\/site\/wp-json\/wp\/v2\/product\/84465\/revisions"}],"predecessor-version":[{"id":107539,"href":"https:\/\/www.irdin.org.br\/site\/wp-json\/wp\/v2\/product\/84465\/revisions\/107539"}],"wp:featuredmedia":[{"embeddable":true,"href":"https:\/\/www.irdin.org.br\/site\/wp-json\/wp\/v2\/media\/37803"}],"wp:attachment":[{"href":"https:\/\/www.irdin.org.br\/site\/wp-json\/wp\/v2\/media?parent=84465"}],"wp:term":[{"taxonomy":"product_brand","embeddable":true,"href":"https:\/\/www.irdin.org.br\/site\/wp-json\/wp\/v2\/product_brand?post=84465"},{"taxonomy":"product_cat","embeddable":true,"href":"https:\/\/www.irdin.org.br\/site\/wp-json\/wp\/v2\/product_cat?post=84465"},{"taxonomy":"product_tag","embeddable":true,"href":"https:\/\/www.irdin.org.br\/site\/wp-json\/wp\/v2\/product_tag?post=84465"}],"curies":[{"name":"wp","href":"https:\/\/api.w.org\/{rel}","templated":true}]}}