{"id":84466,"date":"2018-04-26T18:38:51","date_gmt":"2018-04-26T18:38:51","guid":{"rendered":"http:\/\/www.irdin.org.br\/site\/produto\/para-conhecermos-a-mae-universal\/"},"modified":"2024-09-23T13:22:42","modified_gmt":"2024-09-23T13:22:42","slug":"para-conhecermos-a-mae-universal","status":"publish","type":"product","link":"https:\/\/www.irdin.org.br\/site\/produtos\/para-conhecermos-a-mae-universal\/","title":{"rendered":"Para conhecermos a M\u00e3e Universal"},"content":{"rendered":"<p><em>A beleza da M\u00e3e Universal se faz perceber aos olhos dos que se purificam do ego\u00edsmo.<\/em><\/p>\n<p>&nbsp;<br \/>\n<strong>Ou\u00e7a agora:<\/strong><\/p>\n<p><span data-href=\"https:\/\/www.irdin.org.br\/site\/envios\/audios\/0014_0118__por_por__para_conhecermos_a_mae_universal.mp3\" data-title=\"para conhecermos a m\u00e3e universal\" data-rel=\"\" data-target=\"\" data-meta=\"#fap-meta-6a04d202e175c\" class=\"fap-single-track fap-track-button fap-play-button\" data-enqueue=\"no\" data-autoenqueue=\"no\" title=\"para conhecermos a m\u00e3e universal\"><span class=\"fap-icon-play\"><\/span>Ouvir<\/span> <a href=\"https:\/\/www.irdin.org.br\/site\/envios\/audios\/0014_0118__por_por__para_conhecermos_a_mae_universal.mp3\" class=\"baixar\" download><span class=\"fa fa-arrow-down\"><\/span>Baixar<\/span><\/a> <span class=\"textobaixar\"> para conhecermos a m\u00e3e universal<\/span><\/p>\n<p>&nbsp;<\/p>\n","protected":false},"excerpt":{"rendered":"<p>A beleza da M\u00e3e Universal se faz perceber aos olhos dos que se purificam do ego\u00edsmo. &nbsp; Ou\u00e7a agora: Baixar<\/p>\n","protected":false},"featured_media":37803,"template":"","meta":{"_acf_changed":false},"product_brand":[],"product_cat":[18076,33068],"product_tag":[42233],"class_list":{"0":"post-84466","1":"product","2":"type-product","3":"status-publish","4":"has-post-thumbnail","6":"product_cat-cddvd","7":"product_cat-palestras","8":"product_tag-42233","9":"pa_autor-trigueirinho","10":"pa_codigo-da-serie-32103","11":"pa_codigo-externo-00140118porcd","12":"pa_data-de-gravacao-18518","13":"pa_duracao-20-min","14":"pa_idioma-de-destino-portugues","15":"pa_idioma-de-origem-portugues","16":"pa_lancamento-no","17":"pa_midia-cd","18":"pa_moac-42232","19":"pa_quantidade-de-saldo-33067","20":"pa_sequencial-da-serie-32186","21":"pa_tipo-de-traducao-nao-classificado","23":"first","24":"outofstock","25":"product-type-simple"},"acf":[],"_links":{"self":[{"href":"https:\/\/www.irdin.org.br\/site\/wp-json\/wp\/v2\/product\/84466","targetHints":{"allow":["GET"]}}],"collection":[{"href":"https:\/\/www.irdin.org.br\/site\/wp-json\/wp\/v2\/product"}],"about":[{"href":"https:\/\/www.irdin.org.br\/site\/wp-json\/wp\/v2\/types\/product"}],"version-history":[{"count":2,"href":"https:\/\/www.irdin.org.br\/site\/wp-json\/wp\/v2\/product\/84466\/revisions"}],"predecessor-version":[{"id":107542,"href":"https:\/\/www.irdin.org.br\/site\/wp-json\/wp\/v2\/product\/84466\/revisions\/107542"}],"wp:featuredmedia":[{"embeddable":true,"href":"https:\/\/www.irdin.org.br\/site\/wp-json\/wp\/v2\/media\/37803"}],"wp:attachment":[{"href":"https:\/\/www.irdin.org.br\/site\/wp-json\/wp\/v2\/media?parent=84466"}],"wp:term":[{"taxonomy":"product_brand","embeddable":true,"href":"https:\/\/www.irdin.org.br\/site\/wp-json\/wp\/v2\/product_brand?post=84466"},{"taxonomy":"product_cat","embeddable":true,"href":"https:\/\/www.irdin.org.br\/site\/wp-json\/wp\/v2\/product_cat?post=84466"},{"taxonomy":"product_tag","embeddable":true,"href":"https:\/\/www.irdin.org.br\/site\/wp-json\/wp\/v2\/product_tag?post=84466"}],"curies":[{"name":"wp","href":"https:\/\/api.w.org\/{rel}","templated":true}]}}