{"id":84472,"date":"2018-04-26T18:38:51","date_gmt":"2018-04-26T18:38:51","guid":{"rendered":"http:\/\/www.irdin.org.br\/site\/produto\/amor-espanhol\/"},"modified":"2019-12-18T16:50:14","modified_gmt":"2019-12-18T16:50:14","slug":"amor-espanhol","status":"publish","type":"product","link":"https:\/\/www.irdin.org.br\/site\/produtos\/amor-espanhol\/","title":{"rendered":"Amor (Espanhol)"},"content":{"rendered":"<p><em>\u00bfC\u00f3mo dejar de vivir el amor sentimental y comenzar a vivirlo como pura energ\u00eda? \u00bfC\u00f3mo atender las necesidades de los dem\u00e1s y estar en verdadera armon\u00eda con el ambiente?<\/em><\/p>\n<p>&nbsp;<br \/>\n<strong>Ou\u00e7a agora:<\/strong><\/p>\n<p><span data-href=\"https:\/\/www.irdin.org.br\/site\/envios\/audios\/0014_0122__por_spa__amor.mp3\" data-title=\"amor\" data-rel=\"\" data-target=\"\" data-meta=\"#fap-meta-69fe37398b625\" class=\"fap-single-track fap-track-button fap-play-button\" data-enqueue=\"no\" data-autoenqueue=\"no\" title=\"amor\"><span class=\"fap-icon-play\"><\/span>Ouvir<\/span> <a href=\"https:\/\/www.irdin.org.br\/site\/envios\/audios\/0014_0122__por_spa__amor.mp3\" class=\"baixar\" download><span class=\"fa fa-arrow-down\"><\/span>Baixar<\/span><\/a> <span class=\"textobaixar\"> amor<\/span><\/p>\n<p>&nbsp;<\/p>\n","protected":false},"excerpt":{"rendered":"<p>\u00bfC\u00f3mo dejar de vivir el amor sentimental y comenzar a vivirlo como pura energ\u00eda? \u00bfC\u00f3mo atender las necesidades de los<\/p>\n","protected":false},"featured_media":37803,"template":"","meta":{"_acf_changed":false},"product_brand":[],"product_cat":[18076,33068],"product_tag":[42245],"class_list":{"0":"post-84472","1":"product","2":"type-product","3":"status-publish","4":"has-post-thumbnail","6":"product_cat-cddvd","7":"product_cat-palestras","8":"product_tag-42245","9":"pa_autor-trigueirinho","10":"pa_codigo-da-serie-32103","11":"pa_codigo-externo-00140122spacd","12":"pa_data-de-gravacao-18542","13":"pa_duracao-44-min","14":"pa_idioma-de-destino-espanhol","15":"pa_idioma-de-origem-portugues","16":"pa_lancamento-no","17":"pa_midia-cd","18":"pa_moac-42244","19":"pa_quantidade-de-saldo-33067","20":"pa_sequencial-da-serie-32196","21":"pa_tipo-de-traducao-nao-classificado","23":"first","24":"outofstock","25":"product-type-simple"},"acf":[],"_links":{"self":[{"href":"https:\/\/www.irdin.org.br\/site\/wp-json\/wp\/v2\/product\/84472","targetHints":{"allow":["GET"]}}],"collection":[{"href":"https:\/\/www.irdin.org.br\/site\/wp-json\/wp\/v2\/product"}],"about":[{"href":"https:\/\/www.irdin.org.br\/site\/wp-json\/wp\/v2\/types\/product"}],"version-history":[{"count":0,"href":"https:\/\/www.irdin.org.br\/site\/wp-json\/wp\/v2\/product\/84472\/revisions"}],"wp:featuredmedia":[{"embeddable":true,"href":"https:\/\/www.irdin.org.br\/site\/wp-json\/wp\/v2\/media\/37803"}],"wp:attachment":[{"href":"https:\/\/www.irdin.org.br\/site\/wp-json\/wp\/v2\/media?parent=84472"}],"wp:term":[{"taxonomy":"product_brand","embeddable":true,"href":"https:\/\/www.irdin.org.br\/site\/wp-json\/wp\/v2\/product_brand?post=84472"},{"taxonomy":"product_cat","embeddable":true,"href":"https:\/\/www.irdin.org.br\/site\/wp-json\/wp\/v2\/product_cat?post=84472"},{"taxonomy":"product_tag","embeddable":true,"href":"https:\/\/www.irdin.org.br\/site\/wp-json\/wp\/v2\/product_tag?post=84472"}],"curies":[{"name":"wp","href":"https:\/\/api.w.org\/{rel}","templated":true}]}}