{"id":84478,"date":"2018-04-26T18:39:13","date_gmt":"2018-04-26T18:39:13","guid":{"rendered":"http:\/\/www.irdin.org.br\/site\/produto\/o-exercicio-espiritual-da-madrugada\/"},"modified":"2024-09-23T04:21:15","modified_gmt":"2024-09-23T04:21:15","slug":"o-exercicio-espiritual-da-madrugada","status":"publish","type":"product","link":"https:\/\/www.irdin.org.br\/site\/produtos\/o-exercicio-espiritual-da-madrugada\/","title":{"rendered":"O exerc\u00edcio espiritual da madrugada"},"content":{"rendered":"<p><em>O poder transformador do reconhecimento di\u00e1rio de que nada nos falta, de que a quietude e a paz j\u00e1 existem em n\u00f3s, de que o amor de Deus est\u00e1 sempre presente. Como experimentar essa serenidade, essa simplicidade?<\/em><\/p>\n<p>&nbsp;<br \/>\n<strong>Ou\u00e7a agora:<\/strong><\/p>\n<p><span data-href=\"https:\/\/www.irdin.org.br\/site\/envios\/audios\/0014_0127__por_por__o_exercicio_espiritual_da_madrugada.mp3\" data-title=\"o exerc\u00edcio espiritual da madrugada\" data-rel=\"\" data-target=\"\" data-meta=\"#fap-meta-69fedd6d114c9\" class=\"fap-single-track fap-track-button fap-play-button\" data-enqueue=\"no\" data-autoenqueue=\"no\" title=\"o exerc\u00edcio espiritual da madrugada\"><span class=\"fap-icon-play\"><\/span>Ouvir<\/span> <a href=\"https:\/\/www.irdin.org.br\/site\/envios\/audios\/0014_0127__por_por__o_exercicio_espiritual_da_madrugada.mp3\" class=\"baixar\" download><span class=\"fa fa-arrow-down\"><\/span>Baixar<\/span><\/a> <span class=\"textobaixar\"> o exerc\u00edcio espiritual da madrugada<\/span><\/p>\n<p>&nbsp;<\/p>\n","protected":false},"excerpt":{"rendered":"<p>O poder transformador do reconhecimento di\u00e1rio de que nada nos falta, de que a quietude e a paz j\u00e1 existem<\/p>\n","protected":false},"featured_media":37803,"template":"","meta":{"_acf_changed":false},"product_brand":[],"product_cat":[18076,33068],"product_tag":[42257],"class_list":{"0":"post-84478","1":"product","2":"type-product","3":"status-publish","4":"has-post-thumbnail","6":"product_cat-cddvd","7":"product_cat-palestras","8":"product_tag-42257","9":"pa_autor-trigueirinho","10":"pa_codigo-da-serie-32103","11":"pa_data-de-gravacao-18578","12":"pa_idioma-de-destino-portugues","13":"pa_lancamento-no","14":"pa_midia-cd","15":"pa_moac-42256","16":"pa_quantidade-de-saldo-33067","17":"pa_sequencial-da-serie-32210","18":"pa_tipo-de-traducao-nao-classificado","20":"first","21":"outofstock","22":"product-type-simple"},"acf":[],"_links":{"self":[{"href":"https:\/\/www.irdin.org.br\/site\/wp-json\/wp\/v2\/product\/84478","targetHints":{"allow":["GET"]}}],"collection":[{"href":"https:\/\/www.irdin.org.br\/site\/wp-json\/wp\/v2\/product"}],"about":[{"href":"https:\/\/www.irdin.org.br\/site\/wp-json\/wp\/v2\/types\/product"}],"version-history":[{"count":1,"href":"https:\/\/www.irdin.org.br\/site\/wp-json\/wp\/v2\/product\/84478\/revisions"}],"predecessor-version":[{"id":107509,"href":"https:\/\/www.irdin.org.br\/site\/wp-json\/wp\/v2\/product\/84478\/revisions\/107509"}],"wp:featuredmedia":[{"embeddable":true,"href":"https:\/\/www.irdin.org.br\/site\/wp-json\/wp\/v2\/media\/37803"}],"wp:attachment":[{"href":"https:\/\/www.irdin.org.br\/site\/wp-json\/wp\/v2\/media?parent=84478"}],"wp:term":[{"taxonomy":"product_brand","embeddable":true,"href":"https:\/\/www.irdin.org.br\/site\/wp-json\/wp\/v2\/product_brand?post=84478"},{"taxonomy":"product_cat","embeddable":true,"href":"https:\/\/www.irdin.org.br\/site\/wp-json\/wp\/v2\/product_cat?post=84478"},{"taxonomy":"product_tag","embeddable":true,"href":"https:\/\/www.irdin.org.br\/site\/wp-json\/wp\/v2\/product_tag?post=84478"}],"curies":[{"name":"wp","href":"https:\/\/api.w.org\/{rel}","templated":true}]}}