{"id":84479,"date":"2018-04-26T18:39:13","date_gmt":"2018-04-26T18:39:13","guid":{"rendered":"http:\/\/www.irdin.org.br\/site\/produto\/visao-evolutiva-da-morte\/"},"modified":"2024-09-23T04:21:30","modified_gmt":"2024-09-23T04:21:30","slug":"visao-evolutiva-da-morte","status":"publish","type":"product","link":"https:\/\/www.irdin.org.br\/site\/produtos\/visao-evolutiva-da-morte\/","title":{"rendered":"Vis\u00e3o evolutiva da morte"},"content":{"rendered":"<p><em>A morte n\u00e3o \u00e9 o fim: um novo ciclo se inicia em outras dimens\u00f5es.<\/em><\/p>\n<p>&nbsp;<br \/>\n<strong>Ou\u00e7a agora:<\/strong><\/p>\n<p><span data-href=\"https:\/\/www.irdin.org.br\/site\/envios\/audios\/0014_0128__por_por__visao_evolutiva_da_morte.mp3\" data-title=\"vis\u00e3o evolutiva da morte\" data-rel=\"\" data-target=\"\" data-meta=\"#fap-meta-69e25cac85822\" class=\"fap-single-track fap-track-button fap-play-button\" data-enqueue=\"no\" data-autoenqueue=\"no\" title=\"vis\u00e3o evolutiva da morte\"><span class=\"fap-icon-play\"><\/span>Ouvir<\/span> <a href=\"https:\/\/www.irdin.org.br\/site\/envios\/audios\/0014_0128__por_por__visao_evolutiva_da_morte.mp3\" class=\"baixar\" download><span class=\"fa fa-arrow-down\"><\/span>Baixar<\/span><\/a> <span class=\"textobaixar\"> vis\u00e3o evolutiva da morte<\/span><\/p>\n<p>&nbsp;<\/p>\n","protected":false},"excerpt":{"rendered":"<p>A morte n\u00e3o \u00e9 o fim: um novo ciclo se inicia em outras dimens\u00f5es. &nbsp; Ou\u00e7a agora: Baixar vis\u00e3o evolutiva<\/p>\n","protected":false},"featured_media":37803,"template":"","meta":{"_acf_changed":false},"product_brand":[],"product_cat":[18076,33068],"product_tag":[42259],"class_list":{"0":"post-84479","1":"product","2":"type-product","3":"status-publish","4":"has-post-thumbnail","6":"product_cat-cddvd","7":"product_cat-palestras","8":"product_tag-42259","9":"pa_autor-trigueirinho","10":"pa_codigo-da-serie-32103","11":"pa_codigo-externo-00140128porcd","12":"pa_data-de-gravacao-18585","13":"pa_duracao-72min42s","14":"pa_idioma-de-destino-portugues","15":"pa_idioma-de-origem-portugues","16":"pa_lancamento-no","17":"pa_midia-cd","18":"pa_moac-42258","19":"pa_quantidade-de-saldo-33067","20":"pa_sequencial-da-serie-32212","21":"pa_tipo-de-traducao-nao-classificado","23":"first","24":"outofstock","25":"product-type-simple"},"acf":[],"_links":{"self":[{"href":"https:\/\/www.irdin.org.br\/site\/wp-json\/wp\/v2\/product\/84479","targetHints":{"allow":["GET"]}}],"collection":[{"href":"https:\/\/www.irdin.org.br\/site\/wp-json\/wp\/v2\/product"}],"about":[{"href":"https:\/\/www.irdin.org.br\/site\/wp-json\/wp\/v2\/types\/product"}],"version-history":[{"count":1,"href":"https:\/\/www.irdin.org.br\/site\/wp-json\/wp\/v2\/product\/84479\/revisions"}],"predecessor-version":[{"id":107510,"href":"https:\/\/www.irdin.org.br\/site\/wp-json\/wp\/v2\/product\/84479\/revisions\/107510"}],"wp:featuredmedia":[{"embeddable":true,"href":"https:\/\/www.irdin.org.br\/site\/wp-json\/wp\/v2\/media\/37803"}],"wp:attachment":[{"href":"https:\/\/www.irdin.org.br\/site\/wp-json\/wp\/v2\/media?parent=84479"}],"wp:term":[{"taxonomy":"product_brand","embeddable":true,"href":"https:\/\/www.irdin.org.br\/site\/wp-json\/wp\/v2\/product_brand?post=84479"},{"taxonomy":"product_cat","embeddable":true,"href":"https:\/\/www.irdin.org.br\/site\/wp-json\/wp\/v2\/product_cat?post=84479"},{"taxonomy":"product_tag","embeddable":true,"href":"https:\/\/www.irdin.org.br\/site\/wp-json\/wp\/v2\/product_tag?post=84479"}],"curies":[{"name":"wp","href":"https:\/\/api.w.org\/{rel}","templated":true}]}}