{"id":84485,"date":"2018-04-26T18:39:13","date_gmt":"2018-04-26T18:39:13","guid":{"rendered":"http:\/\/www.irdin.org.br\/site\/produto\/mudancas-em-nossos-corpos\/"},"modified":"2024-09-23T04:22:35","modified_gmt":"2024-09-23T04:22:35","slug":"mudancas-em-nossos-corpos","status":"publish","type":"product","link":"https:\/\/www.irdin.org.br\/site\/produtos\/mudancas-em-nossos-corpos\/","title":{"rendered":"Mudan\u00e7as em nossos corpos"},"content":{"rendered":"<p><em>Enquanto a consci\u00eancia do planeta se eleva, nosso n\u00facleo interno vai ascendendo ao n\u00edvel intuitivo com repercuss\u00f5es no corpo mental, no emocional e no f\u00edsico.<\/em><\/p>\n<p>&nbsp;<br \/>\n<strong>Ou\u00e7a agora:<\/strong><\/p>\n<p><span data-href=\"https:\/\/www.irdin.org.br\/site\/envios\/audios\/0014_0134__por_por__mudancas_em_nossos_corpos.mp3\" data-title=\"mudan\u00e7as em nossos corpos\" data-rel=\"\" data-target=\"\" data-meta=\"#fap-meta-69fefb2f29a06\" class=\"fap-single-track fap-track-button fap-play-button\" data-enqueue=\"no\" data-autoenqueue=\"no\" title=\"mudan\u00e7as em nossos corpos\"><span class=\"fap-icon-play\"><\/span>Ouvir<\/span> <a href=\"https:\/\/www.irdin.org.br\/site\/envios\/audios\/0014_0134__por_por__mudancas_em_nossos_corpos.mp3\" class=\"baixar\" download><span class=\"fa fa-arrow-down\"><\/span>Baixar<\/span><\/a> <span class=\"textobaixar\"> mudan\u00e7as em nossos corpos<\/span><\/p>\n<p>&nbsp;<\/p>\n","protected":false},"excerpt":{"rendered":"<p>Enquanto a consci\u00eancia do planeta se eleva, nosso n\u00facleo interno vai ascendendo ao n\u00edvel intuitivo com repercuss\u00f5es no corpo mental,<\/p>\n","protected":false},"featured_media":37803,"template":"","meta":{"_acf_changed":false},"product_brand":[],"product_cat":[18076,33068],"product_tag":[42271],"class_list":{"0":"post-84485","1":"product","2":"type-product","3":"status-publish","4":"has-post-thumbnail","6":"product_cat-cddvd","7":"product_cat-palestras","8":"product_tag-42271","9":"pa_autor-trigueirinho","10":"pa_codigo-da-serie-32103","11":"pa_codigo-externo-00140134porcd","12":"pa_data-de-gravacao-18616","13":"pa_duracao-42min40s","14":"pa_idioma-de-destino-portugues","15":"pa_idioma-de-origem-portugues","16":"pa_lancamento-no","17":"pa_midia-cd","18":"pa_moac-42270","19":"pa_quantidade-de-saldo-33067","20":"pa_sequencial-da-serie-32226","21":"pa_tipo-de-traducao-nao-classificado","23":"first","24":"outofstock","25":"product-type-simple"},"acf":[],"_links":{"self":[{"href":"https:\/\/www.irdin.org.br\/site\/wp-json\/wp\/v2\/product\/84485","targetHints":{"allow":["GET"]}}],"collection":[{"href":"https:\/\/www.irdin.org.br\/site\/wp-json\/wp\/v2\/product"}],"about":[{"href":"https:\/\/www.irdin.org.br\/site\/wp-json\/wp\/v2\/types\/product"}],"version-history":[{"count":1,"href":"https:\/\/www.irdin.org.br\/site\/wp-json\/wp\/v2\/product\/84485\/revisions"}],"predecessor-version":[{"id":107516,"href":"https:\/\/www.irdin.org.br\/site\/wp-json\/wp\/v2\/product\/84485\/revisions\/107516"}],"wp:featuredmedia":[{"embeddable":true,"href":"https:\/\/www.irdin.org.br\/site\/wp-json\/wp\/v2\/media\/37803"}],"wp:attachment":[{"href":"https:\/\/www.irdin.org.br\/site\/wp-json\/wp\/v2\/media?parent=84485"}],"wp:term":[{"taxonomy":"product_brand","embeddable":true,"href":"https:\/\/www.irdin.org.br\/site\/wp-json\/wp\/v2\/product_brand?post=84485"},{"taxonomy":"product_cat","embeddable":true,"href":"https:\/\/www.irdin.org.br\/site\/wp-json\/wp\/v2\/product_cat?post=84485"},{"taxonomy":"product_tag","embeddable":true,"href":"https:\/\/www.irdin.org.br\/site\/wp-json\/wp\/v2\/product_tag?post=84485"}],"curies":[{"name":"wp","href":"https:\/\/api.w.org\/{rel}","templated":true}]}}