{"id":84493,"date":"2018-04-26T18:39:13","date_gmt":"2018-04-26T18:39:13","guid":{"rendered":"http:\/\/www.irdin.org.br\/site\/produto\/preparation-au-chemin-initiatique\/"},"modified":"2024-09-23T04:23:53","modified_gmt":"2024-09-23T04:23:53","slug":"preparation-au-chemin-initiatique","status":"publish","type":"product","link":"https:\/\/www.irdin.org.br\/site\/produtos\/preparation-au-chemin-initiatique\/","title":{"rendered":"Pr\u00e9paration au Chemin Initiatique"},"content":{"rendered":"<p><em>La Terre se pr\u00e9pare pour une initiation et tout ce qu\u00b4elle porte re\u00e7oit des \u00e9nergies qui facilitent cet \u00e9v\u00e8nement.<\/em><\/p>\n<p><strong>Ou\u00e7a agora:<\/strong><\/p>\n<p><span data-href=\"https:\/\/www.irdin.org.br\/site\/envios\/audios\/0014_0138__por_fra__preparation_au_chemin_initiatique.mp3\" data-title=\"pr\u00e9paration au chemin initiatique\" data-rel=\"\" data-target=\"\" data-meta=\"#fap-meta-69e88c312e046\" class=\"fap-single-track fap-track-button fap-play-button\" data-enqueue=\"no\" data-autoenqueue=\"no\" title=\"pr\u00e9paration au chemin initiatique\"><span class=\"fap-icon-play\"><\/span>Ouvir<\/span> <a class=\"baixar\" href=\"https:\/\/www.irdin.org.br\/site\/envios\/audios\/0014_0138__por_fra__preparation_au_chemin_initiatique.mp3\" download=\"\">Baixar<\/a> <span class=\"textobaixar\"> pr\u00e9paration au chemin initiatique<\/span><\/p>\n<p>&nbsp;<\/p>\n","protected":false},"excerpt":{"rendered":"<p>La Terre se pr\u00e9pare pour une initiation et tout ce qu\u00b4elle porte re\u00e7oit des \u00e9nergies qui facilitent cet \u00e9v\u00e8nement. Ou\u00e7a<\/p>\n","protected":false},"featured_media":37803,"template":"","meta":{"_acf_changed":false},"product_brand":[],"product_cat":[18076,33068],"product_tag":[42287],"class_list":{"0":"post-84493","1":"product","2":"type-product","3":"status-publish","4":"has-post-thumbnail","6":"product_cat-cddvd","7":"product_cat-palestras","8":"product_tag-42287","9":"pa_autor-trigueirinho","10":"pa_codigo-da-serie-32103","11":"pa_codigo-externo-00140138fracd","12":"pa_data-de-gravacao-18649","13":"pa_duracao-43-min","14":"pa_idioma-de-destino-frances","15":"pa_idioma-de-origem-outro","16":"pa_lancamento-no","17":"pa_midia-cd","18":"pa_moac-42286","19":"pa_quantidade-de-saldo-33067","20":"pa_sequencial-da-serie-32239","21":"pa_tipo-de-traducao-nao-classificado","23":"first","24":"outofstock","25":"product-type-simple"},"acf":[],"_links":{"self":[{"href":"https:\/\/www.irdin.org.br\/site\/wp-json\/wp\/v2\/product\/84493","targetHints":{"allow":["GET"]}}],"collection":[{"href":"https:\/\/www.irdin.org.br\/site\/wp-json\/wp\/v2\/product"}],"about":[{"href":"https:\/\/www.irdin.org.br\/site\/wp-json\/wp\/v2\/types\/product"}],"version-history":[{"count":2,"href":"https:\/\/www.irdin.org.br\/site\/wp-json\/wp\/v2\/product\/84493\/revisions"}],"predecessor-version":[{"id":107524,"href":"https:\/\/www.irdin.org.br\/site\/wp-json\/wp\/v2\/product\/84493\/revisions\/107524"}],"wp:featuredmedia":[{"embeddable":true,"href":"https:\/\/www.irdin.org.br\/site\/wp-json\/wp\/v2\/media\/37803"}],"wp:attachment":[{"href":"https:\/\/www.irdin.org.br\/site\/wp-json\/wp\/v2\/media?parent=84493"}],"wp:term":[{"taxonomy":"product_brand","embeddable":true,"href":"https:\/\/www.irdin.org.br\/site\/wp-json\/wp\/v2\/product_brand?post=84493"},{"taxonomy":"product_cat","embeddable":true,"href":"https:\/\/www.irdin.org.br\/site\/wp-json\/wp\/v2\/product_cat?post=84493"},{"taxonomy":"product_tag","embeddable":true,"href":"https:\/\/www.irdin.org.br\/site\/wp-json\/wp\/v2\/product_tag?post=84493"}],"curies":[{"name":"wp","href":"https:\/\/api.w.org\/{rel}","templated":true}]}}