{"id":84499,"date":"2018-04-26T18:39:34","date_gmt":"2018-04-26T18:39:34","guid":{"rendered":"http:\/\/www.irdin.org.br\/site\/produto\/androginia-e-o-mantra-de-samana\/"},"modified":"2024-09-23T03:58:49","modified_gmt":"2024-09-23T03:58:49","slug":"androginia-e-o-mantra-de-samana","status":"publish","type":"product","link":"https:\/\/www.irdin.org.br\/site\/produtos\/androginia-e-o-mantra-de-samana\/","title":{"rendered":"Androginia e o mantra de Samana"},"content":{"rendered":"<p><em>A uni\u00e3o dos p\u00f3los no ser e o mantra de Samana, que atua na alma e na m\u00f4nada. O uso desse mantra e novos caminhos de servi\u00e7o.<\/em><\/p>\n<p>&nbsp;<br \/>\n<strong>Ou\u00e7a agora:<\/strong><\/p>\n<p><span data-href=\"https:\/\/www.irdin.org.br\/site\/envios\/audios\/0014_0141__por_por__androginia_e_o_mantra_de_samana.mp3\" data-title=\"androginia e o mantra de samana\" data-rel=\"\" data-target=\"\" data-meta=\"#fap-meta-69e3952f25d2a\" class=\"fap-single-track fap-track-button fap-play-button\" data-enqueue=\"no\" data-autoenqueue=\"no\" title=\"androginia e o mantra de samana\"><span class=\"fap-icon-play\"><\/span>Ouvir<\/span> <a href=\"https:\/\/www.irdin.org.br\/site\/envios\/audios\/0014_0141__por_por__androginia_e_o_mantra_de_samana.mp3\" class=\"baixar\" download><span class=\"fa fa-arrow-down\"><\/span>Baixar<\/span><\/a> <span class=\"textobaixar\"> androginia e o mantra de samana<\/span><\/p>\n<p>&nbsp;<\/p>\n","protected":false},"excerpt":{"rendered":"<p>A uni\u00e3o dos p\u00f3los no ser e o mantra de Samana, que atua na alma e na m\u00f4nada. O uso<\/p>\n","protected":false},"featured_media":37803,"template":"","meta":{"_acf_changed":false},"product_brand":[],"product_cat":[18076,33068],"product_tag":[42299],"class_list":{"0":"post-84499","1":"product","2":"type-product","3":"status-publish","4":"has-post-thumbnail","6":"product_cat-cddvd","7":"product_cat-palestras","8":"product_tag-42299","9":"pa_autor-trigueirinho","10":"pa_codigo-da-serie-32103","11":"pa_codigo-externo-00140141porcd","12":"pa_data-de-gravacao-18671","13":"pa_duracao-41min2s","14":"pa_idioma-de-destino-portugues","15":"pa_idioma-de-origem-portugues","16":"pa_lancamento-no","17":"pa_midia-cd","18":"pa_moac-42298","19":"pa_quantidade-de-saldo-33067","20":"pa_sequencial-da-serie-32249","21":"pa_tipo-de-traducao-nao-classificado","23":"first","24":"outofstock","25":"product-type-simple"},"acf":[],"_links":{"self":[{"href":"https:\/\/www.irdin.org.br\/site\/wp-json\/wp\/v2\/product\/84499","targetHints":{"allow":["GET"]}}],"collection":[{"href":"https:\/\/www.irdin.org.br\/site\/wp-json\/wp\/v2\/product"}],"about":[{"href":"https:\/\/www.irdin.org.br\/site\/wp-json\/wp\/v2\/types\/product"}],"version-history":[{"count":1,"href":"https:\/\/www.irdin.org.br\/site\/wp-json\/wp\/v2\/product\/84499\/revisions"}],"predecessor-version":[{"id":107490,"href":"https:\/\/www.irdin.org.br\/site\/wp-json\/wp\/v2\/product\/84499\/revisions\/107490"}],"wp:featuredmedia":[{"embeddable":true,"href":"https:\/\/www.irdin.org.br\/site\/wp-json\/wp\/v2\/media\/37803"}],"wp:attachment":[{"href":"https:\/\/www.irdin.org.br\/site\/wp-json\/wp\/v2\/media?parent=84499"}],"wp:term":[{"taxonomy":"product_brand","embeddable":true,"href":"https:\/\/www.irdin.org.br\/site\/wp-json\/wp\/v2\/product_brand?post=84499"},{"taxonomy":"product_cat","embeddable":true,"href":"https:\/\/www.irdin.org.br\/site\/wp-json\/wp\/v2\/product_cat?post=84499"},{"taxonomy":"product_tag","embeddable":true,"href":"https:\/\/www.irdin.org.br\/site\/wp-json\/wp\/v2\/product_tag?post=84499"}],"curies":[{"name":"wp","href":"https:\/\/api.w.org\/{rel}","templated":true}]}}