{"id":84510,"date":"2018-04-26T18:39:34","date_gmt":"2018-04-26T18:39:34","guid":{"rendered":"http:\/\/www.irdin.org.br\/site\/produto\/estimulos-para-la-consagracion-del-ser\/"},"modified":"2024-09-23T04:00:55","modified_gmt":"2024-09-23T04:00:55","slug":"estimulos-para-la-consagracion-del-ser","status":"publish","type":"product","link":"https:\/\/www.irdin.org.br\/site\/produtos\/estimulos-para-la-consagracion-del-ser\/","title":{"rendered":"Est\u00edmulos para la consagraci\u00f3n del ser"},"content":{"rendered":"<p><em>Vida com\u00fan es la que lleva la mayor\u00eda de las personas: individualista y llena de luchas. Vida consagrada es aquella enteramente dedicada al \u00danico.<\/em><\/p>\n<p>&nbsp;<br \/>\n<strong>Ou\u00e7a agora:<\/strong><\/p>\n<p><span data-href=\"https:\/\/www.irdin.org.br\/site\/envios\/audios\/0014_0144__por_spa__estimulos_para_la_consagracion_del_ser.mp3\" data-title=\"est\u00edmulos para la consagraci\u00f3n del ser\" data-rel=\"\" data-target=\"\" data-meta=\"#fap-meta-69fe3828c25f9\" class=\"fap-single-track fap-track-button fap-play-button\" data-enqueue=\"no\" data-autoenqueue=\"no\" title=\"est\u00edmulos para la consagraci\u00f3n del ser\"><span class=\"fap-icon-play\"><\/span>Ouvir<\/span> <a href=\"https:\/\/www.irdin.org.br\/site\/envios\/audios\/0014_0144__por_spa__estimulos_para_la_consagracion_del_ser.mp3\" class=\"baixar\" download><span class=\"fa fa-arrow-down\"><\/span>Baixar<\/span><\/a> <span class=\"textobaixar\"> est\u00edmulos para la consagraci\u00f3n del ser<\/span><\/p>\n<p>&nbsp;<\/p>\n","protected":false},"excerpt":{"rendered":"<p>Vida com\u00fan es la que lleva la mayor\u00eda de las personas: individualista y llena de luchas. Vida consagrada es aquella<\/p>\n","protected":false},"featured_media":37803,"template":"","meta":{"_acf_changed":false},"product_brand":[],"product_cat":[18076,33068],"product_tag":[42321],"class_list":{"0":"post-84510","1":"product","2":"type-product","3":"status-publish","4":"has-post-thumbnail","6":"product_cat-cddvd","7":"product_cat-palestras","8":"product_tag-42321","9":"pa_autor-trigueirinho","10":"pa_codigo-da-serie-32103","11":"pa_codigo-externo-00140144spacd","12":"pa_data-de-gravacao-18701","13":"pa_duracao-41-min","14":"pa_idioma-de-destino-espanhol","15":"pa_idioma-de-origem-portugues","16":"pa_lancamento-no","17":"pa_midia-cd","18":"pa_moac-42320","19":"pa_quantidade-de-saldo-33067","20":"pa_sequencial-da-serie-32261","21":"pa_tipo-de-traducao-nao-classificado","23":"first","24":"outofstock","25":"product-type-simple"},"acf":[],"_links":{"self":[{"href":"https:\/\/www.irdin.org.br\/site\/wp-json\/wp\/v2\/product\/84510","targetHints":{"allow":["GET"]}}],"collection":[{"href":"https:\/\/www.irdin.org.br\/site\/wp-json\/wp\/v2\/product"}],"about":[{"href":"https:\/\/www.irdin.org.br\/site\/wp-json\/wp\/v2\/types\/product"}],"version-history":[{"count":1,"href":"https:\/\/www.irdin.org.br\/site\/wp-json\/wp\/v2\/product\/84510\/revisions"}],"predecessor-version":[{"id":107501,"href":"https:\/\/www.irdin.org.br\/site\/wp-json\/wp\/v2\/product\/84510\/revisions\/107501"}],"wp:featuredmedia":[{"embeddable":true,"href":"https:\/\/www.irdin.org.br\/site\/wp-json\/wp\/v2\/media\/37803"}],"wp:attachment":[{"href":"https:\/\/www.irdin.org.br\/site\/wp-json\/wp\/v2\/media?parent=84510"}],"wp:term":[{"taxonomy":"product_brand","embeddable":true,"href":"https:\/\/www.irdin.org.br\/site\/wp-json\/wp\/v2\/product_brand?post=84510"},{"taxonomy":"product_cat","embeddable":true,"href":"https:\/\/www.irdin.org.br\/site\/wp-json\/wp\/v2\/product_cat?post=84510"},{"taxonomy":"product_tag","embeddable":true,"href":"https:\/\/www.irdin.org.br\/site\/wp-json\/wp\/v2\/product_tag?post=84510"}],"curies":[{"name":"wp","href":"https:\/\/api.w.org\/{rel}","templated":true}]}}