{"id":84524,"date":"2018-04-26T18:39:57","date_gmt":"2018-04-26T18:39:57","guid":{"rendered":"http:\/\/www.irdin.org.br\/site\/produto\/reflexoes-atuais-sobre-o-nosso-ser\/"},"modified":"2024-09-23T03:35:34","modified_gmt":"2024-09-23T03:35:34","slug":"reflexoes-atuais-sobre-o-nosso-ser","status":"publish","type":"product","link":"https:\/\/www.irdin.org.br\/site\/produtos\/reflexoes-atuais-sobre-o-nosso-ser\/","title":{"rendered":"Reflex\u00f5es atuais sobre o nosso ser"},"content":{"rendered":"<p><em>Os centros planet\u00e1rios e os centros energ\u00e9ticos do ser humano: amplia\u00e7\u00f5es do consciente direito no presente momento de transi\u00e7\u00e3o.<\/em><\/p>\n<p>&nbsp;<br \/>\n<strong>Ou\u00e7a agora:<\/strong><\/p>\n<p><span data-href=\"https:\/\/www.irdin.org.br\/site\/envios\/audios\/0014_0153__por_por__reflexoes_atuais_sobre_o_nosso_ser.mp3\" data-title=\"reflex\u00f5es atuais sobre o nosso ser\" data-rel=\"\" data-target=\"\" data-meta=\"#fap-meta-69e2cf93b4f72\" class=\"fap-single-track fap-track-button fap-play-button\" data-enqueue=\"no\" data-autoenqueue=\"no\" title=\"reflex\u00f5es atuais sobre o nosso ser\"><span class=\"fap-icon-play\"><\/span>Ouvir<\/span> <a href=\"https:\/\/www.irdin.org.br\/site\/envios\/audios\/0014_0153__por_por__reflexoes_atuais_sobre_o_nosso_ser.mp3\" class=\"baixar\" download><span class=\"fa fa-arrow-down\"><\/span>Baixar<\/span><\/a> <span class=\"textobaixar\"> reflex\u00f5es atuais sobre o nosso ser<\/span><\/p>\n<p>&nbsp;<\/p>\n","protected":false},"excerpt":{"rendered":"<p>Os centros planet\u00e1rios e os centros energ\u00e9ticos do ser humano: amplia\u00e7\u00f5es do consciente direito no presente momento de transi\u00e7\u00e3o. &nbsp;<\/p>\n","protected":false},"featured_media":37803,"template":"","meta":{"_acf_changed":false},"product_brand":[],"product_cat":[18076,33068],"product_tag":[42349],"class_list":{"0":"post-84524","1":"product","2":"type-product","3":"status-publish","4":"has-post-thumbnail","6":"product_cat-cddvd","7":"product_cat-palestras","8":"product_tag-42349","9":"pa_autor-trigueirinho","10":"pa_codigo-da-serie-32103","11":"pa_codigo-externo-00140153porcd","12":"pa_data-de-gravacao-18772","13":"pa_duracao-43min49s","14":"pa_idioma-de-destino-portugues","15":"pa_idioma-de-origem-portugues","16":"pa_lancamento-no","17":"pa_midia-cd","18":"pa_moac-42348","19":"pa_quantidade-de-saldo-33067","20":"pa_sequencial-da-serie-32291","21":"pa_tipo-de-traducao-nao-classificado","23":"first","24":"outofstock","25":"product-type-simple"},"acf":[],"_links":{"self":[{"href":"https:\/\/www.irdin.org.br\/site\/wp-json\/wp\/v2\/product\/84524","targetHints":{"allow":["GET"]}}],"collection":[{"href":"https:\/\/www.irdin.org.br\/site\/wp-json\/wp\/v2\/product"}],"about":[{"href":"https:\/\/www.irdin.org.br\/site\/wp-json\/wp\/v2\/types\/product"}],"version-history":[{"count":1,"href":"https:\/\/www.irdin.org.br\/site\/wp-json\/wp\/v2\/product\/84524\/revisions"}],"predecessor-version":[{"id":107475,"href":"https:\/\/www.irdin.org.br\/site\/wp-json\/wp\/v2\/product\/84524\/revisions\/107475"}],"wp:featuredmedia":[{"embeddable":true,"href":"https:\/\/www.irdin.org.br\/site\/wp-json\/wp\/v2\/media\/37803"}],"wp:attachment":[{"href":"https:\/\/www.irdin.org.br\/site\/wp-json\/wp\/v2\/media?parent=84524"}],"wp:term":[{"taxonomy":"product_brand","embeddable":true,"href":"https:\/\/www.irdin.org.br\/site\/wp-json\/wp\/v2\/product_brand?post=84524"},{"taxonomy":"product_cat","embeddable":true,"href":"https:\/\/www.irdin.org.br\/site\/wp-json\/wp\/v2\/product_cat?post=84524"},{"taxonomy":"product_tag","embeddable":true,"href":"https:\/\/www.irdin.org.br\/site\/wp-json\/wp\/v2\/product_tag?post=84524"}],"curies":[{"name":"wp","href":"https:\/\/api.w.org\/{rel}","templated":true}]}}