{"id":84536,"date":"2018-04-26T18:39:57","date_gmt":"2018-04-26T18:39:57","guid":{"rendered":"http:\/\/www.irdin.org.br\/site\/produto\/rumo-a-personalidade-superior-atitudes-necessarias-ao-caminho\/"},"modified":"2024-09-23T03:37:26","modified_gmt":"2024-09-23T03:37:26","slug":"rumo-a-personalidade-superior-atitudes-necessarias-ao-caminho","status":"publish","type":"product","link":"https:\/\/www.irdin.org.br\/site\/produtos\/rumo-a-personalidade-superior-atitudes-necessarias-ao-caminho\/","title":{"rendered":"Rumo \u00e0 personalidade superior | Atitudes necess\u00e1rias ao Caminho"},"content":{"rendered":"<p><em>Como servir em qualquer ponto do planeta e em outras dimens\u00f5es do espa\u00e7o. \/ Ao seguimos com alegria de alma o que a vida nos pede, o irreal se dissolve.<\/em><\/p>\n<p>&nbsp;<br \/>\n<strong>Ou\u00e7a agora:<\/strong><\/p>\n<p><span data-href=\"https:\/\/www.irdin.org.br\/site\/envios\/audios\/0014_0163__por_por__rumo_a_personalidade_superior_atitudes_necessarias_ao_caminho.mp3\" data-title=\"rumo \u00e0 personalidade superior | atitudes necess\u00e1rias ao caminho\" data-rel=\"\" data-target=\"\" data-meta=\"#fap-meta-69febb67790fd\" class=\"fap-single-track fap-track-button fap-play-button\" data-enqueue=\"no\" data-autoenqueue=\"no\" title=\"rumo \u00e0 personalidade superior | atitudes necess\u00e1rias ao caminho\"><span class=\"fap-icon-play\"><\/span>Ouvir<\/span> <a href=\"https:\/\/www.irdin.org.br\/site\/envios\/audios\/0014_0163__por_por__rumo_a_personalidade_superior_atitudes_necessarias_ao_caminho.mp3\" class=\"baixar\" download><span class=\"fa fa-arrow-down\"><\/span>Baixar<\/span><\/a> <span class=\"textobaixar\"> rumo \u00e0 personalidade superior | atitudes necess\u00e1rias ao caminho<\/span><\/p>\n<p>&nbsp;<\/p>\n","protected":false},"excerpt":{"rendered":"<p>Como servir em qualquer ponto do planeta e em outras dimens\u00f5es do espa\u00e7o. \/ Ao seguimos com alegria de alma<\/p>\n","protected":false},"featured_media":37803,"template":"","meta":{"_acf_changed":false},"product_brand":[],"product_cat":[18076,33068],"product_tag":[42373],"class_list":{"0":"post-84536","1":"product","2":"type-product","3":"status-publish","4":"has-post-thumbnail","6":"product_cat-cddvd","7":"product_cat-palestras","8":"product_tag-42373","9":"pa_autor-trigueirinho","10":"pa_codigo-da-serie-32103","11":"pa_codigo-externo-00140163porcd","12":"pa_data-de-gravacao-18818","13":"pa_duracao-42min33s","14":"pa_idioma-de-destino-portugues","15":"pa_idioma-de-origem-portugues","16":"pa_lancamento-no","17":"pa_midia-cd","18":"pa_moac-42372","19":"pa_quantidade-de-saldo-33067","20":"pa_sequencial-da-serie-32315","21":"pa_tipo-de-traducao-nao-classificado","23":"first","24":"outofstock","25":"product-type-simple"},"acf":[],"_links":{"self":[{"href":"https:\/\/www.irdin.org.br\/site\/wp-json\/wp\/v2\/product\/84536","targetHints":{"allow":["GET"]}}],"collection":[{"href":"https:\/\/www.irdin.org.br\/site\/wp-json\/wp\/v2\/product"}],"about":[{"href":"https:\/\/www.irdin.org.br\/site\/wp-json\/wp\/v2\/types\/product"}],"version-history":[{"count":1,"href":"https:\/\/www.irdin.org.br\/site\/wp-json\/wp\/v2\/product\/84536\/revisions"}],"predecessor-version":[{"id":107487,"href":"https:\/\/www.irdin.org.br\/site\/wp-json\/wp\/v2\/product\/84536\/revisions\/107487"}],"wp:featuredmedia":[{"embeddable":true,"href":"https:\/\/www.irdin.org.br\/site\/wp-json\/wp\/v2\/media\/37803"}],"wp:attachment":[{"href":"https:\/\/www.irdin.org.br\/site\/wp-json\/wp\/v2\/media?parent=84536"}],"wp:term":[{"taxonomy":"product_brand","embeddable":true,"href":"https:\/\/www.irdin.org.br\/site\/wp-json\/wp\/v2\/product_brand?post=84536"},{"taxonomy":"product_cat","embeddable":true,"href":"https:\/\/www.irdin.org.br\/site\/wp-json\/wp\/v2\/product_cat?post=84536"},{"taxonomy":"product_tag","embeddable":true,"href":"https:\/\/www.irdin.org.br\/site\/wp-json\/wp\/v2\/product_tag?post=84536"}],"curies":[{"name":"wp","href":"https:\/\/api.w.org\/{rel}","templated":true}]}}