{"id":84537,"date":"2018-04-26T18:39:57","date_gmt":"2018-04-26T18:39:57","guid":{"rendered":"http:\/\/www.irdin.org.br\/site\/produto\/rumo-a-maior-compreensao-da-vida\/"},"modified":"2024-09-23T03:37:35","modified_gmt":"2024-09-23T03:37:35","slug":"rumo-a-maior-compreensao-da-vida","status":"publish","type":"product","link":"https:\/\/www.irdin.org.br\/site\/produtos\/rumo-a-maior-compreensao-da-vida\/","title":{"rendered":"Rumo a maior compreens\u00e3o da vida"},"content":{"rendered":"<p><em>O caminho para a participa\u00e7\u00e3o consciente nos grupos internos de almas.<\/em><\/p>\n<p>&nbsp;<br \/>\n<strong>Ou\u00e7a agora:<\/strong><\/p>\n<p><span data-href=\"https:\/\/www.irdin.org.br\/site\/envios\/audios\/0014_0164__por_por__rumo_a_maior_compreensao_da_vida.mp3\" data-title=\"rumo a maior compreens\u00e3o da vida\" data-rel=\"\" data-target=\"\" data-meta=\"#fap-meta-69e21cf76409d\" class=\"fap-single-track fap-track-button fap-play-button\" data-enqueue=\"no\" data-autoenqueue=\"no\" title=\"rumo a maior compreens\u00e3o da vida\"><span class=\"fap-icon-play\"><\/span>Ouvir<\/span> <a href=\"https:\/\/www.irdin.org.br\/site\/envios\/audios\/0014_0164__por_por__rumo_a_maior_compreensao_da_vida.mp3\" class=\"baixar\" download><span class=\"fa fa-arrow-down\"><\/span>Baixar<\/span><\/a> <span class=\"textobaixar\"> rumo a maior compreens\u00e3o da vida<\/span><\/p>\n<p>&nbsp;<\/p>\n","protected":false},"excerpt":{"rendered":"<p>O caminho para a participa\u00e7\u00e3o consciente nos grupos internos de almas. &nbsp; Ou\u00e7a agora: Baixar rumo a maior compreens\u00e3o da<\/p>\n","protected":false},"featured_media":37803,"template":"","meta":{"_acf_changed":false},"product_brand":[],"product_cat":[18076,33068],"product_tag":[42375],"class_list":{"0":"post-84537","1":"product","2":"type-product","3":"status-publish","4":"has-post-thumbnail","6":"product_cat-cddvd","7":"product_cat-palestras","8":"product_tag-42375","9":"pa_autor-trigueirinho","10":"pa_codigo-da-serie-32103","11":"pa_codigo-externo-00140164porcd","12":"pa_data-de-gravacao-18827","13":"pa_duracao-47min16s","14":"pa_idioma-de-destino-portugues","15":"pa_idioma-de-origem-portugues","16":"pa_lancamento-no","17":"pa_midia-cd","18":"pa_moac-42374","19":"pa_quantidade-de-saldo-33067","20":"pa_sequencial-da-serie-32317","21":"pa_tipo-de-traducao-nao-classificado","23":"first","24":"outofstock","25":"product-type-simple"},"acf":[],"_links":{"self":[{"href":"https:\/\/www.irdin.org.br\/site\/wp-json\/wp\/v2\/product\/84537","targetHints":{"allow":["GET"]}}],"collection":[{"href":"https:\/\/www.irdin.org.br\/site\/wp-json\/wp\/v2\/product"}],"about":[{"href":"https:\/\/www.irdin.org.br\/site\/wp-json\/wp\/v2\/types\/product"}],"version-history":[{"count":1,"href":"https:\/\/www.irdin.org.br\/site\/wp-json\/wp\/v2\/product\/84537\/revisions"}],"predecessor-version":[{"id":107488,"href":"https:\/\/www.irdin.org.br\/site\/wp-json\/wp\/v2\/product\/84537\/revisions\/107488"}],"wp:featuredmedia":[{"embeddable":true,"href":"https:\/\/www.irdin.org.br\/site\/wp-json\/wp\/v2\/media\/37803"}],"wp:attachment":[{"href":"https:\/\/www.irdin.org.br\/site\/wp-json\/wp\/v2\/media?parent=84537"}],"wp:term":[{"taxonomy":"product_brand","embeddable":true,"href":"https:\/\/www.irdin.org.br\/site\/wp-json\/wp\/v2\/product_brand?post=84537"},{"taxonomy":"product_cat","embeddable":true,"href":"https:\/\/www.irdin.org.br\/site\/wp-json\/wp\/v2\/product_cat?post=84537"},{"taxonomy":"product_tag","embeddable":true,"href":"https:\/\/www.irdin.org.br\/site\/wp-json\/wp\/v2\/product_tag?post=84537"}],"curies":[{"name":"wp","href":"https:\/\/api.w.org\/{rel}","templated":true}]}}