{"id":84540,"date":"2018-04-26T18:40:20","date_gmt":"2018-04-26T18:40:20","guid":{"rendered":"http:\/\/www.irdin.org.br\/site\/produto\/o-novo-codigo-genetico-essa-presenca\/"},"modified":"2024-09-23T03:13:59","modified_gmt":"2024-09-23T03:13:59","slug":"o-novo-codigo-genetico-essa-presenca","status":"publish","type":"product","link":"https:\/\/www.irdin.org.br\/site\/produtos\/o-novo-codigo-genetico-essa-presenca\/","title":{"rendered":"O novo c\u00f3digo gen\u00e9tico, essa presen\u00e7a"},"content":{"rendered":"<p><em>Experi\u00eancias necess\u00e1rias para viver os novos tempos j\u00e1 chegados.<\/em><\/p>\n<p>&nbsp;<br \/>\n<strong>Ou\u00e7a agora:<\/strong><\/p>\n<p><span data-href=\"https:\/\/www.irdin.org.br\/site\/envios\/audios\/0014_0169__por_por__o_novo_codigo_genetico_essa_presenca.mp3\" data-title=\"o novo c\u00f3digo gen\u00e9tico, essa presen\u00e7a\" data-rel=\"\" data-target=\"\" data-meta=\"#fap-meta-69f725618fbc7\" class=\"fap-single-track fap-track-button fap-play-button\" data-enqueue=\"no\" data-autoenqueue=\"no\" title=\"o novo c\u00f3digo gen\u00e9tico, essa presen\u00e7a\"><span class=\"fap-icon-play\"><\/span>Ouvir<\/span> <a href=\"https:\/\/www.irdin.org.br\/site\/envios\/audios\/0014_0169__por_por__o_novo_codigo_genetico_essa_presenca.mp3\" class=\"baixar\" download><span class=\"fa fa-arrow-down\"><\/span>Baixar<\/span><\/a> <span class=\"textobaixar\"> o novo c\u00f3digo gen\u00e9tico, essa presen\u00e7a<\/span><\/p>\n<p>&nbsp;<\/p>\n","protected":false},"excerpt":{"rendered":"<p>Experi\u00eancias necess\u00e1rias para viver os novos tempos j\u00e1 chegados. &nbsp; Ou\u00e7a agora: Baixar o novo c\u00f3digo gen\u00e9tico, essa presen\u00e7a &nbsp;<\/p>\n","protected":false},"featured_media":37803,"template":"","meta":{"_acf_changed":false},"product_brand":[],"product_cat":[18076,33068],"product_tag":[42381],"class_list":{"0":"post-84540","1":"product","2":"type-product","3":"status-publish","4":"has-post-thumbnail","6":"product_cat-cddvd","7":"product_cat-palestras","8":"product_tag-42381","9":"pa_autor-trigueirinho","10":"pa_codigo-da-serie-32103","11":"pa_codigo-externo-00140169porcd","12":"pa_data-de-gravacao-18850","13":"pa_duracao-44min40s","14":"pa_idioma-de-destino-portugues","15":"pa_idioma-de-origem-portugues","16":"pa_lancamento-no","17":"pa_midia-cd","18":"pa_moac-42380","19":"pa_quantidade-de-saldo-33067","20":"pa_sequencial-da-serie-32327","21":"pa_tipo-de-traducao-nao-classificado","23":"first","24":"outofstock","25":"product-type-simple"},"acf":[],"_links":{"self":[{"href":"https:\/\/www.irdin.org.br\/site\/wp-json\/wp\/v2\/product\/84540","targetHints":{"allow":["GET"]}}],"collection":[{"href":"https:\/\/www.irdin.org.br\/site\/wp-json\/wp\/v2\/product"}],"about":[{"href":"https:\/\/www.irdin.org.br\/site\/wp-json\/wp\/v2\/types\/product"}],"version-history":[{"count":1,"href":"https:\/\/www.irdin.org.br\/site\/wp-json\/wp\/v2\/product\/84540\/revisions"}],"predecessor-version":[{"id":107451,"href":"https:\/\/www.irdin.org.br\/site\/wp-json\/wp\/v2\/product\/84540\/revisions\/107451"}],"wp:featuredmedia":[{"embeddable":true,"href":"https:\/\/www.irdin.org.br\/site\/wp-json\/wp\/v2\/media\/37803"}],"wp:attachment":[{"href":"https:\/\/www.irdin.org.br\/site\/wp-json\/wp\/v2\/media?parent=84540"}],"wp:term":[{"taxonomy":"product_brand","embeddable":true,"href":"https:\/\/www.irdin.org.br\/site\/wp-json\/wp\/v2\/product_brand?post=84540"},{"taxonomy":"product_cat","embeddable":true,"href":"https:\/\/www.irdin.org.br\/site\/wp-json\/wp\/v2\/product_cat?post=84540"},{"taxonomy":"product_tag","embeddable":true,"href":"https:\/\/www.irdin.org.br\/site\/wp-json\/wp\/v2\/product_tag?post=84540"}],"curies":[{"name":"wp","href":"https:\/\/api.w.org\/{rel}","templated":true}]}}