{"id":84547,"date":"2018-04-26T18:40:20","date_gmt":"2018-04-26T18:40:20","guid":{"rendered":"http:\/\/www.irdin.org.br\/site\/produto\/consciencia-monastica-e-saude\/"},"modified":"2024-09-23T03:15:37","modified_gmt":"2024-09-23T03:15:37","slug":"consciencia-monastica-e-saude","status":"publish","type":"product","link":"https:\/\/www.irdin.org.br\/site\/produtos\/consciencia-monastica-e-saude\/","title":{"rendered":"Consci\u00eancia mon\u00e1stica e sa\u00fade"},"content":{"rendered":"<p><em>O corpo \u00e9 o templo do esp\u00edrito, e cabe-nos cuidar bem dele como uma oferta.<\/em><\/p>\n<p>&nbsp;<br \/>\n<strong>Ou\u00e7a agora:<\/strong><\/p>\n<p><span data-href=\"https:\/\/www.irdin.org.br\/site\/envios\/audios\/0014_0173__por_por__consciencia_monastica_e_saude.mp3\" data-title=\"consci\u00eancia mon\u00e1stica e sa\u00fade\" data-rel=\"\" data-target=\"\" data-meta=\"#fap-meta-69e3636c0a6e9\" class=\"fap-single-track fap-track-button fap-play-button\" data-enqueue=\"no\" data-autoenqueue=\"no\" title=\"consci\u00eancia mon\u00e1stica e sa\u00fade\"><span class=\"fap-icon-play\"><\/span>Ouvir<\/span> <a href=\"https:\/\/www.irdin.org.br\/site\/envios\/audios\/0014_0173__por_por__consciencia_monastica_e_saude.mp3\" class=\"baixar\" download><span class=\"fa fa-arrow-down\"><\/span>Baixar<\/span><\/a> <span class=\"textobaixar\"> consci\u00eancia mon\u00e1stica e sa\u00fade<\/span><\/p>\n<p>&nbsp;<\/p>\n","protected":false},"excerpt":{"rendered":"<p>O corpo \u00e9 o templo do esp\u00edrito, e cabe-nos cuidar bem dele como uma oferta. &nbsp; Ou\u00e7a agora: Baixar consci\u00eancia<\/p>\n","protected":false},"featured_media":37803,"template":"","meta":{"_acf_changed":false},"product_brand":[],"product_cat":[18076,33068],"product_tag":[42395],"class_list":{"0":"post-84547","1":"product","2":"type-product","3":"status-publish","4":"has-post-thumbnail","6":"product_cat-cddvd","7":"product_cat-palestras","8":"product_tag-42395","9":"pa_autor-trigueirinho","10":"pa_codigo-da-serie-32103","11":"pa_codigo-externo-00140173porcd","12":"pa_data-de-gravacao-18876","13":"pa_duracao-42min","14":"pa_idioma-de-destino-portugues","15":"pa_idioma-de-origem-portugues","16":"pa_lancamento-no","17":"pa_midia-cd","18":"pa_moac-42394","19":"pa_quantidade-de-saldo-33067","20":"pa_sequencial-da-serie-32338","21":"pa_tipo-de-traducao-nao-classificado","23":"first","24":"outofstock","25":"product-type-simple"},"acf":[],"_links":{"self":[{"href":"https:\/\/www.irdin.org.br\/site\/wp-json\/wp\/v2\/product\/84547","targetHints":{"allow":["GET"]}}],"collection":[{"href":"https:\/\/www.irdin.org.br\/site\/wp-json\/wp\/v2\/product"}],"about":[{"href":"https:\/\/www.irdin.org.br\/site\/wp-json\/wp\/v2\/types\/product"}],"version-history":[{"count":1,"href":"https:\/\/www.irdin.org.br\/site\/wp-json\/wp\/v2\/product\/84547\/revisions"}],"predecessor-version":[{"id":107458,"href":"https:\/\/www.irdin.org.br\/site\/wp-json\/wp\/v2\/product\/84547\/revisions\/107458"}],"wp:featuredmedia":[{"embeddable":true,"href":"https:\/\/www.irdin.org.br\/site\/wp-json\/wp\/v2\/media\/37803"}],"wp:attachment":[{"href":"https:\/\/www.irdin.org.br\/site\/wp-json\/wp\/v2\/media?parent=84547"}],"wp:term":[{"taxonomy":"product_brand","embeddable":true,"href":"https:\/\/www.irdin.org.br\/site\/wp-json\/wp\/v2\/product_brand?post=84547"},{"taxonomy":"product_cat","embeddable":true,"href":"https:\/\/www.irdin.org.br\/site\/wp-json\/wp\/v2\/product_cat?post=84547"},{"taxonomy":"product_tag","embeddable":true,"href":"https:\/\/www.irdin.org.br\/site\/wp-json\/wp\/v2\/product_tag?post=84547"}],"curies":[{"name":"wp","href":"https:\/\/api.w.org\/{rel}","templated":true}]}}