{"id":84553,"date":"2018-04-26T18:40:20","date_gmt":"2018-04-26T18:40:20","guid":{"rendered":"http:\/\/www.irdin.org.br\/site\/produto\/a-evolucao-da-mente-do-corpo-e-do-sofrimento-e-reflexoes-sobre-iniciacao\/"},"modified":"2024-09-23T03:16:57","modified_gmt":"2024-09-23T03:16:57","slug":"a-evolucao-da-mente-do-corpo-e-do-sofrimento-e-reflexoes-sobre-iniciacao","status":"publish","type":"product","link":"https:\/\/www.irdin.org.br\/site\/produtos\/a-evolucao-da-mente-do-corpo-e-do-sofrimento-e-reflexoes-sobre-iniciacao\/","title":{"rendered":"A evolu\u00e7\u00e3o da mente, do corpo e do sofrimento e reflex\u00f5es sobre Inicia\u00e7\u00e3o"},"content":{"rendered":"<p><em>O despertar para outro tipo de mente, a harmonia ao tratar do corpo f\u00edsico e a amplia\u00e7\u00e3o do servi\u00e7o ao planeta.<\/em><\/p>\n<p>&nbsp;<br \/>\n<strong>Ou\u00e7a agora:<\/strong><\/p>\n<p><span data-href=\"https:\/\/www.irdin.org.br\/site\/envios\/audios\/0014_0179__por_por__a_evolucao_da_mente_do_corpo_e_do_sofrimento_e_reflexoes_sobre_iniciacao.mp3\" data-title=\"a evolu\u00e7\u00e3o da mente, do corpo e do sofrimento e reflex\u00f5es sobre inicia\u00e7\u00e3o\" data-rel=\"\" data-target=\"\" data-meta=\"#fap-meta-6a05480160054\" class=\"fap-single-track fap-track-button fap-play-button\" data-enqueue=\"no\" data-autoenqueue=\"no\" title=\"a evolu\u00e7\u00e3o da mente, do corpo e do sofrimento e reflex\u00f5es sobre inicia\u00e7\u00e3o\"><span class=\"fap-icon-play\"><\/span>Ouvir<\/span> <a href=\"https:\/\/www.irdin.org.br\/site\/envios\/audios\/0014_0179__por_por__a_evolucao_da_mente_do_corpo_e_do_sofrimento_e_reflexoes_sobre_iniciacao.mp3\" class=\"baixar\"><span class=\"fa fa-arrow-down\"><\/span>Baixar<\/span><\/a> <span class=\"textobaixar\"> a evolu\u00e7\u00e3o da mente, do corpo e do sofrimento e reflex\u00f5es sobre inicia\u00e7\u00e3o<\/span><\/p>\n<p>&nbsp;<\/p>\n","protected":false},"excerpt":{"rendered":"<p>O despertar para outro tipo de mente, a harmonia ao tratar do corpo f\u00edsico e a amplia\u00e7\u00e3o do servi\u00e7o ao<\/p>\n","protected":false},"featured_media":37803,"template":"","meta":{"_acf_changed":false},"product_brand":[],"product_cat":[18076,33068],"product_tag":[42407],"class_list":{"0":"post-84553","1":"product","2":"type-product","3":"status-publish","4":"has-post-thumbnail","6":"product_cat-cddvd","7":"product_cat-palestras","8":"product_tag-42407","9":"pa_autor-trigueirinho","10":"pa_codigo-da-serie-32103","11":"pa_codigo-externo-00140179porcd","12":"pa_data-de-gravacao-18904","13":"pa_duracao-40min26s","14":"pa_idioma-de-destino-portugues","15":"pa_idioma-de-origem-portugues","16":"pa_lancamento-no","17":"pa_midia-cd","18":"pa_moac-42406","19":"pa_quantidade-de-saldo-33067","20":"pa_sequencial-da-serie-32351","21":"pa_tipo-de-traducao-nao-classificado","23":"first","24":"outofstock","25":"product-type-simple"},"acf":[],"_links":{"self":[{"href":"https:\/\/www.irdin.org.br\/site\/wp-json\/wp\/v2\/product\/84553","targetHints":{"allow":["GET"]}}],"collection":[{"href":"https:\/\/www.irdin.org.br\/site\/wp-json\/wp\/v2\/product"}],"about":[{"href":"https:\/\/www.irdin.org.br\/site\/wp-json\/wp\/v2\/types\/product"}],"version-history":[{"count":1,"href":"https:\/\/www.irdin.org.br\/site\/wp-json\/wp\/v2\/product\/84553\/revisions"}],"predecessor-version":[{"id":107464,"href":"https:\/\/www.irdin.org.br\/site\/wp-json\/wp\/v2\/product\/84553\/revisions\/107464"}],"wp:featuredmedia":[{"embeddable":true,"href":"https:\/\/www.irdin.org.br\/site\/wp-json\/wp\/v2\/media\/37803"}],"wp:attachment":[{"href":"https:\/\/www.irdin.org.br\/site\/wp-json\/wp\/v2\/media?parent=84553"}],"wp:term":[{"taxonomy":"product_brand","embeddable":true,"href":"https:\/\/www.irdin.org.br\/site\/wp-json\/wp\/v2\/product_brand?post=84553"},{"taxonomy":"product_cat","embeddable":true,"href":"https:\/\/www.irdin.org.br\/site\/wp-json\/wp\/v2\/product_cat?post=84553"},{"taxonomy":"product_tag","embeddable":true,"href":"https:\/\/www.irdin.org.br\/site\/wp-json\/wp\/v2\/product_tag?post=84553"}],"curies":[{"name":"wp","href":"https:\/\/api.w.org\/{rel}","templated":true}]}}