{"id":84558,"date":"2018-04-26T18:40:42","date_gmt":"2018-04-26T18:40:42","guid":{"rendered":"http:\/\/www.irdin.org.br\/site\/produto\/nosotros-y-el-plan-evolutivo\/"},"modified":"2024-09-23T02:55:08","modified_gmt":"2024-09-23T02:55:08","slug":"nosotros-y-el-plan-evolutivo","status":"publish","type":"product","link":"https:\/\/www.irdin.org.br\/site\/produtos\/nosotros-y-el-plan-evolutivo\/","title":{"rendered":"Nosotros y el Plan Evolutivo"},"content":{"rendered":"<p><em>C\u00f3mo canalizar las energ\u00edas espirituales hacia todos los reinos de la naturaleza y comenzar a servir a otros mundos a medida que se ampl\u00edan nuestra comprensi\u00f3n y nuestra capacidad.<\/em><\/p>\n<p>&nbsp;<br \/>\n<strong>Ou\u00e7a agora:<\/strong><\/p>\n<p><span data-href=\"https:\/\/www.irdin.org.br\/site\/envios\/audios\/0014_0182__spa_spa__nosotros_y_el_plan_evolutivo.mp3\" data-title=\"nosotros y el plan evolutivo\" data-rel=\"\" data-target=\"\" data-meta=\"#fap-meta-69e3d05c355df\" class=\"fap-single-track fap-track-button fap-play-button\" data-enqueue=\"no\" data-autoenqueue=\"no\" title=\"nosotros y el plan evolutivo\"><span class=\"fap-icon-play\"><\/span>Ouvir<\/span> <a href=\"https:\/\/www.irdin.org.br\/site\/envios\/audios\/0014_0182__spa_spa__nosotros_y_el_plan_evolutivo.mp3\" class=\"baixar\" download><span class=\"fa fa-arrow-down\"><\/span>Baixar<\/span><\/a> <span class=\"textobaixar\"> nosotros y el plan evolutivo<\/span><\/p>\n<p>&nbsp;<\/p>\n","protected":false},"excerpt":{"rendered":"<p>C\u00f3mo canalizar las energ\u00edas espirituales hacia todos los reinos de la naturaleza y comenzar a servir a otros mundos a<\/p>\n","protected":false},"featured_media":37803,"template":"","meta":{"_acf_changed":false},"product_brand":[],"product_cat":[18076,33068],"product_tag":[42417],"class_list":{"0":"post-84558","1":"product","2":"type-product","3":"status-publish","4":"has-post-thumbnail","6":"product_cat-cddvd","7":"product_cat-palestras","8":"product_tag-42417","9":"pa_autor-trigueirinho","10":"pa_codigo-da-serie-32103","11":"pa_codigo-externo-00140182spacd","12":"pa_data-de-gravacao-18919","13":"pa_duracao-38-min","14":"pa_idioma-de-destino-espanhol","15":"pa_idioma-de-origem-portugues","16":"pa_lancamento-no","17":"pa_midia-cd","18":"pa_moac-42416","19":"pa_quantidade-de-saldo-33067","20":"pa_sequencial-da-serie-32357","21":"pa_tipo-de-traducao-nao-classificado","23":"first","24":"outofstock","25":"product-type-simple"},"acf":[],"_links":{"self":[{"href":"https:\/\/www.irdin.org.br\/site\/wp-json\/wp\/v2\/product\/84558","targetHints":{"allow":["GET"]}}],"collection":[{"href":"https:\/\/www.irdin.org.br\/site\/wp-json\/wp\/v2\/product"}],"about":[{"href":"https:\/\/www.irdin.org.br\/site\/wp-json\/wp\/v2\/types\/product"}],"version-history":[{"count":1,"href":"https:\/\/www.irdin.org.br\/site\/wp-json\/wp\/v2\/product\/84558\/revisions"}],"predecessor-version":[{"id":107429,"href":"https:\/\/www.irdin.org.br\/site\/wp-json\/wp\/v2\/product\/84558\/revisions\/107429"}],"wp:featuredmedia":[{"embeddable":true,"href":"https:\/\/www.irdin.org.br\/site\/wp-json\/wp\/v2\/media\/37803"}],"wp:attachment":[{"href":"https:\/\/www.irdin.org.br\/site\/wp-json\/wp\/v2\/media?parent=84558"}],"wp:term":[{"taxonomy":"product_brand","embeddable":true,"href":"https:\/\/www.irdin.org.br\/site\/wp-json\/wp\/v2\/product_brand?post=84558"},{"taxonomy":"product_cat","embeddable":true,"href":"https:\/\/www.irdin.org.br\/site\/wp-json\/wp\/v2\/product_cat?post=84558"},{"taxonomy":"product_tag","embeddable":true,"href":"https:\/\/www.irdin.org.br\/site\/wp-json\/wp\/v2\/product_tag?post=84558"}],"curies":[{"name":"wp","href":"https:\/\/api.w.org\/{rel}","templated":true}]}}