{"id":84559,"date":"2018-04-26T18:40:42","date_gmt":"2018-04-26T18:40:42","guid":{"rendered":"http:\/\/www.irdin.org.br\/site\/produto\/oracao-reencarnacao-e-repeticao-de-experiencias\/"},"modified":"2024-09-23T02:55:16","modified_gmt":"2024-09-23T02:55:16","slug":"oracao-reencarnacao-e-repeticao-de-experiencias","status":"publish","type":"product","link":"https:\/\/www.irdin.org.br\/site\/produtos\/oracao-reencarnacao-e-repeticao-de-experiencias\/","title":{"rendered":"Ora\u00e7\u00e3o, reencarna\u00e7\u00e3o e repeti\u00e7\u00e3o de experi\u00eancias"},"content":{"rendered":"<p><em>O reconhecimento de nossa ess\u00eancia profunda, a libera\u00e7\u00e3o da lei da reencarna\u00e7\u00e3o e a sintonia com aspectos superiores da lei do carma.<\/em><\/p>\n<p>&nbsp;<br \/>\n<strong>Ou\u00e7a agora:<\/strong><\/p>\n<p><span data-href=\"https:\/\/www.irdin.org.br\/site\/envios\/audios\/0014_0183__por_por__oracao_reencarnacao_e_repeticao_de_experiencias.mp3\" data-title=\"ora\u00e7\u00e3o, reencarna\u00e7\u00e3o e repeti\u00e7\u00e3o de experi\u00eancias\" data-rel=\"\" data-target=\"\" data-meta=\"#fap-meta-6a01d2728ae6f\" class=\"fap-single-track fap-track-button fap-play-button\" data-enqueue=\"no\" data-autoenqueue=\"no\" title=\"ora\u00e7\u00e3o, reencarna\u00e7\u00e3o e repeti\u00e7\u00e3o de experi\u00eancias\"><span class=\"fap-icon-play\"><\/span>Ouvir<\/span> <a href=\"https:\/\/www.irdin.org.br\/site\/envios\/audios\/0014_0183__por_por__oracao_reencarnacao_e_repeticao_de_experiencias.mp3\" class=\"baixar\" download><span class=\"fa fa-arrow-down\"><\/span>Baixar<\/span><\/a> <span class=\"textobaixar\"> ora\u00e7\u00e3o, reencarna\u00e7\u00e3o e repeti\u00e7\u00e3o de experi\u00eancias<\/span><\/p>\n<p>&nbsp;<\/p>\n","protected":false},"excerpt":{"rendered":"<p>O reconhecimento de nossa ess\u00eancia profunda, a libera\u00e7\u00e3o da lei da reencarna\u00e7\u00e3o e a sintonia com aspectos superiores da lei<\/p>\n","protected":false},"featured_media":37803,"template":"","meta":{"_acf_changed":false},"product_brand":[],"product_cat":[18076,33068],"product_tag":[42419],"class_list":{"0":"post-84559","1":"product","2":"type-product","3":"status-publish","4":"has-post-thumbnail","6":"product_cat-cddvd","7":"product_cat-palestras","8":"product_tag-42419","9":"pa_autor-trigueirinho","10":"pa_codigo-da-serie-32103","11":"pa_codigo-externo-00140183porcd","12":"pa_data-de-gravacao-18927","13":"pa_duracao-37min","14":"pa_idioma-de-destino-portugues","15":"pa_idioma-de-origem-portugues","16":"pa_lancamento-no","17":"pa_midia-cd","18":"pa_moac-42418","19":"pa_quantidade-de-saldo-33067","20":"pa_sequencial-da-serie-32360","21":"pa_tipo-de-traducao-nao-classificado","23":"first","24":"outofstock","25":"product-type-simple"},"acf":[],"_links":{"self":[{"href":"https:\/\/www.irdin.org.br\/site\/wp-json\/wp\/v2\/product\/84559","targetHints":{"allow":["GET"]}}],"collection":[{"href":"https:\/\/www.irdin.org.br\/site\/wp-json\/wp\/v2\/product"}],"about":[{"href":"https:\/\/www.irdin.org.br\/site\/wp-json\/wp\/v2\/types\/product"}],"version-history":[{"count":1,"href":"https:\/\/www.irdin.org.br\/site\/wp-json\/wp\/v2\/product\/84559\/revisions"}],"predecessor-version":[{"id":107430,"href":"https:\/\/www.irdin.org.br\/site\/wp-json\/wp\/v2\/product\/84559\/revisions\/107430"}],"wp:featuredmedia":[{"embeddable":true,"href":"https:\/\/www.irdin.org.br\/site\/wp-json\/wp\/v2\/media\/37803"}],"wp:attachment":[{"href":"https:\/\/www.irdin.org.br\/site\/wp-json\/wp\/v2\/media?parent=84559"}],"wp:term":[{"taxonomy":"product_brand","embeddable":true,"href":"https:\/\/www.irdin.org.br\/site\/wp-json\/wp\/v2\/product_brand?post=84559"},{"taxonomy":"product_cat","embeddable":true,"href":"https:\/\/www.irdin.org.br\/site\/wp-json\/wp\/v2\/product_cat?post=84559"},{"taxonomy":"product_tag","embeddable":true,"href":"https:\/\/www.irdin.org.br\/site\/wp-json\/wp\/v2\/product_tag?post=84559"}],"curies":[{"name":"wp","href":"https:\/\/api.w.org\/{rel}","templated":true}]}}