{"id":84566,"date":"2018-04-26T18:40:42","date_gmt":"2018-04-26T18:40:42","guid":{"rendered":"http:\/\/www.irdin.org.br\/site\/produto\/sermos-os-raios\/"},"modified":"2024-09-23T02:56:23","modified_gmt":"2024-09-23T02:56:23","slug":"sermos-os-raios","status":"publish","type":"product","link":"https:\/\/www.irdin.org.br\/site\/produtos\/sermos-os-raios\/","title":{"rendered":"Sermos os raios"},"content":{"rendered":"<p><em>Os raios, como energias e como leis, realizam em n\u00f3s o prop\u00f3sito da manifesta\u00e7\u00e3o e plasmam novos padr\u00f5es de vida de acordo com o Plano Evolutivo.<\/em><\/p>\n<p>&nbsp;<br \/>\n<strong>Ou\u00e7a agora:<\/strong><\/p>\n<p><span data-href=\"https:\/\/www.irdin.org.br\/site\/envios\/audios\/0014_0189__por_por__sermos_os_raios_parte_1_sermos_os_raios_parte_2.mp3\" data-title=\"sermos os raios - parte 1 | sermos os raios - parte 2\" data-rel=\"\" data-target=\"\" data-meta=\"#fap-meta-69feb383882e8\" class=\"fap-single-track fap-track-button fap-play-button\" data-enqueue=\"no\" data-autoenqueue=\"no\" title=\"sermos os raios - parte 1 | sermos os raios - parte 2\"><span class=\"fap-icon-play\"><\/span>Ouvir<\/span> <a href=\"https:\/\/www.irdin.org.br\/site\/envios\/audios\/0014_0189__por_por__sermos_os_raios_parte_1_sermos_os_raios_parte_2.mp3\" class=\"baixar\" download><span class=\"fa fa-arrow-down\"><\/span>Baixar<\/span><\/a> <span class=\"textobaixar\"> sermos os raios &#8211; parte 1 | sermos os raios &#8211; parte 2<\/span><\/p>\n<p>&nbsp;<\/p>\n","protected":false},"excerpt":{"rendered":"<p>Os raios, como energias e como leis, realizam em n\u00f3s o prop\u00f3sito da manifesta\u00e7\u00e3o e plasmam novos padr\u00f5es de vida<\/p>\n","protected":false},"featured_media":37803,"template":"","meta":{"_acf_changed":false},"product_brand":[],"product_cat":[18076,33068],"product_tag":[42433],"class_list":{"0":"post-84566","1":"product","2":"type-product","3":"status-publish","4":"has-post-thumbnail","6":"product_cat-cddvd","7":"product_cat-palestras","8":"product_tag-42433","9":"pa_autor-trigueirinho","10":"pa_codigo-da-serie-32103","11":"pa_codigo-externo-00140189porcd","12":"pa_data-de-gravacao-18951","13":"pa_duracao-75min24s","14":"pa_idioma-de-destino-portugues","15":"pa_idioma-de-origem-portugues","16":"pa_lancamento-no","17":"pa_midia-cd","18":"pa_moac-42432","19":"pa_quantidade-de-saldo-33067","20":"pa_sequencial-da-serie-32373","21":"pa_tipo-de-traducao-nao-classificado","23":"first","24":"outofstock","25":"product-type-simple"},"acf":[],"_links":{"self":[{"href":"https:\/\/www.irdin.org.br\/site\/wp-json\/wp\/v2\/product\/84566","targetHints":{"allow":["GET"]}}],"collection":[{"href":"https:\/\/www.irdin.org.br\/site\/wp-json\/wp\/v2\/product"}],"about":[{"href":"https:\/\/www.irdin.org.br\/site\/wp-json\/wp\/v2\/types\/product"}],"version-history":[{"count":1,"href":"https:\/\/www.irdin.org.br\/site\/wp-json\/wp\/v2\/product\/84566\/revisions"}],"predecessor-version":[{"id":107437,"href":"https:\/\/www.irdin.org.br\/site\/wp-json\/wp\/v2\/product\/84566\/revisions\/107437"}],"wp:featuredmedia":[{"embeddable":true,"href":"https:\/\/www.irdin.org.br\/site\/wp-json\/wp\/v2\/media\/37803"}],"wp:attachment":[{"href":"https:\/\/www.irdin.org.br\/site\/wp-json\/wp\/v2\/media?parent=84566"}],"wp:term":[{"taxonomy":"product_brand","embeddable":true,"href":"https:\/\/www.irdin.org.br\/site\/wp-json\/wp\/v2\/product_brand?post=84566"},{"taxonomy":"product_cat","embeddable":true,"href":"https:\/\/www.irdin.org.br\/site\/wp-json\/wp\/v2\/product_cat?post=84566"},{"taxonomy":"product_tag","embeddable":true,"href":"https:\/\/www.irdin.org.br\/site\/wp-json\/wp\/v2\/product_tag?post=84566"}],"curies":[{"name":"wp","href":"https:\/\/api.w.org\/{rel}","templated":true}]}}