{"id":84577,"date":"2018-04-26T18:40:42","date_gmt":"2018-04-26T18:40:42","guid":{"rendered":"http:\/\/www.irdin.org.br\/site\/produto\/nous-sommes-une-partie-du-cosmos\/"},"modified":"2024-09-23T02:58:09","modified_gmt":"2024-09-23T02:58:09","slug":"nous-sommes-une-partie-du-cosmos","status":"publish","type":"product","link":"https:\/\/www.irdin.org.br\/site\/produtos\/nous-sommes-une-partie-du-cosmos\/","title":{"rendered":"Nous Sommes une Partie du Cosmos"},"content":{"rendered":"<p><em>Rechercher, continuellement, la raison pour laquelle nous avons \u00e9t\u00e9 cr\u00e9\u00e9s. Unifier en nous l\u00b4\u00e9nergie de la volont\u00e9.<\/em><\/p>\n<p><strong>Ou\u00e7a agora:<\/strong><\/p>\n<p><span data-href=\"https:\/\/www.irdin.org.br\/site\/envios\/audios\/0014_0194__por_fra__nous_sommes_une_partie_du_cosmos.mp3\" data-title=\"nous sommes une partie du cosmos\" data-rel=\"\" data-target=\"\" data-meta=\"#fap-meta-69ff9aef1ef4a\" class=\"fap-single-track fap-track-button fap-play-button\" data-enqueue=\"no\" data-autoenqueue=\"no\" title=\"nous sommes une partie du cosmos\"><span class=\"fap-icon-play\"><\/span>Ouvir<\/span> <a class=\"baixar\" href=\"https:\/\/www.irdin.org.br\/site\/envios\/audios\/0014_0194__por_fra__nous_sommes_une_partie_du_cosmos.mp3\" download=\"\">Baixar<\/a> <span class=\"textobaixar\"> nous sommes une partie du cosmos<\/span><\/p>\n<p>&nbsp;<\/p>\n","protected":false},"excerpt":{"rendered":"<p>Rechercher, continuellement, la raison pour laquelle nous avons \u00e9t\u00e9 cr\u00e9\u00e9s. Unifier en nous l\u00b4\u00e9nergie de la volont\u00e9. Ou\u00e7a agora: Baixar<\/p>\n","protected":false},"featured_media":37803,"template":"","meta":{"_acf_changed":false},"product_brand":[],"product_cat":[18076,33068],"product_tag":[42455],"class_list":{"0":"post-84577","1":"product","2":"type-product","3":"status-publish","4":"has-post-thumbnail","6":"product_cat-cddvd","7":"product_cat-palestras","8":"product_tag-42455","9":"pa_autor-trigueirinho","10":"pa_codigo-da-serie-32103","11":"pa_codigo-externo-00140194frafracd","12":"pa_data-de-gravacao-18993","13":"pa_duracao-52-min","14":"pa_idioma-de-destino-frances","15":"pa_idioma-de-origem-portugues","16":"pa_lancamento-no","17":"pa_midia-cd","18":"pa_moac-42454","19":"pa_quantidade-de-saldo-33067","20":"pa_sequencial-da-serie-32392","21":"pa_tipo-de-traducao-nao-classificado","23":"first","24":"outofstock","25":"product-type-simple"},"acf":[],"_links":{"self":[{"href":"https:\/\/www.irdin.org.br\/site\/wp-json\/wp\/v2\/product\/84577","targetHints":{"allow":["GET"]}}],"collection":[{"href":"https:\/\/www.irdin.org.br\/site\/wp-json\/wp\/v2\/product"}],"about":[{"href":"https:\/\/www.irdin.org.br\/site\/wp-json\/wp\/v2\/types\/product"}],"version-history":[{"count":2,"href":"https:\/\/www.irdin.org.br\/site\/wp-json\/wp\/v2\/product\/84577\/revisions"}],"predecessor-version":[{"id":107448,"href":"https:\/\/www.irdin.org.br\/site\/wp-json\/wp\/v2\/product\/84577\/revisions\/107448"}],"wp:featuredmedia":[{"embeddable":true,"href":"https:\/\/www.irdin.org.br\/site\/wp-json\/wp\/v2\/media\/37803"}],"wp:attachment":[{"href":"https:\/\/www.irdin.org.br\/site\/wp-json\/wp\/v2\/media?parent=84577"}],"wp:term":[{"taxonomy":"product_brand","embeddable":true,"href":"https:\/\/www.irdin.org.br\/site\/wp-json\/wp\/v2\/product_brand?post=84577"},{"taxonomy":"product_cat","embeddable":true,"href":"https:\/\/www.irdin.org.br\/site\/wp-json\/wp\/v2\/product_cat?post=84577"},{"taxonomy":"product_tag","embeddable":true,"href":"https:\/\/www.irdin.org.br\/site\/wp-json\/wp\/v2\/product_tag?post=84577"}],"curies":[{"name":"wp","href":"https:\/\/api.w.org\/{rel}","templated":true}]}}