{"id":84581,"date":"2018-04-26T18:41:04","date_gmt":"2018-04-26T18:41:04","guid":{"rendered":"http:\/\/www.irdin.org.br\/site\/produto\/o-caminho-para-coligacoes-internas-a-lei-da-neutralidade\/"},"modified":"2024-09-23T02:34:00","modified_gmt":"2024-09-23T02:34:00","slug":"o-caminho-para-coligacoes-internas-a-lei-da-neutralidade","status":"publish","type":"product","link":"https:\/\/www.irdin.org.br\/site\/produtos\/o-caminho-para-coligacoes-internas-a-lei-da-neutralidade\/","title":{"rendered":"O caminho para coliga\u00e7\u00f5es internas &#8211; A lei da neutralidade"},"content":{"rendered":"<p><em>As sucessivas fases do percurso para o encontro da presen\u00e7a divina na vida de servi\u00e7o e na vida de ora\u00e7\u00e3o.<\/em><\/p>\n<p>&nbsp;<br \/>\n<strong>Ou\u00e7a agora:<\/strong><\/p>\n<p><span data-href=\"https:\/\/www.irdin.org.br\/site\/envios\/audios\/0014_0195__por_por__o_caminho_para_coligacoes_internas.mp3\" data-title=\"o caminho para coliga\u00e7\u00f5es internas - a lei da neutralidade\" data-rel=\"\" data-target=\"\" data-meta=\"#fap-meta-69e9f52990c34\" class=\"fap-single-track fap-track-button fap-play-button\" data-enqueue=\"no\" data-autoenqueue=\"no\" title=\"o caminho para coliga\u00e7\u00f5es internas - a lei da neutralidade\"><span class=\"fap-icon-play\"><\/span>Ouvir<\/span> <a href=\"https:\/\/www.irdin.org.br\/site\/envios\/audios\/0014_0195__por_por__o_caminho_para_coligacoes_internas.mp3\" class=\"baixar\" download><span class=\"fa fa-arrow-down\"><\/span>Baixar<\/span><\/a> <span class=\"textobaixar\"> o caminho para coliga\u00e7\u00f5es internas &#8211; a lei da neutralidade<\/span><\/p>\n<p>&nbsp;<\/p>\n","protected":false},"excerpt":{"rendered":"<p>As sucessivas fases do percurso para o encontro da presen\u00e7a divina na vida de servi\u00e7o e na vida de ora\u00e7\u00e3o.<\/p>\n","protected":false},"featured_media":37803,"template":"","meta":{"_acf_changed":false},"product_brand":[],"product_cat":[18076,33068],"product_tag":[42463],"class_list":{"0":"post-84581","1":"product","2":"type-product","3":"status-publish","4":"has-post-thumbnail","6":"product_cat-cddvd","7":"product_cat-palestras","8":"product_tag-42463","9":"pa_autor-trigueirinho","10":"pa_codigo-da-serie-32103","11":"pa_codigo-externo-00140195porcd","12":"pa_data-de-gravacao-19004","13":"pa_duracao-43min55s","14":"pa_idioma-de-destino-portugues","15":"pa_idioma-de-origem-portugues","16":"pa_lancamento-no","17":"pa_midia-cd","18":"pa_moac-42462","19":"pa_quantidade-de-saldo-33067","20":"pa_sequencial-da-serie-32397","21":"pa_tipo-de-traducao-nao-classificado","23":"first","24":"outofstock","25":"product-type-simple"},"acf":[],"_links":{"self":[{"href":"https:\/\/www.irdin.org.br\/site\/wp-json\/wp\/v2\/product\/84581","targetHints":{"allow":["GET"]}}],"collection":[{"href":"https:\/\/www.irdin.org.br\/site\/wp-json\/wp\/v2\/product"}],"about":[{"href":"https:\/\/www.irdin.org.br\/site\/wp-json\/wp\/v2\/types\/product"}],"version-history":[{"count":1,"href":"https:\/\/www.irdin.org.br\/site\/wp-json\/wp\/v2\/product\/84581\/revisions"}],"predecessor-version":[{"id":107412,"href":"https:\/\/www.irdin.org.br\/site\/wp-json\/wp\/v2\/product\/84581\/revisions\/107412"}],"wp:featuredmedia":[{"embeddable":true,"href":"https:\/\/www.irdin.org.br\/site\/wp-json\/wp\/v2\/media\/37803"}],"wp:attachment":[{"href":"https:\/\/www.irdin.org.br\/site\/wp-json\/wp\/v2\/media?parent=84581"}],"wp:term":[{"taxonomy":"product_brand","embeddable":true,"href":"https:\/\/www.irdin.org.br\/site\/wp-json\/wp\/v2\/product_brand?post=84581"},{"taxonomy":"product_cat","embeddable":true,"href":"https:\/\/www.irdin.org.br\/site\/wp-json\/wp\/v2\/product_cat?post=84581"},{"taxonomy":"product_tag","embeddable":true,"href":"https:\/\/www.irdin.org.br\/site\/wp-json\/wp\/v2\/product_tag?post=84581"}],"curies":[{"name":"wp","href":"https:\/\/api.w.org\/{rel}","templated":true}]}}