{"id":84590,"date":"2018-04-26T18:41:04","date_gmt":"2018-04-26T18:41:04","guid":{"rendered":"http:\/\/www.irdin.org.br\/site\/produto\/mente-consciencia-biografias\/"},"modified":"2024-09-23T02:35:30","modified_gmt":"2024-09-23T02:35:30","slug":"mente-consciencia-biografias","status":"publish","type":"product","link":"https:\/\/www.irdin.org.br\/site\/produtos\/mente-consciencia-biografias\/","title":{"rendered":"Mente, consci\u00eancia, biografias"},"content":{"rendered":"<p><em>Pelo amor aos reinos da natureza come\u00e7amos a contatar o esp\u00edrito planet\u00e1rio em expans\u00e3o.<\/em><\/p>\n<p>&nbsp;<br \/>\n<strong>Ou\u00e7a agora:<\/strong><\/p>\n<p><span data-href=\"https:\/\/www.irdin.org.br\/site\/envios\/audios\/0014_0204__por_por__mente_consciencia_biografias.mp3\" data-title=\"mente, consci\u00eancia, biografias\" data-rel=\"\" data-target=\"\" data-meta=\"#fap-meta-69e302fe587b5\" class=\"fap-single-track fap-track-button fap-play-button\" data-enqueue=\"no\" data-autoenqueue=\"no\" title=\"mente, consci\u00eancia, biografias\"><span class=\"fap-icon-play\"><\/span>Ouvir<\/span> <a href=\"https:\/\/www.irdin.org.br\/site\/envios\/audios\/0014_0204__por_por__mente_consciencia_biografias.mp3\" class=\"baixar\" download><span class=\"fa fa-arrow-down\"><\/span>Baixar<\/span><\/a> <span class=\"textobaixar\"> mente, consci\u00eancia, biografias<\/span><\/p>\n<p>&nbsp;<\/p>\n","protected":false},"excerpt":{"rendered":"<p>Pelo amor aos reinos da natureza come\u00e7amos a contatar o esp\u00edrito planet\u00e1rio em expans\u00e3o. &nbsp; Ou\u00e7a agora: Baixar mente, consci\u00eancia,<\/p>\n","protected":false},"featured_media":37803,"template":"","meta":{"_acf_changed":false},"product_brand":[],"product_cat":[18076,33068],"product_tag":[42481],"class_list":{"0":"post-84590","1":"product","2":"type-product","3":"status-publish","4":"has-post-thumbnail","6":"product_cat-cddvd","7":"product_cat-palestras","8":"product_tag-42481","9":"pa_autor-trigueirinho","10":"pa_codigo-da-serie-32103","11":"pa_codigo-externo-00140204porcd","12":"pa_data-de-gravacao-19053","13":"pa_duracao-43min49s","14":"pa_idioma-de-destino-portugues","15":"pa_idioma-de-origem-portugues","16":"pa_lancamento-no","17":"pa_midia-cd","18":"pa_moac-42480","19":"pa_quantidade-de-saldo-33067","20":"pa_sequencial-da-serie-32417","21":"pa_tipo-de-traducao-nao-classificado","23":"first","24":"outofstock","25":"product-type-simple"},"acf":[],"_links":{"self":[{"href":"https:\/\/www.irdin.org.br\/site\/wp-json\/wp\/v2\/product\/84590","targetHints":{"allow":["GET"]}}],"collection":[{"href":"https:\/\/www.irdin.org.br\/site\/wp-json\/wp\/v2\/product"}],"about":[{"href":"https:\/\/www.irdin.org.br\/site\/wp-json\/wp\/v2\/types\/product"}],"version-history":[{"count":1,"href":"https:\/\/www.irdin.org.br\/site\/wp-json\/wp\/v2\/product\/84590\/revisions"}],"predecessor-version":[{"id":107421,"href":"https:\/\/www.irdin.org.br\/site\/wp-json\/wp\/v2\/product\/84590\/revisions\/107421"}],"wp:featuredmedia":[{"embeddable":true,"href":"https:\/\/www.irdin.org.br\/site\/wp-json\/wp\/v2\/media\/37803"}],"wp:attachment":[{"href":"https:\/\/www.irdin.org.br\/site\/wp-json\/wp\/v2\/media?parent=84590"}],"wp:term":[{"taxonomy":"product_brand","embeddable":true,"href":"https:\/\/www.irdin.org.br\/site\/wp-json\/wp\/v2\/product_brand?post=84590"},{"taxonomy":"product_cat","embeddable":true,"href":"https:\/\/www.irdin.org.br\/site\/wp-json\/wp\/v2\/product_cat?post=84590"},{"taxonomy":"product_tag","embeddable":true,"href":"https:\/\/www.irdin.org.br\/site\/wp-json\/wp\/v2\/product_tag?post=84590"}],"curies":[{"name":"wp","href":"https:\/\/api.w.org\/{rel}","templated":true}]}}