{"id":84591,"date":"2018-04-26T18:41:04","date_gmt":"2018-04-26T18:41:04","guid":{"rendered":"http:\/\/www.irdin.org.br\/site\/produto\/uma-nova-visao-de-monada\/"},"modified":"2024-09-23T02:35:49","modified_gmt":"2024-09-23T02:35:49","slug":"uma-nova-visao-de-monada","status":"publish","type":"product","link":"https:\/\/www.irdin.org.br\/site\/produtos\/uma-nova-visao-de-monada\/","title":{"rendered":"Uma nova vis\u00e3o de m\u00f4nada"},"content":{"rendered":"<p><em>Nossa m\u00f4nada \u00e9 indestrut\u00edvel e, se nos entregarmos \u00e0 sua energia, descobriremos que a vontade que ela representa \u00e9 a da pr\u00f3pria divindade.<\/em><\/p>\n<p>&nbsp;<br \/>\n<strong>Ou\u00e7a agora:<\/strong><\/p>\n<p><span data-href=\"https:\/\/www.irdin.org.br\/site\/envios\/audios\/0014_0206__por_por__uma_nova_visao_de_monada.mp3\" data-title=\"uma nova vis\u00e3o de m\u00f4nada\" data-rel=\"\" data-target=\"\" data-meta=\"#fap-meta-69e2f3b8bcd3f\" class=\"fap-single-track fap-track-button fap-play-button\" data-enqueue=\"no\" data-autoenqueue=\"no\" title=\"uma nova vis\u00e3o de m\u00f4nada\"><span class=\"fap-icon-play\"><\/span>Ouvir<\/span> <a href=\"https:\/\/www.irdin.org.br\/site\/envios\/audios\/0014_0206__por_por__uma_nova_visao_de_monada.mp3\" class=\"baixar\" download><span class=\"fa fa-arrow-down\"><\/span>Baixar<\/span><\/a> <span class=\"textobaixar\"> uma nova vis\u00e3o de m\u00f4nada<\/span><\/p>\n<p>&nbsp;<\/p>\n","protected":false},"excerpt":{"rendered":"<p>Nossa m\u00f4nada \u00e9 indestrut\u00edvel e, se nos entregarmos \u00e0 sua energia, descobriremos que a vontade que ela representa \u00e9 a<\/p>\n","protected":false},"featured_media":37803,"template":"","meta":{"_acf_changed":false},"product_brand":[],"product_cat":[18076,33068],"product_tag":[42483],"class_list":{"0":"post-84591","1":"product","2":"type-product","3":"status-publish","4":"has-post-thumbnail","6":"product_cat-cddvd","7":"product_cat-palestras","8":"product_tag-42483","9":"pa_autor-trigueirinho","10":"pa_codigo-da-serie-32103","11":"pa_codigo-externo-00140206porcd","12":"pa_data-de-gravacao-19062","13":"pa_duracao-30min","14":"pa_idioma-de-destino-portugues","15":"pa_idioma-de-origem-portugues","16":"pa_lancamento-no","17":"pa_midia-cd","18":"pa_moac-42482","19":"pa_quantidade-de-saldo-33067","20":"pa_sequencial-da-serie-32421","21":"pa_tipo-de-traducao-nao-classificado","23":"first","24":"outofstock","25":"product-type-simple"},"acf":[],"_links":{"self":[{"href":"https:\/\/www.irdin.org.br\/site\/wp-json\/wp\/v2\/product\/84591","targetHints":{"allow":["GET"]}}],"collection":[{"href":"https:\/\/www.irdin.org.br\/site\/wp-json\/wp\/v2\/product"}],"about":[{"href":"https:\/\/www.irdin.org.br\/site\/wp-json\/wp\/v2\/types\/product"}],"version-history":[{"count":1,"href":"https:\/\/www.irdin.org.br\/site\/wp-json\/wp\/v2\/product\/84591\/revisions"}],"predecessor-version":[{"id":107422,"href":"https:\/\/www.irdin.org.br\/site\/wp-json\/wp\/v2\/product\/84591\/revisions\/107422"}],"wp:featuredmedia":[{"embeddable":true,"href":"https:\/\/www.irdin.org.br\/site\/wp-json\/wp\/v2\/media\/37803"}],"wp:attachment":[{"href":"https:\/\/www.irdin.org.br\/site\/wp-json\/wp\/v2\/media?parent=84591"}],"wp:term":[{"taxonomy":"product_brand","embeddable":true,"href":"https:\/\/www.irdin.org.br\/site\/wp-json\/wp\/v2\/product_brand?post=84591"},{"taxonomy":"product_cat","embeddable":true,"href":"https:\/\/www.irdin.org.br\/site\/wp-json\/wp\/v2\/product_cat?post=84591"},{"taxonomy":"product_tag","embeddable":true,"href":"https:\/\/www.irdin.org.br\/site\/wp-json\/wp\/v2\/product_tag?post=84591"}],"curies":[{"name":"wp","href":"https:\/\/api.w.org\/{rel}","templated":true}]}}