{"id":84597,"date":"2018-04-26T18:41:04","date_gmt":"2018-04-26T18:41:04","guid":{"rendered":"http:\/\/www.irdin.org.br\/site\/produto\/ajustes-de-ideias\/"},"modified":"2024-09-23T02:36:50","modified_gmt":"2024-09-23T02:36:50","slug":"ajustes-de-ideias","status":"publish","type":"product","link":"https:\/\/www.irdin.org.br\/site\/produtos\/ajustes-de-ideias\/","title":{"rendered":"Ajustes de ideias"},"content":{"rendered":"<p><em>Como estar diante do tempo material vislumbrando a realidade al\u00e9m dele. A import\u00e2ncia da cont\u00ednua, viva e crescente aspira\u00e7\u00e3o que nos aproxima do que \u00e9 superior e invis\u00edvel.<\/em><\/p>\n<p>&nbsp;<br \/>\n<strong>Ou\u00e7a agora:<\/strong><\/p>\n<p><span data-href=\"https:\/\/www.irdin.org.br\/site\/envios\/audios\/0014_0211__por_por__ajustes_de_ideias.mp3\" data-title=\"ajustes de ideias\" data-rel=\"\" data-target=\"\" data-meta=\"#fap-meta-69e209980ae59\" class=\"fap-single-track fap-track-button fap-play-button\" data-enqueue=\"no\" data-autoenqueue=\"no\" title=\"ajustes de ideias\"><span class=\"fap-icon-play\"><\/span>Ouvir<\/span> <a href=\"https:\/\/www.irdin.org.br\/site\/envios\/audios\/0014_0211__por_por__ajustes_de_ideias.mp3\" class=\"baixar\" download><span class=\"fa fa-arrow-down\"><\/span>Baixar<\/span><\/a> <span class=\"textobaixar\"> ajustes de ideias<\/span><\/p>\n<p>&nbsp;<\/p>\n","protected":false},"excerpt":{"rendered":"<p>Como estar diante do tempo material vislumbrando a realidade al\u00e9m dele. A import\u00e2ncia da cont\u00ednua, viva e crescente aspira\u00e7\u00e3o que<\/p>\n","protected":false},"featured_media":37803,"template":"","meta":{"_acf_changed":false},"product_brand":[],"product_cat":[18076,33068],"product_tag":[42495],"class_list":{"0":"post-84597","1":"product","2":"type-product","3":"status-publish","4":"has-post-thumbnail","6":"product_cat-cddvd","7":"product_cat-palestras","8":"product_tag-42495","9":"pa_autor-trigueirinho","10":"pa_codigo-da-serie-32103","11":"pa_codigo-externo-00140211porcd","12":"pa_data-de-gravacao-19084","13":"pa_duracao-47min","14":"pa_idioma-de-destino-portugues","15":"pa_idioma-de-origem-portugues","16":"pa_lancamento-no","17":"pa_midia-cd","18":"pa_moac-42494","19":"pa_quantidade-de-saldo-33067","20":"pa_sequencial-da-serie-32432","21":"pa_tipo-de-traducao-nao-classificado","23":"first","24":"outofstock","25":"product-type-simple"},"acf":[],"_links":{"self":[{"href":"https:\/\/www.irdin.org.br\/site\/wp-json\/wp\/v2\/product\/84597","targetHints":{"allow":["GET"]}}],"collection":[{"href":"https:\/\/www.irdin.org.br\/site\/wp-json\/wp\/v2\/product"}],"about":[{"href":"https:\/\/www.irdin.org.br\/site\/wp-json\/wp\/v2\/types\/product"}],"version-history":[{"count":1,"href":"https:\/\/www.irdin.org.br\/site\/wp-json\/wp\/v2\/product\/84597\/revisions"}],"predecessor-version":[{"id":107428,"href":"https:\/\/www.irdin.org.br\/site\/wp-json\/wp\/v2\/product\/84597\/revisions\/107428"}],"wp:featuredmedia":[{"embeddable":true,"href":"https:\/\/www.irdin.org.br\/site\/wp-json\/wp\/v2\/media\/37803"}],"wp:attachment":[{"href":"https:\/\/www.irdin.org.br\/site\/wp-json\/wp\/v2\/media?parent=84597"}],"wp:term":[{"taxonomy":"product_brand","embeddable":true,"href":"https:\/\/www.irdin.org.br\/site\/wp-json\/wp\/v2\/product_brand?post=84597"},{"taxonomy":"product_cat","embeddable":true,"href":"https:\/\/www.irdin.org.br\/site\/wp-json\/wp\/v2\/product_cat?post=84597"},{"taxonomy":"product_tag","embeddable":true,"href":"https:\/\/www.irdin.org.br\/site\/wp-json\/wp\/v2\/product_tag?post=84597"}],"curies":[{"name":"wp","href":"https:\/\/api.w.org\/{rel}","templated":true}]}}