{"id":84599,"date":"2018-04-26T18:41:26","date_gmt":"2018-04-26T18:41:26","guid":{"rendered":"http:\/\/www.irdin.org.br\/site\/produto\/outra-visao-de-certa-historia\/"},"modified":"2024-09-23T01:48:15","modified_gmt":"2024-09-23T01:48:15","slug":"outra-visao-de-certa-historia","status":"publish","type":"product","link":"https:\/\/www.irdin.org.br\/site\/produtos\/outra-visao-de-certa-historia\/","title":{"rendered":"Outra vis\u00e3o de certa hist\u00f3ria"},"content":{"rendered":"<p><em>A coliga\u00e7\u00e3o interna do Brasil e de Minas Gerais com o centro intraterreno Mirna Jad e o ideal de bondade.<\/em><\/p>\n<p>&nbsp;<br \/>\n<strong>Ou\u00e7a agora:<\/strong><\/p>\n<p><span data-href=\"https:\/\/www.irdin.org.br\/site\/envios\/audios\/0014_0213__por_por__outra_visao_de_certa_historia.mp3\" data-title=\"outra vis\u00e3o de certa hist\u00f3ria\" data-rel=\"\" data-target=\"\" data-meta=\"#fap-meta-69e2217e96a67\" class=\"fap-single-track fap-track-button fap-play-button\" data-enqueue=\"no\" data-autoenqueue=\"no\" title=\"outra vis\u00e3o de certa hist\u00f3ria\"><span class=\"fap-icon-play\"><\/span>Ouvir<\/span> <a href=\"https:\/\/www.irdin.org.br\/site\/envios\/audios\/0014_0213__por_por__outra_visao_de_certa_historia.mp3\" class=\"baixar\" download><span class=\"fa fa-arrow-down\"><\/span>Baixar<\/span><\/a> <span class=\"textobaixar\"> outra vis\u00e3o de certa hist\u00f3ria<\/span><\/p>\n<p>&nbsp;<\/p>\n","protected":false},"excerpt":{"rendered":"<p>A coliga\u00e7\u00e3o interna do Brasil e de Minas Gerais com o centro intraterreno Mirna Jad e o ideal de bondade.<\/p>\n","protected":false},"featured_media":37803,"template":"","meta":{"_acf_changed":false},"product_brand":[],"product_cat":[18076,33068],"product_tag":[42499],"class_list":{"0":"post-84599","1":"product","2":"type-product","3":"status-publish","4":"has-post-thumbnail","6":"product_cat-cddvd","7":"product_cat-palestras","8":"product_tag-42499","9":"pa_autor-trigueirinho","10":"pa_codigo-da-serie-32103","11":"pa_codigo-externo-00140213porcd","12":"pa_data-de-gravacao-19093","13":"pa_duracao-38min","14":"pa_idioma-de-destino-portugues","15":"pa_idioma-de-origem-portugues","16":"pa_lancamento-no","17":"pa_midia-cd","18":"pa_moac-42498","19":"pa_quantidade-de-saldo-33067","20":"pa_sequencial-da-serie-32436","21":"pa_tipo-de-traducao-nao-classificado","23":"first","24":"outofstock","25":"product-type-simple"},"acf":[],"_links":{"self":[{"href":"https:\/\/www.irdin.org.br\/site\/wp-json\/wp\/v2\/product\/84599","targetHints":{"allow":["GET"]}}],"collection":[{"href":"https:\/\/www.irdin.org.br\/site\/wp-json\/wp\/v2\/product"}],"about":[{"href":"https:\/\/www.irdin.org.br\/site\/wp-json\/wp\/v2\/types\/product"}],"version-history":[{"count":1,"href":"https:\/\/www.irdin.org.br\/site\/wp-json\/wp\/v2\/product\/84599\/revisions"}],"predecessor-version":[{"id":107390,"href":"https:\/\/www.irdin.org.br\/site\/wp-json\/wp\/v2\/product\/84599\/revisions\/107390"}],"wp:featuredmedia":[{"embeddable":true,"href":"https:\/\/www.irdin.org.br\/site\/wp-json\/wp\/v2\/media\/37803"}],"wp:attachment":[{"href":"https:\/\/www.irdin.org.br\/site\/wp-json\/wp\/v2\/media?parent=84599"}],"wp:term":[{"taxonomy":"product_brand","embeddable":true,"href":"https:\/\/www.irdin.org.br\/site\/wp-json\/wp\/v2\/product_brand?post=84599"},{"taxonomy":"product_cat","embeddable":true,"href":"https:\/\/www.irdin.org.br\/site\/wp-json\/wp\/v2\/product_cat?post=84599"},{"taxonomy":"product_tag","embeddable":true,"href":"https:\/\/www.irdin.org.br\/site\/wp-json\/wp\/v2\/product_tag?post=84599"}],"curies":[{"name":"wp","href":"https:\/\/api.w.org\/{rel}","templated":true}]}}