{"id":84603,"date":"2018-04-26T18:41:26","date_gmt":"2018-04-26T18:41:26","guid":{"rendered":"http:\/\/www.irdin.org.br\/site\/produto\/em-contato-com-o-espaco\/"},"modified":"2024-09-23T01:48:55","modified_gmt":"2024-09-23T01:48:55","slug":"em-contato-com-o-espaco","status":"publish","type":"product","link":"https:\/\/www.irdin.org.br\/site\/produtos\/em-contato-com-o-espaco\/","title":{"rendered":"Em contato com o espa\u00e7o"},"content":{"rendered":"<p><em>Quando em nosso servi\u00e7o reconhecemos que \u00e9 a Hierarquia espiritual que faz a parte mais importante, passamos a aspirar a contat\u00e1-la e a trabalhar com ela.<\/em><\/p>\n<p>&nbsp;<br \/>\n<strong>Ou\u00e7a agora:<\/strong><\/p>\n<p><span data-href=\"https:\/\/www.irdin.org.br\/site\/envios\/audios\/0014_0217__por_por__em_contato_com_o_espaco.mp3\" data-title=\"em contato com o espa\u00e7o\" data-rel=\"\" data-target=\"\" data-meta=\"#fap-meta-69f9e607d4e31\" class=\"fap-single-track fap-track-button fap-play-button\" data-enqueue=\"no\" data-autoenqueue=\"no\" title=\"em contato com o espa\u00e7o\"><span class=\"fap-icon-play\"><\/span>Ouvir<\/span> <a href=\"https:\/\/www.irdin.org.br\/site\/envios\/audios\/0014_0217__por_por__em_contato_com_o_espaco.mp3\" class=\"baixar\" download><span class=\"fa fa-arrow-down\"><\/span>Baixar<\/span><\/a> <span class=\"textobaixar\"> em contato com o espa\u00e7o<\/span><\/p>\n<p>&nbsp;<\/p>\n","protected":false},"excerpt":{"rendered":"<p>Quando em nosso servi\u00e7o reconhecemos que \u00e9 a Hierarquia espiritual que faz a parte mais importante, passamos a aspirar a<\/p>\n","protected":false},"featured_media":37803,"template":"","meta":{"_acf_changed":false},"product_brand":[],"product_cat":[18076,33068],"product_tag":[42507],"class_list":{"0":"post-84603","1":"product","2":"type-product","3":"status-publish","4":"has-post-thumbnail","6":"product_cat-cddvd","7":"product_cat-palestras","8":"product_tag-42507","9":"pa_autor-trigueirinho","10":"pa_codigo-da-serie-32103","11":"pa_codigo-externo-00140217porcd","12":"pa_data-de-gravacao-19111","13":"pa_duracao-35min","14":"pa_idioma-de-destino-portugues","15":"pa_idioma-de-origem-portugues","16":"pa_lancamento-no","17":"pa_midia-cd","18":"pa_moac-42506","19":"pa_quantidade-de-saldo-33067","20":"pa_sequencial-da-serie-32445","21":"pa_tipo-de-traducao-nao-classificado","23":"first","24":"outofstock","25":"product-type-simple"},"acf":[],"_links":{"self":[{"href":"https:\/\/www.irdin.org.br\/site\/wp-json\/wp\/v2\/product\/84603","targetHints":{"allow":["GET"]}}],"collection":[{"href":"https:\/\/www.irdin.org.br\/site\/wp-json\/wp\/v2\/product"}],"about":[{"href":"https:\/\/www.irdin.org.br\/site\/wp-json\/wp\/v2\/types\/product"}],"version-history":[{"count":1,"href":"https:\/\/www.irdin.org.br\/site\/wp-json\/wp\/v2\/product\/84603\/revisions"}],"predecessor-version":[{"id":107394,"href":"https:\/\/www.irdin.org.br\/site\/wp-json\/wp\/v2\/product\/84603\/revisions\/107394"}],"wp:featuredmedia":[{"embeddable":true,"href":"https:\/\/www.irdin.org.br\/site\/wp-json\/wp\/v2\/media\/37803"}],"wp:attachment":[{"href":"https:\/\/www.irdin.org.br\/site\/wp-json\/wp\/v2\/media?parent=84603"}],"wp:term":[{"taxonomy":"product_brand","embeddable":true,"href":"https:\/\/www.irdin.org.br\/site\/wp-json\/wp\/v2\/product_brand?post=84603"},{"taxonomy":"product_cat","embeddable":true,"href":"https:\/\/www.irdin.org.br\/site\/wp-json\/wp\/v2\/product_cat?post=84603"},{"taxonomy":"product_tag","embeddable":true,"href":"https:\/\/www.irdin.org.br\/site\/wp-json\/wp\/v2\/product_tag?post=84603"}],"curies":[{"name":"wp","href":"https:\/\/api.w.org\/{rel}","templated":true}]}}