{"id":84604,"date":"2018-04-26T18:41:26","date_gmt":"2018-04-26T18:41:26","guid":{"rendered":"http:\/\/www.irdin.org.br\/site\/produto\/miz-tli-tlan-samana-e-consciencia-nave\/"},"modified":"2024-09-23T01:49:05","modified_gmt":"2024-09-23T01:49:05","slug":"miz-tli-tlan-samana-e-consciencia-nave","status":"publish","type":"product","link":"https:\/\/www.irdin.org.br\/site\/produtos\/miz-tli-tlan-samana-e-consciencia-nave\/","title":{"rendered":"Miz Tli Tlan, Samana e consci\u00eancia-nave"},"content":{"rendered":"<p><em>O centro planet\u00e1rio Miz Tli Tlan ajusta as vibra\u00e7\u00f5es da Terra \u00e0s do Sol, do sistema solar e de \u00e1reas al\u00e9m, em coliga\u00e7\u00e3o com a entidade Samana.<\/em><\/p>\n<p>&nbsp;<br \/>\n<strong>Ou\u00e7a agora:<\/strong><\/p>\n<p><span data-href=\"https:\/\/www.irdin.org.br\/site\/envios\/audios\/0014_0218__por_por__miz_tli_tlan_samana_e_consciencia_nave.mp3\" data-title=\"miz tli tlan, samana e consci\u00eancia-nave\" data-rel=\"\" data-target=\"\" data-meta=\"#fap-meta-69f9d36c6258f\" class=\"fap-single-track fap-track-button fap-play-button\" data-enqueue=\"no\" data-autoenqueue=\"no\" title=\"miz tli tlan, samana e consci\u00eancia-nave\"><span class=\"fap-icon-play\"><\/span>Ouvir<\/span> <a href=\"https:\/\/www.irdin.org.br\/site\/envios\/audios\/0014_0218__por_por__miz_tli_tlan_samana_e_consciencia_nave.mp3\" class=\"baixar\" download><span class=\"fa fa-arrow-down\"><\/span>Baixar<\/span><\/a> <span class=\"textobaixar\"> miz tli tlan, samana e consci\u00eancia-nave<\/span><\/p>\n<p>&nbsp;<\/p>\n","protected":false},"excerpt":{"rendered":"<p>O centro planet\u00e1rio Miz Tli Tlan ajusta as vibra\u00e7\u00f5es da Terra \u00e0s do Sol, do sistema solar e de \u00e1reas<\/p>\n","protected":false},"featured_media":37803,"template":"","meta":{"_acf_changed":false},"product_brand":[],"product_cat":[18076,33068],"product_tag":[42509],"class_list":{"0":"post-84604","1":"product","2":"type-product","3":"status-publish","4":"has-post-thumbnail","6":"product_cat-cddvd","7":"product_cat-palestras","8":"product_tag-42509","9":"pa_autor-trigueirinho","10":"pa_codigo-da-serie-32103","11":"pa_codigo-externo-00140218porcd","12":"pa_data-de-gravacao-19115","13":"pa_duracao-30min17s","14":"pa_idioma-de-destino-portugues","15":"pa_idioma-de-origem-portugues","16":"pa_lancamento-no","17":"pa_midia-cd","18":"pa_moac-42508","19":"pa_quantidade-de-saldo-33067","20":"pa_sequencial-da-serie-32447","21":"pa_tipo-de-traducao-nao-classificado","23":"first","24":"outofstock","25":"product-type-simple"},"acf":[],"_links":{"self":[{"href":"https:\/\/www.irdin.org.br\/site\/wp-json\/wp\/v2\/product\/84604","targetHints":{"allow":["GET"]}}],"collection":[{"href":"https:\/\/www.irdin.org.br\/site\/wp-json\/wp\/v2\/product"}],"about":[{"href":"https:\/\/www.irdin.org.br\/site\/wp-json\/wp\/v2\/types\/product"}],"version-history":[{"count":1,"href":"https:\/\/www.irdin.org.br\/site\/wp-json\/wp\/v2\/product\/84604\/revisions"}],"predecessor-version":[{"id":107395,"href":"https:\/\/www.irdin.org.br\/site\/wp-json\/wp\/v2\/product\/84604\/revisions\/107395"}],"wp:featuredmedia":[{"embeddable":true,"href":"https:\/\/www.irdin.org.br\/site\/wp-json\/wp\/v2\/media\/37803"}],"wp:attachment":[{"href":"https:\/\/www.irdin.org.br\/site\/wp-json\/wp\/v2\/media?parent=84604"}],"wp:term":[{"taxonomy":"product_brand","embeddable":true,"href":"https:\/\/www.irdin.org.br\/site\/wp-json\/wp\/v2\/product_brand?post=84604"},{"taxonomy":"product_cat","embeddable":true,"href":"https:\/\/www.irdin.org.br\/site\/wp-json\/wp\/v2\/product_cat?post=84604"},{"taxonomy":"product_tag","embeddable":true,"href":"https:\/\/www.irdin.org.br\/site\/wp-json\/wp\/v2\/product_tag?post=84604"}],"curies":[{"name":"wp","href":"https:\/\/api.w.org\/{rel}","templated":true}]}}