{"id":84607,"date":"2018-04-26T18:41:26","date_gmt":"2018-04-26T18:41:26","guid":{"rendered":"http:\/\/www.irdin.org.br\/site\/produto\/elevadas-consciencias-e-justica\/"},"modified":"2024-09-23T01:49:36","modified_gmt":"2024-09-23T01:49:36","slug":"elevadas-consciencias-e-justica","status":"publish","type":"product","link":"https:\/\/www.irdin.org.br\/site\/produtos\/elevadas-consciencias-e-justica\/","title":{"rendered":"Elevadas consci\u00eancias e justi\u00e7a"},"content":{"rendered":"<p><em>Cristo, Samana e Jesus s\u00e3o graus diferentes de uma s\u00f3 realidade. Tamb\u00e9m o nosso conceito de justi\u00e7a pode ser ampliado: \u00e9 a harmonia de todas as leis do universo com a Lei \u00danica.<\/em><\/p>\n<p>&nbsp;<br \/>\n<strong>Ou\u00e7a agora:<\/strong><\/p>\n<p><span data-href=\"https:\/\/www.irdin.org.br\/site\/envios\/audios\/0014_0221__por_por__elevadas_consciencias_e_justica.mp3\" data-title=\"elevadas consci\u00eancias e justi\u00e7a\" data-rel=\"\" data-target=\"\" data-meta=\"#fap-meta-6a04bf3ce8c8b\" class=\"fap-single-track fap-track-button fap-play-button\" data-enqueue=\"no\" data-autoenqueue=\"no\" title=\"elevadas consci\u00eancias e justi\u00e7a\"><span class=\"fap-icon-play\"><\/span>Ouvir<\/span> <a href=\"https:\/\/www.irdin.org.br\/site\/envios\/audios\/0014_0221__por_por__elevadas_consciencias_e_justica.mp3\" class=\"baixar\" download><span class=\"fa fa-arrow-down\"><\/span>Baixar<\/span><\/a> <span class=\"textobaixar\"> elevadas consci\u00eancias e justi\u00e7a<\/span><\/p>\n<p>&nbsp;<\/p>\n","protected":false},"excerpt":{"rendered":"<p>Cristo, Samana e Jesus s\u00e3o graus diferentes de uma s\u00f3 realidade. Tamb\u00e9m o nosso conceito de justi\u00e7a pode ser ampliado:<\/p>\n","protected":false},"featured_media":37803,"template":"","meta":{"_acf_changed":false},"product_brand":[],"product_cat":[18076,33068],"product_tag":[42515],"class_list":{"0":"post-84607","1":"product","2":"type-product","3":"status-publish","4":"has-post-thumbnail","6":"product_cat-cddvd","7":"product_cat-palestras","8":"product_tag-42515","9":"pa_autor-trigueirinho","10":"pa_codigo-da-serie-32103","11":"pa_codigo-externo-00140221porcd","12":"pa_data-de-gravacao-19130","13":"pa_duracao-40min","14":"pa_idioma-de-destino-portugues","15":"pa_idioma-de-origem-portugues","16":"pa_lancamento-no","17":"pa_midia-cd","18":"pa_moac-42514","19":"pa_quantidade-de-saldo-33067","20":"pa_sequencial-da-serie-32453","21":"pa_tipo-de-traducao-nao-classificado","23":"first","24":"outofstock","25":"product-type-simple"},"acf":[],"_links":{"self":[{"href":"https:\/\/www.irdin.org.br\/site\/wp-json\/wp\/v2\/product\/84607","targetHints":{"allow":["GET"]}}],"collection":[{"href":"https:\/\/www.irdin.org.br\/site\/wp-json\/wp\/v2\/product"}],"about":[{"href":"https:\/\/www.irdin.org.br\/site\/wp-json\/wp\/v2\/types\/product"}],"version-history":[{"count":1,"href":"https:\/\/www.irdin.org.br\/site\/wp-json\/wp\/v2\/product\/84607\/revisions"}],"predecessor-version":[{"id":107398,"href":"https:\/\/www.irdin.org.br\/site\/wp-json\/wp\/v2\/product\/84607\/revisions\/107398"}],"wp:featuredmedia":[{"embeddable":true,"href":"https:\/\/www.irdin.org.br\/site\/wp-json\/wp\/v2\/media\/37803"}],"wp:attachment":[{"href":"https:\/\/www.irdin.org.br\/site\/wp-json\/wp\/v2\/media?parent=84607"}],"wp:term":[{"taxonomy":"product_brand","embeddable":true,"href":"https:\/\/www.irdin.org.br\/site\/wp-json\/wp\/v2\/product_brand?post=84607"},{"taxonomy":"product_cat","embeddable":true,"href":"https:\/\/www.irdin.org.br\/site\/wp-json\/wp\/v2\/product_cat?post=84607"},{"taxonomy":"product_tag","embeddable":true,"href":"https:\/\/www.irdin.org.br\/site\/wp-json\/wp\/v2\/product_tag?post=84607"}],"curies":[{"name":"wp","href":"https:\/\/api.w.org\/{rel}","templated":true}]}}