{"id":84609,"date":"2018-04-26T18:41:26","date_gmt":"2018-04-26T18:41:26","guid":{"rendered":"http:\/\/www.irdin.org.br\/site\/produto\/o-reino-animal-um-estado-de-consciencia\/"},"modified":"2024-09-23T01:49:55","modified_gmt":"2024-09-23T01:49:55","slug":"o-reino-animal-um-estado-de-consciencia","status":"publish","type":"product","link":"https:\/\/www.irdin.org.br\/site\/produtos\/o-reino-animal-um-estado-de-consciencia\/","title":{"rendered":"O reino animal, um estado de consci\u00eancia"},"content":{"rendered":"<p><em>A import\u00e2ncia de o homem n\u00e3o dizimar o reino animal e sim colaborar com a realiza\u00e7\u00e3o do prop\u00f3sito da exist\u00eancia dele.<\/em><\/p>\n<p>&nbsp;<br \/>\n<strong>Ou\u00e7a agora:<\/strong><\/p>\n<p><span data-href=\"https:\/\/www.irdin.org.br\/site\/envios\/audios\/0014_0223__por_por__o_reino_animal_um_estado_de_consciencia.mp3\" data-title=\"o reino animal, um estado de consci\u00eancia\" data-rel=\"\" data-target=\"\" data-meta=\"#fap-meta-6a04739d7ee59\" class=\"fap-single-track fap-track-button fap-play-button\" data-enqueue=\"no\" data-autoenqueue=\"no\" title=\"o reino animal, um estado de consci\u00eancia\"><span class=\"fap-icon-play\"><\/span>Ouvir<\/span> <a href=\"https:\/\/www.irdin.org.br\/site\/envios\/audios\/0014_0223__por_por__o_reino_animal_um_estado_de_consciencia.mp3\" class=\"baixar\" download><span class=\"fa fa-arrow-down\"><\/span>Baixar<\/span><\/a> <span class=\"textobaixar\"> o reino animal, um estado de consci\u00eancia<\/span><\/p>\n<p>&nbsp;<\/p>\n","protected":false},"excerpt":{"rendered":"<p>A import\u00e2ncia de o homem n\u00e3o dizimar o reino animal e sim colaborar com a realiza\u00e7\u00e3o do prop\u00f3sito da exist\u00eancia<\/p>\n","protected":false},"featured_media":37803,"template":"","meta":{"_acf_changed":false},"product_brand":[],"product_cat":[18076,33068],"product_tag":[42519],"class_list":{"0":"post-84609","1":"product","2":"type-product","3":"status-publish","4":"has-post-thumbnail","6":"product_cat-cddvd","7":"product_cat-palestras","8":"product_tag-42519","9":"pa_autor-trigueirinho","10":"pa_codigo-da-serie-32103","11":"pa_codigo-externo-00140223porcd","12":"pa_data-de-gravacao-19138","13":"pa_duracao-44min","14":"pa_idioma-de-destino-portugues","15":"pa_idioma-de-origem-portugues","16":"pa_lancamento-no","17":"pa_midia-cd","18":"pa_moac-42518","19":"pa_quantidade-de-saldo-33067","20":"pa_sequencial-da-serie-32457","21":"pa_tipo-de-traducao-nao-classificado","23":"first","24":"outofstock","25":"product-type-simple"},"acf":[],"_links":{"self":[{"href":"https:\/\/www.irdin.org.br\/site\/wp-json\/wp\/v2\/product\/84609","targetHints":{"allow":["GET"]}}],"collection":[{"href":"https:\/\/www.irdin.org.br\/site\/wp-json\/wp\/v2\/product"}],"about":[{"href":"https:\/\/www.irdin.org.br\/site\/wp-json\/wp\/v2\/types\/product"}],"version-history":[{"count":1,"href":"https:\/\/www.irdin.org.br\/site\/wp-json\/wp\/v2\/product\/84609\/revisions"}],"predecessor-version":[{"id":107400,"href":"https:\/\/www.irdin.org.br\/site\/wp-json\/wp\/v2\/product\/84609\/revisions\/107400"}],"wp:featuredmedia":[{"embeddable":true,"href":"https:\/\/www.irdin.org.br\/site\/wp-json\/wp\/v2\/media\/37803"}],"wp:attachment":[{"href":"https:\/\/www.irdin.org.br\/site\/wp-json\/wp\/v2\/media?parent=84609"}],"wp:term":[{"taxonomy":"product_brand","embeddable":true,"href":"https:\/\/www.irdin.org.br\/site\/wp-json\/wp\/v2\/product_brand?post=84609"},{"taxonomy":"product_cat","embeddable":true,"href":"https:\/\/www.irdin.org.br\/site\/wp-json\/wp\/v2\/product_cat?post=84609"},{"taxonomy":"product_tag","embeddable":true,"href":"https:\/\/www.irdin.org.br\/site\/wp-json\/wp\/v2\/product_tag?post=84609"}],"curies":[{"name":"wp","href":"https:\/\/api.w.org\/{rel}","templated":true}]}}