{"id":84616,"date":"2018-04-26T18:41:26","date_gmt":"2018-04-26T18:41:26","guid":{"rendered":"http:\/\/www.irdin.org.br\/site\/produto\/a-epoca-da-onda-gigantesca\/"},"modified":"2024-09-23T01:51:04","modified_gmt":"2024-09-23T01:51:04","slug":"a-epoca-da-onda-gigantesca","status":"publish","type":"product","link":"https:\/\/www.irdin.org.br\/site\/produtos\/a-epoca-da-onda-gigantesca\/","title":{"rendered":"A \u00e9poca da onda gigantesca"},"content":{"rendered":"<p><em>As rea\u00e7\u00f5es da natureza para reequilibrar o planeta e nossa posi\u00e7\u00e3o perante as grandes mudan\u00e7as que se anunciam.<\/em><\/p>\n<p><strong>Ou\u00e7a agora:<\/strong><\/p>\n<p><span data-href=\"https:\/\/www.irdin.org.br\/site\/envios\/audios\/0014_0233__por_por__a_epoca_da_onda_gigantesca.mp3\" data-title=\"a \u00e9poca da onda gigantesca\" data-rel=\"\" data-target=\"\" data-meta=\"#fap-meta-69fe4b2f6b3bc\" class=\"fap-single-track fap-track-button fap-play-button\" data-enqueue=\"no\" data-autoenqueue=\"no\" title=\"a \u00e9poca da onda gigantesca\"><span class=\"fap-icon-play\"><\/span>Ouvir<\/span> <a class=\"baixar\" href=\"https:\/\/www.irdin.org.br\/site\/envios\/audios\/0014_0233__por_por__a_epoca_da_onda_gigantesca.mp3\">Baixar<\/a> <span class=\"textobaixar\"> a \u00e9poca da onda gigantesca<\/span><\/p>\n<p>&nbsp;<\/p>\n","protected":false},"excerpt":{"rendered":"<p>As rea\u00e7\u00f5es da natureza para reequilibrar o planeta e nossa posi\u00e7\u00e3o perante as grandes mudan\u00e7as que se anunciam. Ou\u00e7a agora:<\/p>\n","protected":false},"featured_media":37803,"template":"","meta":{"_acf_changed":false},"product_brand":[],"product_cat":[18076,33068],"product_tag":[42533],"class_list":{"0":"post-84616","1":"product","2":"type-product","3":"status-publish","4":"has-post-thumbnail","6":"product_cat-cddvd","7":"product_cat-palestras","8":"product_tag-42533","9":"pa_autor-trigueirinho","10":"pa_codigo-da-serie-32103","11":"pa_codigo-externo-00140233porcd","12":"pa_data-de-gravacao-19179","13":"pa_duracao-39min","14":"pa_idioma-de-destino-portugues","15":"pa_idioma-de-origem-portugues","16":"pa_lancamento-no","17":"pa_midia-cd","18":"pa_moac-42532","19":"pa_quantidade-de-saldo-33067","20":"pa_sequencial-da-serie-32478","21":"pa_tipo-de-traducao-nao-classificado","23":"first","24":"outofstock","25":"product-type-simple"},"acf":[],"_links":{"self":[{"href":"https:\/\/www.irdin.org.br\/site\/wp-json\/wp\/v2\/product\/84616","targetHints":{"allow":["GET"]}}],"collection":[{"href":"https:\/\/www.irdin.org.br\/site\/wp-json\/wp\/v2\/product"}],"about":[{"href":"https:\/\/www.irdin.org.br\/site\/wp-json\/wp\/v2\/types\/product"}],"version-history":[{"count":2,"href":"https:\/\/www.irdin.org.br\/site\/wp-json\/wp\/v2\/product\/84616\/revisions"}],"predecessor-version":[{"id":107407,"href":"https:\/\/www.irdin.org.br\/site\/wp-json\/wp\/v2\/product\/84616\/revisions\/107407"}],"wp:featuredmedia":[{"embeddable":true,"href":"https:\/\/www.irdin.org.br\/site\/wp-json\/wp\/v2\/media\/37803"}],"wp:attachment":[{"href":"https:\/\/www.irdin.org.br\/site\/wp-json\/wp\/v2\/media?parent=84616"}],"wp:term":[{"taxonomy":"product_brand","embeddable":true,"href":"https:\/\/www.irdin.org.br\/site\/wp-json\/wp\/v2\/product_brand?post=84616"},{"taxonomy":"product_cat","embeddable":true,"href":"https:\/\/www.irdin.org.br\/site\/wp-json\/wp\/v2\/product_cat?post=84616"},{"taxonomy":"product_tag","embeddable":true,"href":"https:\/\/www.irdin.org.br\/site\/wp-json\/wp\/v2\/product_tag?post=84616"}],"curies":[{"name":"wp","href":"https:\/\/api.w.org\/{rel}","templated":true}]}}