{"id":84627,"date":"2018-04-26T18:41:48","date_gmt":"2018-04-26T18:41:48","guid":{"rendered":"http:\/\/www.irdin.org.br\/site\/produto\/des-cles-pour-la-connaissance\/"},"modified":"2024-09-23T01:22:42","modified_gmt":"2024-09-23T01:22:42","slug":"des-cles-pour-la-connaissance","status":"publish","type":"product","link":"https:\/\/www.irdin.org.br\/site\/produtos\/des-cles-pour-la-connaissance\/","title":{"rendered":"Des Cl\u00e9s pour la Connaissance"},"content":{"rendered":"<p><em>Si nous vivons selon des lois sup\u00e9rieures, en correcte syntonie, la connaissance int\u00e9rieure et v\u00e9ritable commence \u00e0 affleurer.<\/em><\/p>\n<p><strong>Ou\u00e7a agora:<\/strong><\/p>\n<p><span data-href=\"https:\/\/www.irdin.org.br\/site\/envios\/audios\/0014_0239__por_fra__des_cles_pour_la_connaissance.mp3\" data-title=\"des cl\u00e9s pour la connaissance\" data-rel=\"\" data-target=\"\" data-meta=\"#fap-meta-69ff70d7ebbaa\" class=\"fap-single-track fap-track-button fap-play-button\" data-enqueue=\"no\" data-autoenqueue=\"no\" title=\"des cl\u00e9s pour la connaissance\"><span class=\"fap-icon-play\"><\/span>Ouvir<\/span> <a class=\"baixar\" href=\"https:\/\/www.irdin.org.br\/site\/envios\/audios\/0014_0239__por_fra__des_cles_pour_la_connaissance.mp3\" download=\"\">Baixar<\/a> <span class=\"textobaixar\"> des cl\u00e9s pour la connaissance<\/span><\/p>\n<p>&nbsp;<\/p>\n","protected":false},"excerpt":{"rendered":"<p>Si nous vivons selon des lois sup\u00e9rieures, en correcte syntonie, la connaissance int\u00e9rieure et v\u00e9ritable commence \u00e0 affleurer. Ou\u00e7a agora:<\/p>\n","protected":false},"featured_media":37803,"template":"","meta":{"_acf_changed":false},"product_brand":[],"product_cat":[18076,33068],"product_tag":[42555],"class_list":{"0":"post-84627","1":"product","2":"type-product","3":"status-publish","4":"has-post-thumbnail","6":"product_cat-cddvd","7":"product_cat-palestras","8":"product_tag-42555","9":"pa_autor-trigueirinho","10":"pa_codigo-da-serie-32103","11":"pa_codigo-externo-00140239frafracd","12":"pa_data-de-gravacao-19216","13":"pa_duracao-44-min","14":"pa_idioma-de-destino-frances","15":"pa_idioma-de-origem-portugues","16":"pa_lancamento-no","17":"pa_midia-cd","18":"pa_moac-42554","19":"pa_quantidade-de-saldo-33067","20":"pa_sequencial-da-serie-32495","21":"pa_tipo-de-traducao-nao-classificado","23":"first","24":"outofstock","25":"product-type-simple"},"acf":[],"_links":{"self":[{"href":"https:\/\/www.irdin.org.br\/site\/wp-json\/wp\/v2\/product\/84627","targetHints":{"allow":["GET"]}}],"collection":[{"href":"https:\/\/www.irdin.org.br\/site\/wp-json\/wp\/v2\/product"}],"about":[{"href":"https:\/\/www.irdin.org.br\/site\/wp-json\/wp\/v2\/types\/product"}],"version-history":[{"count":2,"href":"https:\/\/www.irdin.org.br\/site\/wp-json\/wp\/v2\/product\/84627\/revisions"}],"predecessor-version":[{"id":107381,"href":"https:\/\/www.irdin.org.br\/site\/wp-json\/wp\/v2\/product\/84627\/revisions\/107381"}],"wp:featuredmedia":[{"embeddable":true,"href":"https:\/\/www.irdin.org.br\/site\/wp-json\/wp\/v2\/media\/37803"}],"wp:attachment":[{"href":"https:\/\/www.irdin.org.br\/site\/wp-json\/wp\/v2\/media?parent=84627"}],"wp:term":[{"taxonomy":"product_brand","embeddable":true,"href":"https:\/\/www.irdin.org.br\/site\/wp-json\/wp\/v2\/product_brand?post=84627"},{"taxonomy":"product_cat","embeddable":true,"href":"https:\/\/www.irdin.org.br\/site\/wp-json\/wp\/v2\/product_cat?post=84627"},{"taxonomy":"product_tag","embeddable":true,"href":"https:\/\/www.irdin.org.br\/site\/wp-json\/wp\/v2\/product_tag?post=84627"}],"curies":[{"name":"wp","href":"https:\/\/api.w.org\/{rel}","templated":true}]}}