{"id":84629,"date":"2018-04-26T18:41:48","date_gmt":"2018-04-26T18:41:48","guid":{"rendered":"http:\/\/www.irdin.org.br\/site\/produto\/chaves-para-desenvolvimentos\/"},"modified":"2019-12-06T20:45:47","modified_gmt":"2019-12-06T20:45:47","slug":"chaves-para-desenvolvimentos","status":"publish","type":"product","link":"https:\/\/www.irdin.org.br\/site\/produtos\/chaves-para-desenvolvimentos\/","title":{"rendered":"Chaves para desenvolvimentos"},"content":{"rendered":"<p><em>Um potente v\u00f3rtice de energias transformadoras atua hoje no rompimento de velhos padr\u00f5es, no preparo de ra\u00e7as futuras, na liga\u00e7\u00e3o da mat\u00e9ria com planos supramentais, na amplia\u00e7\u00e3o da consci\u00eancia humana. Como participar dele de maneira positiva?<\/em><\/p>\n<p>&nbsp;<br \/>\n<strong>Ou\u00e7a agora:<\/strong><\/p>\n<p><span data-href=\"https:\/\/www.irdin.org.br\/site\/envios\/audios\/0014_0240__por_por__chaves_para_desenvolvimentos.mp3\" data-title=\"chaves para desenvolvimentos\" data-rel=\"\" data-target=\"\" data-meta=\"#fap-meta-69ff491dde111\" class=\"fap-single-track fap-track-button fap-play-button\" data-enqueue=\"no\" data-autoenqueue=\"no\" title=\"chaves para desenvolvimentos\"><span class=\"fap-icon-play\"><\/span>Ouvir<\/span> <a href=\"https:\/\/www.irdin.org.br\/site\/envios\/audios\/0014_0240__por_por__chaves_para_desenvolvimentos.mp3\" class=\"baixar\" download><span class=\"fa fa-arrow-down\"><\/span>Baixar<\/span><\/a> <span class=\"textobaixar\"> chaves para desenvolvimentos<\/span><\/p>\n<p>&nbsp;<\/p>\n","protected":false},"excerpt":{"rendered":"<p>Um potente v\u00f3rtice de energias transformadoras atua hoje no rompimento de velhos padr\u00f5es, no preparo de ra\u00e7as futuras, na liga\u00e7\u00e3o<\/p>\n","protected":false},"featured_media":37803,"template":"","meta":{"_acf_changed":false},"product_brand":[],"product_cat":[18076,33068],"product_tag":[42559],"class_list":{"0":"post-84629","1":"product","2":"type-product","3":"status-publish","4":"has-post-thumbnail","6":"product_cat-cddvd","7":"product_cat-palestras","8":"product_tag-42559","9":"pa_autor-trigueirinho","10":"pa_codigo-da-serie-32103","11":"pa_codigo-externo-00140240porcd","12":"pa_data-de-gravacao-19222","13":"pa_duracao-40min","14":"pa_idioma-de-destino-portugues","15":"pa_idioma-de-origem-portugues","16":"pa_lancamento-no","17":"pa_midia-cd","18":"pa_moac-42558","19":"pa_quantidade-de-saldo-33067","20":"pa_sequencial-da-serie-32498","21":"pa_tipo-de-traducao-nao-classificado","23":"first","24":"outofstock","25":"product-type-simple"},"acf":[],"_links":{"self":[{"href":"https:\/\/www.irdin.org.br\/site\/wp-json\/wp\/v2\/product\/84629","targetHints":{"allow":["GET"]}}],"collection":[{"href":"https:\/\/www.irdin.org.br\/site\/wp-json\/wp\/v2\/product"}],"about":[{"href":"https:\/\/www.irdin.org.br\/site\/wp-json\/wp\/v2\/types\/product"}],"version-history":[{"count":0,"href":"https:\/\/www.irdin.org.br\/site\/wp-json\/wp\/v2\/product\/84629\/revisions"}],"wp:featuredmedia":[{"embeddable":true,"href":"https:\/\/www.irdin.org.br\/site\/wp-json\/wp\/v2\/media\/37803"}],"wp:attachment":[{"href":"https:\/\/www.irdin.org.br\/site\/wp-json\/wp\/v2\/media?parent=84629"}],"wp:term":[{"taxonomy":"product_brand","embeddable":true,"href":"https:\/\/www.irdin.org.br\/site\/wp-json\/wp\/v2\/product_brand?post=84629"},{"taxonomy":"product_cat","embeddable":true,"href":"https:\/\/www.irdin.org.br\/site\/wp-json\/wp\/v2\/product_cat?post=84629"},{"taxonomy":"product_tag","embeddable":true,"href":"https:\/\/www.irdin.org.br\/site\/wp-json\/wp\/v2\/product_tag?post=84629"}],"curies":[{"name":"wp","href":"https:\/\/api.w.org\/{rel}","templated":true}]}}