{"id":84631,"date":"2018-04-26T18:41:48","date_gmt":"2018-04-26T18:41:48","guid":{"rendered":"http:\/\/www.irdin.org.br\/site\/produto\/naves-leitura-espiritual-nova-humanidade\/"},"modified":"2024-09-23T01:23:06","modified_gmt":"2024-09-23T01:23:06","slug":"naves-leitura-espiritual-nova-humanidade","status":"publish","type":"product","link":"https:\/\/www.irdin.org.br\/site\/produtos\/naves-leitura-espiritual-nova-humanidade\/","title":{"rendered":"Naves, leitura espiritual, nova humanidade"},"content":{"rendered":"<p><em>Diferentes formas de resgate e de naves, e os deslocamentos da consci\u00eancia. Leitura oculta, contato com a fonte dos textos espirituais e transforma\u00e7\u00e3o. Padr\u00f5es da nova humanidade.<\/em><\/p>\n<p>&nbsp;<br \/>\n<strong>Ou\u00e7a agora:<\/strong><\/p>\n<p><span data-href=\"https:\/\/www.irdin.org.br\/site\/envios\/audios\/0014_0242__por_por__naves_leitura_espiritual_nova_humanidade.mp3\" data-title=\"naves, leitura espiritual, nova humanidade\" data-rel=\"\" data-target=\"\" data-meta=\"#fap-meta-69f47d939c25c\" class=\"fap-single-track fap-track-button fap-play-button\" data-enqueue=\"no\" data-autoenqueue=\"no\" title=\"naves, leitura espiritual, nova humanidade\"><span class=\"fap-icon-play\"><\/span>Ouvir<\/span> <a href=\"https:\/\/www.irdin.org.br\/site\/envios\/audios\/0014_0242__por_por__naves_leitura_espiritual_nova_humanidade.mp3\" class=\"baixar\" download><span class=\"fa fa-arrow-down\"><\/span>Baixar<\/span><\/a> <span class=\"textobaixar\"> naves, leitura espiritual, nova humanidade<\/span><\/p>\n<p>&nbsp;<\/p>\n","protected":false},"excerpt":{"rendered":"<p>Diferentes formas de resgate e de naves, e os deslocamentos da consci\u00eancia. Leitura oculta, contato com a fonte dos textos<\/p>\n","protected":false},"featured_media":37803,"template":"","meta":{"_acf_changed":false},"product_brand":[],"product_cat":[18076,33068],"product_tag":[42563],"class_list":{"0":"post-84631","1":"product","2":"type-product","3":"status-publish","4":"has-post-thumbnail","6":"product_cat-cddvd","7":"product_cat-palestras","8":"product_tag-42563","9":"pa_autor-trigueirinho","10":"pa_codigo-da-serie-32103","11":"pa_codigo-externo-00140242porcd","12":"pa_data-de-gravacao-19231","13":"pa_duracao-50min","14":"pa_idioma-de-destino-portugues","15":"pa_idioma-de-origem-portugues","16":"pa_lancamento-no","17":"pa_midia-cd","18":"pa_moac-42562","19":"pa_quantidade-de-saldo-33067","20":"pa_sequencial-da-serie-32502","21":"pa_tipo-de-traducao-nao-classificado","23":"first","24":"outofstock","25":"product-type-simple"},"acf":[],"_links":{"self":[{"href":"https:\/\/www.irdin.org.br\/site\/wp-json\/wp\/v2\/product\/84631","targetHints":{"allow":["GET"]}}],"collection":[{"href":"https:\/\/www.irdin.org.br\/site\/wp-json\/wp\/v2\/product"}],"about":[{"href":"https:\/\/www.irdin.org.br\/site\/wp-json\/wp\/v2\/types\/product"}],"version-history":[{"count":1,"href":"https:\/\/www.irdin.org.br\/site\/wp-json\/wp\/v2\/product\/84631\/revisions"}],"predecessor-version":[{"id":107383,"href":"https:\/\/www.irdin.org.br\/site\/wp-json\/wp\/v2\/product\/84631\/revisions\/107383"}],"wp:featuredmedia":[{"embeddable":true,"href":"https:\/\/www.irdin.org.br\/site\/wp-json\/wp\/v2\/media\/37803"}],"wp:attachment":[{"href":"https:\/\/www.irdin.org.br\/site\/wp-json\/wp\/v2\/media?parent=84631"}],"wp:term":[{"taxonomy":"product_brand","embeddable":true,"href":"https:\/\/www.irdin.org.br\/site\/wp-json\/wp\/v2\/product_brand?post=84631"},{"taxonomy":"product_cat","embeddable":true,"href":"https:\/\/www.irdin.org.br\/site\/wp-json\/wp\/v2\/product_cat?post=84631"},{"taxonomy":"product_tag","embeddable":true,"href":"https:\/\/www.irdin.org.br\/site\/wp-json\/wp\/v2\/product_tag?post=84631"}],"curies":[{"name":"wp","href":"https:\/\/api.w.org\/{rel}","templated":true}]}}