{"id":84635,"date":"2018-04-26T18:41:48","date_gmt":"2018-04-26T18:41:48","guid":{"rendered":"http:\/\/www.irdin.org.br\/site\/produto\/a-energia-vital\/"},"modified":"2024-09-23T01:24:01","modified_gmt":"2024-09-23T01:24:01","slug":"a-energia-vital","status":"publish","type":"product","link":"https:\/\/www.irdin.org.br\/site\/produtos\/a-energia-vital\/","title":{"rendered":"A energia vital"},"content":{"rendered":"<p><em>A vitalidade da mente, do corpo astral e do f\u00edsico tem origem na alma, como energia de vida. Podemos evitar seu excesso ou falta se n\u00e3o permitimos que fique em fun\u00e7\u00e3o de for\u00e7as ignorantes. Como conduzi-la, para que se torne cada vez mais calma, forte e ampla e para que a a\u00e7\u00e3o divina se fa\u00e7a presente?<\/em><\/p>\n<p>&nbsp;<br \/>\n<strong>Ou\u00e7a agora:<\/strong><\/p>\n<p><span data-href=\"https:\/\/www.irdin.org.br\/site\/envios\/audios\/0014_0246__por_por__a_energia_vital.mp3\" data-title=\"a energia vital\" data-rel=\"\" data-target=\"\" data-meta=\"#fap-meta-69ff5e0c74e16\" class=\"fap-single-track fap-track-button fap-play-button\" data-enqueue=\"no\" data-autoenqueue=\"no\" title=\"a energia vital\"><span class=\"fap-icon-play\"><\/span>Ouvir<\/span> <a href=\"https:\/\/www.irdin.org.br\/site\/envios\/audios\/0014_0246__por_por__a_energia_vital.mp3\" class=\"baixar\" download><span class=\"fa fa-arrow-down\"><\/span>Baixar<\/span><\/a> <span class=\"textobaixar\"> a energia vital<\/span><\/p>\n<p>&nbsp;<\/p>\n","protected":false},"excerpt":{"rendered":"<p>A vitalidade da mente, do corpo astral e do f\u00edsico tem origem na alma, como energia de vida. Podemos evitar<\/p>\n","protected":false},"featured_media":37803,"template":"","meta":{"_acf_changed":false},"product_brand":[],"product_cat":[18076,33068],"product_tag":[42571],"class_list":{"0":"post-84635","1":"product","2":"type-product","3":"status-publish","4":"has-post-thumbnail","6":"product_cat-cddvd","7":"product_cat-palestras","8":"product_tag-42571","9":"pa_autor-trigueirinho","10":"pa_codigo-da-serie-32103","11":"pa_codigo-externo-00140246porcd","12":"pa_data-de-gravacao-19247","13":"pa_duracao-53min","14":"pa_idioma-de-destino-portugues","15":"pa_idioma-de-origem-portugues","16":"pa_lancamento-no","17":"pa_midia-cd","18":"pa_moac-42570","19":"pa_quantidade-de-saldo-33067","20":"pa_sequencial-da-serie-32510","21":"pa_tipo-de-traducao-nao-classificado","23":"first","24":"outofstock","25":"product-type-simple"},"acf":[],"_links":{"self":[{"href":"https:\/\/www.irdin.org.br\/site\/wp-json\/wp\/v2\/product\/84635","targetHints":{"allow":["GET"]}}],"collection":[{"href":"https:\/\/www.irdin.org.br\/site\/wp-json\/wp\/v2\/product"}],"about":[{"href":"https:\/\/www.irdin.org.br\/site\/wp-json\/wp\/v2\/types\/product"}],"version-history":[{"count":1,"href":"https:\/\/www.irdin.org.br\/site\/wp-json\/wp\/v2\/product\/84635\/revisions"}],"predecessor-version":[{"id":107387,"href":"https:\/\/www.irdin.org.br\/site\/wp-json\/wp\/v2\/product\/84635\/revisions\/107387"}],"wp:featuredmedia":[{"embeddable":true,"href":"https:\/\/www.irdin.org.br\/site\/wp-json\/wp\/v2\/media\/37803"}],"wp:attachment":[{"href":"https:\/\/www.irdin.org.br\/site\/wp-json\/wp\/v2\/media?parent=84635"}],"wp:term":[{"taxonomy":"product_brand","embeddable":true,"href":"https:\/\/www.irdin.org.br\/site\/wp-json\/wp\/v2\/product_brand?post=84635"},{"taxonomy":"product_cat","embeddable":true,"href":"https:\/\/www.irdin.org.br\/site\/wp-json\/wp\/v2\/product_cat?post=84635"},{"taxonomy":"product_tag","embeddable":true,"href":"https:\/\/www.irdin.org.br\/site\/wp-json\/wp\/v2\/product_tag?post=84635"}],"curies":[{"name":"wp","href":"https:\/\/api.w.org\/{rel}","templated":true}]}}