{"id":84636,"date":"2018-04-26T18:41:48","date_gmt":"2018-04-26T18:41:48","guid":{"rendered":"http:\/\/www.irdin.org.br\/site\/produto\/temas-de-ontem-de-hoje-e-de-amanha\/"},"modified":"2024-09-23T01:24:12","modified_gmt":"2024-09-23T01:24:12","slug":"temas-de-ontem-de-hoje-e-de-amanha","status":"publish","type":"product","link":"https:\/\/www.irdin.org.br\/site\/produtos\/temas-de-ontem-de-hoje-e-de-amanha\/","title":{"rendered":"Temas de ontem, de hoje e de amanh\u00e3"},"content":{"rendered":"<p><em>Nossa situa\u00e7\u00e3o de vida pode ser cada vez mais din\u00e2mica e tudo pode ser mudado quando nos transformamos. Podemos ampliar o nosso amor. Reencarna\u00e7\u00e3o e reencontros c\u00e1rmicos s\u00e3o sempre oportunidades, seja de purificar relacionamentos, seja de servir em coopera\u00e7\u00e3o. Aos poucos vamos sendo resgatados a n\u00edveis superiores de consci\u00eancia.<\/em><\/p>\n<p>&nbsp;<br \/>\n<strong>Ou\u00e7a agora:<\/strong><\/p>\n<p><span data-href=\"https:\/\/www.irdin.org.br\/site\/envios\/audios\/0014_0247__por_por__temas_de_ontem_de_hoje_e_de_amanha.mp3\" data-title=\"temas de ontem, de hoje e de amanh\u00e3\" data-rel=\"\" data-target=\"\" data-meta=\"#fap-meta-69ff72f4b8cb4\" class=\"fap-single-track fap-track-button fap-play-button\" data-enqueue=\"no\" data-autoenqueue=\"no\" title=\"temas de ontem, de hoje e de amanh\u00e3\"><span class=\"fap-icon-play\"><\/span>Ouvir<\/span> <a href=\"https:\/\/www.irdin.org.br\/site\/envios\/audios\/0014_0247__por_por__temas_de_ontem_de_hoje_e_de_amanha.mp3\" class=\"baixar\" download><span class=\"fa fa-arrow-down\"><\/span>Baixar<\/span><\/a> <span class=\"textobaixar\"> temas de ontem, de hoje e de amanh\u00e3<\/span><\/p>\n<p>&nbsp;<\/p>\n","protected":false},"excerpt":{"rendered":"<p>Nossa situa\u00e7\u00e3o de vida pode ser cada vez mais din\u00e2mica e tudo pode ser mudado quando nos transformamos. Podemos ampliar<\/p>\n","protected":false},"featured_media":37803,"template":"","meta":{"_acf_changed":false},"product_brand":[],"product_cat":[18076,33068],"product_tag":[42573],"class_list":{"0":"post-84636","1":"product","2":"type-product","3":"status-publish","4":"has-post-thumbnail","6":"product_cat-cddvd","7":"product_cat-palestras","8":"product_tag-42573","9":"pa_autor-trigueirinho","10":"pa_codigo-da-serie-32103","11":"pa_codigo-externo-00140247porcd","12":"pa_data-de-gravacao-19251","13":"pa_duracao-51min","14":"pa_idioma-de-destino-portugues","15":"pa_idioma-de-origem-portugues","16":"pa_lancamento-no","17":"pa_midia-cd","18":"pa_moac-42572","19":"pa_quantidade-de-saldo-33067","20":"pa_sequencial-da-serie-32512","21":"pa_tipo-de-traducao-nao-classificado","23":"first","24":"outofstock","25":"product-type-simple"},"acf":[],"_links":{"self":[{"href":"https:\/\/www.irdin.org.br\/site\/wp-json\/wp\/v2\/product\/84636","targetHints":{"allow":["GET"]}}],"collection":[{"href":"https:\/\/www.irdin.org.br\/site\/wp-json\/wp\/v2\/product"}],"about":[{"href":"https:\/\/www.irdin.org.br\/site\/wp-json\/wp\/v2\/types\/product"}],"version-history":[{"count":1,"href":"https:\/\/www.irdin.org.br\/site\/wp-json\/wp\/v2\/product\/84636\/revisions"}],"predecessor-version":[{"id":107388,"href":"https:\/\/www.irdin.org.br\/site\/wp-json\/wp\/v2\/product\/84636\/revisions\/107388"}],"wp:featuredmedia":[{"embeddable":true,"href":"https:\/\/www.irdin.org.br\/site\/wp-json\/wp\/v2\/media\/37803"}],"wp:attachment":[{"href":"https:\/\/www.irdin.org.br\/site\/wp-json\/wp\/v2\/media?parent=84636"}],"wp:term":[{"taxonomy":"product_brand","embeddable":true,"href":"https:\/\/www.irdin.org.br\/site\/wp-json\/wp\/v2\/product_brand?post=84636"},{"taxonomy":"product_cat","embeddable":true,"href":"https:\/\/www.irdin.org.br\/site\/wp-json\/wp\/v2\/product_cat?post=84636"},{"taxonomy":"product_tag","embeddable":true,"href":"https:\/\/www.irdin.org.br\/site\/wp-json\/wp\/v2\/product_tag?post=84636"}],"curies":[{"name":"wp","href":"https:\/\/api.w.org\/{rel}","templated":true}]}}