{"id":84641,"date":"2018-04-26T18:42:11","date_gmt":"2018-04-26T18:42:11","guid":{"rendered":"http:\/\/www.irdin.org.br\/site\/produto\/corpos-humanos-e-cura-pela-dor\/"},"modified":"2024-09-23T01:15:48","modified_gmt":"2024-09-23T01:15:48","slug":"corpos-humanos-e-cura-pela-dor","status":"publish","type":"product","link":"https:\/\/www.irdin.org.br\/site\/produtos\/corpos-humanos-e-cura-pela-dor\/","title":{"rendered":"Corpos humanos e cura pela dor"},"content":{"rendered":"<p><em>Ao cuidarmos da evolu\u00e7\u00e3o superior, aperfei\u00e7oamos nossa atitude para com os corpos materiais: colaboramos no despertar de c\u00e9lulas adormecidas do c\u00e9rebro. Quanto \u00e0 dor, purifica a mat\u00e9ria e, se mudamos o modo de v\u00ea-la, entramos em novo relacionamento com a Vida.<\/em><\/p>\n<p>&nbsp;<br \/>\n<strong>Ou\u00e7a agora:<\/strong><\/p>\n<p><span data-href=\"https:\/\/www.irdin.org.br\/site\/envios\/audios\/0014_0252__por_por__corpos_humanos_e_cura_pela_dor.mp3\" data-title=\"corpos humanos e cura pela dor\" data-rel=\"\" data-target=\"\" data-meta=\"#fap-meta-6a0490b101f80\" class=\"fap-single-track fap-track-button fap-play-button\" data-enqueue=\"no\" data-autoenqueue=\"no\" title=\"corpos humanos e cura pela dor\"><span class=\"fap-icon-play\"><\/span>Ouvir<\/span> <a href=\"https:\/\/www.irdin.org.br\/site\/envios\/audios\/0014_0252__por_por__corpos_humanos_e_cura_pela_dor.mp3\" class=\"baixar\" download><span class=\"fa fa-arrow-down\"><\/span>Baixar<\/span><\/a> <span class=\"textobaixar\"> corpos humanos e cura pela dor<\/span><\/p>\n<p>&nbsp;<\/p>\n","protected":false},"excerpt":{"rendered":"<p>Ao cuidarmos da evolu\u00e7\u00e3o superior, aperfei\u00e7oamos nossa atitude para com os corpos materiais: colaboramos no despertar de c\u00e9lulas adormecidas do<\/p>\n","protected":false},"featured_media":37803,"template":"","meta":{"_acf_changed":false},"product_brand":[],"product_cat":[18076,33068],"product_tag":[42583],"class_list":{"0":"post-84641","1":"product","2":"type-product","3":"status-publish","4":"has-post-thumbnail","6":"product_cat-cddvd","7":"product_cat-palestras","8":"product_tag-42583","9":"pa_autor-trigueirinho","10":"pa_codigo-da-serie-32103","11":"pa_codigo-externo-00140252porcd","12":"pa_data-de-gravacao-19271","13":"pa_duracao-43min","14":"pa_idioma-de-destino-portugues","15":"pa_idioma-de-origem-portugues","16":"pa_lancamento-no","17":"pa_midia-cd","18":"pa_moac-42582","19":"pa_quantidade-de-saldo-33067","20":"pa_sequencial-da-serie-32522","21":"pa_tipo-de-traducao-nao-classificado","23":"first","24":"outofstock","25":"product-type-simple"},"acf":[],"_links":{"self":[{"href":"https:\/\/www.irdin.org.br\/site\/wp-json\/wp\/v2\/product\/84641","targetHints":{"allow":["GET"]}}],"collection":[{"href":"https:\/\/www.irdin.org.br\/site\/wp-json\/wp\/v2\/product"}],"about":[{"href":"https:\/\/www.irdin.org.br\/site\/wp-json\/wp\/v2\/types\/product"}],"version-history":[{"count":1,"href":"https:\/\/www.irdin.org.br\/site\/wp-json\/wp\/v2\/product\/84641\/revisions"}],"predecessor-version":[{"id":107356,"href":"https:\/\/www.irdin.org.br\/site\/wp-json\/wp\/v2\/product\/84641\/revisions\/107356"}],"wp:featuredmedia":[{"embeddable":true,"href":"https:\/\/www.irdin.org.br\/site\/wp-json\/wp\/v2\/media\/37803"}],"wp:attachment":[{"href":"https:\/\/www.irdin.org.br\/site\/wp-json\/wp\/v2\/media?parent=84641"}],"wp:term":[{"taxonomy":"product_brand","embeddable":true,"href":"https:\/\/www.irdin.org.br\/site\/wp-json\/wp\/v2\/product_brand?post=84641"},{"taxonomy":"product_cat","embeddable":true,"href":"https:\/\/www.irdin.org.br\/site\/wp-json\/wp\/v2\/product_cat?post=84641"},{"taxonomy":"product_tag","embeddable":true,"href":"https:\/\/www.irdin.org.br\/site\/wp-json\/wp\/v2\/product_tag?post=84641"}],"curies":[{"name":"wp","href":"https:\/\/api.w.org\/{rel}","templated":true}]}}