{"id":84643,"date":"2018-04-26T18:42:11","date_gmt":"2018-04-26T18:42:11","guid":{"rendered":"http:\/\/www.irdin.org.br\/site\/produto\/acoes-das-forcas-do-alto-sobre-nos\/"},"modified":"2024-09-23T01:16:17","modified_gmt":"2024-09-23T01:16:17","slug":"acoes-das-forcas-do-alto-sobre-nos","status":"publish","type":"product","link":"https:\/\/www.irdin.org.br\/site\/produtos\/acoes-das-forcas-do-alto-sobre-nos\/","title":{"rendered":"A\u00e7\u00f5es das for\u00e7as do Alto sobre n\u00f3s"},"content":{"rendered":"<p><em>Certas doen\u00e7as v\u00eam porque n\u00e3o sabemos receber as for\u00e7as do Alto. Mas, se nossa aspira\u00e7\u00e3o a nos transformarmos for verdadeira, descentrados de n\u00f3s mesmos podemos acolh\u00ea-las, atualizar-nos e passar a desempenhar o papel que nos cabe nesta vida.<\/em><\/p>\n<p>&nbsp;<br \/>\n<strong>Ou\u00e7a agora:<\/strong><\/p>\n<p><span data-href=\"https:\/\/www.irdin.org.br\/site\/envios\/audios\/0014_0254__por_por__acoes_das_forcas_do_alto_sobre_nos.mp3\" data-title=\"a\u00e7\u00f5es das for\u00e7as do alto sobre n\u00f3s\" data-rel=\"\" data-target=\"\" data-meta=\"#fap-meta-69e22112548fe\" class=\"fap-single-track fap-track-button fap-play-button\" data-enqueue=\"no\" data-autoenqueue=\"no\" title=\"a\u00e7\u00f5es das for\u00e7as do alto sobre n\u00f3s\"><span class=\"fap-icon-play\"><\/span>Ouvir<\/span> <a href=\"https:\/\/www.irdin.org.br\/site\/envios\/audios\/0014_0254__por_por__acoes_das_forcas_do_alto_sobre_nos.mp3\" class=\"baixar\" download><span class=\"fa fa-arrow-down\"><\/span>Baixar<\/span><\/a> <span class=\"textobaixar\"> a\u00e7\u00f5es das for\u00e7as do alto sobre n\u00f3s<\/span><\/p>\n<p>&nbsp;<\/p>\n","protected":false},"excerpt":{"rendered":"<p>Certas doen\u00e7as v\u00eam porque n\u00e3o sabemos receber as for\u00e7as do Alto. Mas, se nossa aspira\u00e7\u00e3o a nos transformarmos for verdadeira,<\/p>\n","protected":false},"featured_media":37803,"template":"","meta":{"_acf_changed":false},"product_brand":[],"product_cat":[18076,33068],"product_tag":[42587],"class_list":{"0":"post-84643","1":"product","2":"type-product","3":"status-publish","4":"has-post-thumbnail","6":"product_cat-cddvd","7":"product_cat-palestras","8":"product_tag-42587","9":"pa_autor-trigueirinho","10":"pa_codigo-da-serie-32103","11":"pa_codigo-externo-00140254porcd","12":"pa_data-de-gravacao-19279","13":"pa_duracao-33min","14":"pa_idioma-de-destino-portugues","15":"pa_idioma-de-origem-portugues","16":"pa_lancamento-no","17":"pa_midia-cd","18":"pa_moac-42586","19":"pa_quantidade-de-saldo-33067","20":"pa_sequencial-da-serie-32526","21":"pa_tipo-de-traducao-nao-classificado","23":"first","24":"outofstock","25":"product-type-simple"},"acf":[],"_links":{"self":[{"href":"https:\/\/www.irdin.org.br\/site\/wp-json\/wp\/v2\/product\/84643","targetHints":{"allow":["GET"]}}],"collection":[{"href":"https:\/\/www.irdin.org.br\/site\/wp-json\/wp\/v2\/product"}],"about":[{"href":"https:\/\/www.irdin.org.br\/site\/wp-json\/wp\/v2\/types\/product"}],"version-history":[{"count":1,"href":"https:\/\/www.irdin.org.br\/site\/wp-json\/wp\/v2\/product\/84643\/revisions"}],"predecessor-version":[{"id":107358,"href":"https:\/\/www.irdin.org.br\/site\/wp-json\/wp\/v2\/product\/84643\/revisions\/107358"}],"wp:featuredmedia":[{"embeddable":true,"href":"https:\/\/www.irdin.org.br\/site\/wp-json\/wp\/v2\/media\/37803"}],"wp:attachment":[{"href":"https:\/\/www.irdin.org.br\/site\/wp-json\/wp\/v2\/media?parent=84643"}],"wp:term":[{"taxonomy":"product_brand","embeddable":true,"href":"https:\/\/www.irdin.org.br\/site\/wp-json\/wp\/v2\/product_brand?post=84643"},{"taxonomy":"product_cat","embeddable":true,"href":"https:\/\/www.irdin.org.br\/site\/wp-json\/wp\/v2\/product_cat?post=84643"},{"taxonomy":"product_tag","embeddable":true,"href":"https:\/\/www.irdin.org.br\/site\/wp-json\/wp\/v2\/product_tag?post=84643"}],"curies":[{"name":"wp","href":"https:\/\/api.w.org\/{rel}","templated":true}]}}