{"id":84645,"date":"2018-04-26T18:42:11","date_gmt":"2018-04-26T18:42:11","guid":{"rendered":"http:\/\/www.irdin.org.br\/site\/produto\/um-lado-esoterico-do-poder\/"},"modified":"2024-09-23T01:16:39","modified_gmt":"2024-09-23T01:16:39","slug":"um-lado-esoterico-do-poder","status":"publish","type":"product","link":"https:\/\/www.irdin.org.br\/site\/produtos\/um-lado-esoterico-do-poder\/","title":{"rendered":"Um lado esot\u00e9rico do poder"},"content":{"rendered":"<p><em>Neste sistema solar, pelo amor se chega ao poder verdadeiro, que transforma o mundo. Esse poder est\u00e1 hoje mais dispon\u00edvel no centro da nossa consci\u00eancia, capacitando-nos a realiza\u00e7\u00f5es maiores.<\/em><\/p>\n<p>&nbsp;<br \/>\n<strong>Ou\u00e7a agora:<\/strong><\/p>\n<p><span data-href=\"https:\/\/www.irdin.org.br\/site\/envios\/audios\/0014_0256__por_por__um_lado_esoterico_do_poder.mp3\" data-title=\"um lado esot\u00e9rico do poder\" data-rel=\"\" data-target=\"\" data-meta=\"#fap-meta-69e828137097a\" class=\"fap-single-track fap-track-button fap-play-button\" data-enqueue=\"no\" data-autoenqueue=\"no\" title=\"um lado esot\u00e9rico do poder\"><span class=\"fap-icon-play\"><\/span>Ouvir<\/span> <a href=\"https:\/\/www.irdin.org.br\/site\/envios\/audios\/0014_0256__por_por__um_lado_esoterico_do_poder.mp3\" class=\"baixar\" download><span class=\"fa fa-arrow-down\"><\/span>Baixar<\/span><\/a> <span class=\"textobaixar\"> um lado esot\u00e9rico do poder<\/span><\/p>\n<p>&nbsp;<\/p>\n","protected":false},"excerpt":{"rendered":"<p>Neste sistema solar, pelo amor se chega ao poder verdadeiro, que transforma o mundo. Esse poder est\u00e1 hoje mais dispon\u00edvel<\/p>\n","protected":false},"featured_media":37803,"template":"","meta":{"_acf_changed":false},"product_brand":[],"product_cat":[18076,33068],"product_tag":[42591],"class_list":{"0":"post-84645","1":"product","2":"type-product","3":"status-publish","4":"has-post-thumbnail","6":"product_cat-cddvd","7":"product_cat-palestras","8":"product_tag-42591","9":"pa_autor-trigueirinho","10":"pa_codigo-da-serie-32103","11":"pa_codigo-externo-00140256porcd","12":"pa_data-de-gravacao-19288","13":"pa_duracao-34min","14":"pa_idioma-de-destino-portugues","15":"pa_idioma-de-origem-portugues","16":"pa_lancamento-no","17":"pa_midia-cd","18":"pa_moac-42590","19":"pa_quantidade-de-saldo-33067","20":"pa_sequencial-da-serie-32530","21":"pa_tipo-de-traducao-nao-classificado","23":"first","24":"outofstock","25":"product-type-simple"},"acf":[],"_links":{"self":[{"href":"https:\/\/www.irdin.org.br\/site\/wp-json\/wp\/v2\/product\/84645","targetHints":{"allow":["GET"]}}],"collection":[{"href":"https:\/\/www.irdin.org.br\/site\/wp-json\/wp\/v2\/product"}],"about":[{"href":"https:\/\/www.irdin.org.br\/site\/wp-json\/wp\/v2\/types\/product"}],"version-history":[{"count":1,"href":"https:\/\/www.irdin.org.br\/site\/wp-json\/wp\/v2\/product\/84645\/revisions"}],"predecessor-version":[{"id":107360,"href":"https:\/\/www.irdin.org.br\/site\/wp-json\/wp\/v2\/product\/84645\/revisions\/107360"}],"wp:featuredmedia":[{"embeddable":true,"href":"https:\/\/www.irdin.org.br\/site\/wp-json\/wp\/v2\/media\/37803"}],"wp:attachment":[{"href":"https:\/\/www.irdin.org.br\/site\/wp-json\/wp\/v2\/media?parent=84645"}],"wp:term":[{"taxonomy":"product_brand","embeddable":true,"href":"https:\/\/www.irdin.org.br\/site\/wp-json\/wp\/v2\/product_brand?post=84645"},{"taxonomy":"product_cat","embeddable":true,"href":"https:\/\/www.irdin.org.br\/site\/wp-json\/wp\/v2\/product_cat?post=84645"},{"taxonomy":"product_tag","embeddable":true,"href":"https:\/\/www.irdin.org.br\/site\/wp-json\/wp\/v2\/product_tag?post=84645"}],"curies":[{"name":"wp","href":"https:\/\/api.w.org\/{rel}","templated":true}]}}