{"id":84649,"date":"2018-04-26T18:42:11","date_gmt":"2018-04-26T18:42:11","guid":{"rendered":"http:\/\/www.irdin.org.br\/site\/produto\/fraternidade-e-alivio-para-a-dor\/"},"modified":"2024-09-23T01:17:20","modified_gmt":"2024-09-23T01:17:20","slug":"fraternidade-e-alivio-para-a-dor","status":"publish","type":"product","link":"https:\/\/www.irdin.org.br\/site\/produtos\/fraternidade-e-alivio-para-a-dor\/","title":{"rendered":"Fraternidade e al\u00edvio para a dor"},"content":{"rendered":"<p><em>Uma fraternidade espiritual n\u00e3o \u00e9 forjada por decis\u00f5es mentais nem por desejos. Criada por des\u00edgnios superiores, atrai e canaliza a energia da Hierarquia interna do planeta para ajudar a aliviar a dor do mundo.<\/em><\/p>\n<p>&nbsp;<br \/>\n<strong>Ou\u00e7a agora:<\/strong><\/p>\n<p><span data-href=\"https:\/\/www.irdin.org.br\/site\/envios\/audios\/0014_0259__por_por__fraternidade_e_alivio_para_a_dor.mp3\" data-title=\"fraternidade e al\u00edvio para a dor\" data-rel=\"\" data-target=\"\" data-meta=\"#fap-meta-69e39c8d1394f\" class=\"fap-single-track fap-track-button fap-play-button\" data-enqueue=\"no\" data-autoenqueue=\"no\" title=\"fraternidade e al\u00edvio para a dor\"><span class=\"fap-icon-play\"><\/span>Ouvir<\/span> <a href=\"https:\/\/www.irdin.org.br\/site\/envios\/audios\/0014_0259__por_por__fraternidade_e_alivio_para_a_dor.mp3\" class=\"baixar\" download><span class=\"fa fa-arrow-down\"><\/span>Baixar<\/span><\/a> <span class=\"textobaixar\"> fraternidade e al\u00edvio para a dor<\/span><\/p>\n<p>&nbsp;<\/p>\n","protected":false},"excerpt":{"rendered":"<p>Uma fraternidade espiritual n\u00e3o \u00e9 forjada por decis\u00f5es mentais nem por desejos. Criada por des\u00edgnios superiores, atrai e canaliza a<\/p>\n","protected":false},"featured_media":37803,"template":"","meta":{"_acf_changed":false},"product_brand":[],"product_cat":[18076,33068],"product_tag":[42599],"class_list":{"0":"post-84649","1":"product","2":"type-product","3":"status-publish","4":"has-post-thumbnail","6":"product_cat-cddvd","7":"product_cat-palestras","8":"product_tag-42599","9":"pa_autor-trigueirinho","10":"pa_codigo-da-serie-32103","11":"pa_codigo-externo-00140259porcd","12":"pa_data-de-gravacao-19303","13":"pa_duracao-41min","14":"pa_idioma-de-destino-portugues","15":"pa_idioma-de-origem-portugues","16":"pa_lancamento-no","17":"pa_midia-cd","18":"pa_moac-42598","19":"pa_quantidade-de-saldo-33067","20":"pa_sequencial-da-serie-32537","21":"pa_tipo-de-traducao-nao-classificado","23":"first","24":"outofstock","25":"product-type-simple"},"acf":[],"_links":{"self":[{"href":"https:\/\/www.irdin.org.br\/site\/wp-json\/wp\/v2\/product\/84649","targetHints":{"allow":["GET"]}}],"collection":[{"href":"https:\/\/www.irdin.org.br\/site\/wp-json\/wp\/v2\/product"}],"about":[{"href":"https:\/\/www.irdin.org.br\/site\/wp-json\/wp\/v2\/types\/product"}],"version-history":[{"count":1,"href":"https:\/\/www.irdin.org.br\/site\/wp-json\/wp\/v2\/product\/84649\/revisions"}],"predecessor-version":[{"id":107363,"href":"https:\/\/www.irdin.org.br\/site\/wp-json\/wp\/v2\/product\/84649\/revisions\/107363"}],"wp:featuredmedia":[{"embeddable":true,"href":"https:\/\/www.irdin.org.br\/site\/wp-json\/wp\/v2\/media\/37803"}],"wp:attachment":[{"href":"https:\/\/www.irdin.org.br\/site\/wp-json\/wp\/v2\/media?parent=84649"}],"wp:term":[{"taxonomy":"product_brand","embeddable":true,"href":"https:\/\/www.irdin.org.br\/site\/wp-json\/wp\/v2\/product_brand?post=84649"},{"taxonomy":"product_cat","embeddable":true,"href":"https:\/\/www.irdin.org.br\/site\/wp-json\/wp\/v2\/product_cat?post=84649"},{"taxonomy":"product_tag","embeddable":true,"href":"https:\/\/www.irdin.org.br\/site\/wp-json\/wp\/v2\/product_tag?post=84649"}],"curies":[{"name":"wp","href":"https:\/\/api.w.org\/{rel}","templated":true}]}}