{"id":84652,"date":"2018-04-26T18:42:11","date_gmt":"2018-04-26T18:42:11","guid":{"rendered":"http:\/\/www.irdin.org.br\/site\/produto\/comunicacoes-e-comunicadores\/"},"modified":"2024-09-23T01:17:54","modified_gmt":"2024-09-23T01:17:54","slug":"comunicacoes-e-comunicadores","status":"publish","type":"product","link":"https:\/\/www.irdin.org.br\/site\/produtos\/comunicacoes-e-comunicadores\/","title":{"rendered":"Comunica\u00e7\u00f5es e comunicadores"},"content":{"rendered":"<p><em>Verdadeiras comunica\u00e7\u00f5es espirituais recebidas com o cora\u00e7\u00e3o n\u00e3o dizem respeito a condi\u00e7\u00f5es humanas, mas ao Plano Evolutivo. Novos padr\u00f5es de vida manifestam-se em grupos de servi\u00e7o que atuam com o fogo da alma.<\/em><\/p>\n<p>&nbsp;<br \/>\n<strong>Ou\u00e7a agora:<\/strong><\/p>\n<p><span data-href=\"https:\/\/www.irdin.org.br\/site\/envios\/audios\/0014_0262__por_por__comunicacoes_e_comunicadores.mp3\" data-title=\"comunica\u00e7\u00f5es e comunicadores\" data-rel=\"\" data-target=\"\" data-meta=\"#fap-meta-69fe30e6e6f42\" class=\"fap-single-track fap-track-button fap-play-button\" data-enqueue=\"no\" data-autoenqueue=\"no\" title=\"comunica\u00e7\u00f5es e comunicadores\"><span class=\"fap-icon-play\"><\/span>Ouvir<\/span> <a href=\"https:\/\/www.irdin.org.br\/site\/envios\/audios\/0014_0262__por_por__comunicacoes_e_comunicadores.mp3\" class=\"baixar\" download><span class=\"fa fa-arrow-down\"><\/span>Baixar<\/span><\/a> <span class=\"textobaixar\"> comunica\u00e7\u00f5es e comunicadores<\/span><\/p>\n<p>&nbsp;<\/p>\n","protected":false},"excerpt":{"rendered":"<p>Verdadeiras comunica\u00e7\u00f5es espirituais recebidas com o cora\u00e7\u00e3o n\u00e3o dizem respeito a condi\u00e7\u00f5es humanas, mas ao Plano Evolutivo. Novos padr\u00f5es de<\/p>\n","protected":false},"featured_media":37803,"template":"","meta":{"_acf_changed":false},"product_brand":[],"product_cat":[18076,33068],"product_tag":[42605],"class_list":{"0":"post-84652","1":"product","2":"type-product","3":"status-publish","4":"has-post-thumbnail","6":"product_cat-cddvd","7":"product_cat-palestras","8":"product_tag-42605","9":"pa_autor-trigueirinho","10":"pa_codigo-da-serie-32103","11":"pa_codigo-externo-00140262porcd","12":"pa_data-de-gravacao-19316","13":"pa_duracao-43min","14":"pa_idioma-de-destino-portugues","15":"pa_idioma-de-origem-portugues","16":"pa_lancamento-no","17":"pa_midia-cd","18":"pa_moac-42604","19":"pa_quantidade-de-saldo-33067","20":"pa_sequencial-da-serie-32543","21":"pa_tipo-de-traducao-nao-classificado","23":"first","24":"outofstock","25":"product-type-simple"},"acf":[],"_links":{"self":[{"href":"https:\/\/www.irdin.org.br\/site\/wp-json\/wp\/v2\/product\/84652","targetHints":{"allow":["GET"]}}],"collection":[{"href":"https:\/\/www.irdin.org.br\/site\/wp-json\/wp\/v2\/product"}],"about":[{"href":"https:\/\/www.irdin.org.br\/site\/wp-json\/wp\/v2\/types\/product"}],"version-history":[{"count":1,"href":"https:\/\/www.irdin.org.br\/site\/wp-json\/wp\/v2\/product\/84652\/revisions"}],"predecessor-version":[{"id":107366,"href":"https:\/\/www.irdin.org.br\/site\/wp-json\/wp\/v2\/product\/84652\/revisions\/107366"}],"wp:featuredmedia":[{"embeddable":true,"href":"https:\/\/www.irdin.org.br\/site\/wp-json\/wp\/v2\/media\/37803"}],"wp:attachment":[{"href":"https:\/\/www.irdin.org.br\/site\/wp-json\/wp\/v2\/media?parent=84652"}],"wp:term":[{"taxonomy":"product_brand","embeddable":true,"href":"https:\/\/www.irdin.org.br\/site\/wp-json\/wp\/v2\/product_brand?post=84652"},{"taxonomy":"product_cat","embeddable":true,"href":"https:\/\/www.irdin.org.br\/site\/wp-json\/wp\/v2\/product_cat?post=84652"},{"taxonomy":"product_tag","embeddable":true,"href":"https:\/\/www.irdin.org.br\/site\/wp-json\/wp\/v2\/product_tag?post=84652"}],"curies":[{"name":"wp","href":"https:\/\/api.w.org\/{rel}","templated":true}]}}