{"id":84656,"date":"2018-04-26T18:42:11","date_gmt":"2018-04-26T18:42:11","guid":{"rendered":"http:\/\/www.irdin.org.br\/site\/produto\/difusao-do-ensinamento-em-tempos-de-caos\/"},"modified":"2024-09-23T01:18:42","modified_gmt":"2024-09-23T01:18:42","slug":"difusao-do-ensinamento-em-tempos-de-caos","status":"publish","type":"product","link":"https:\/\/www.irdin.org.br\/site\/produtos\/difusao-do-ensinamento-em-tempos-de-caos\/","title":{"rendered":"Difus\u00e3o do Ensinamento em tempos de caos"},"content":{"rendered":"<p><em>Quando somos inclu\u00eddos na aura de uma Hierarquia espiritual, nossas capacidades se ampliam. Podemos atuar evolutivamente mesmo em meio \u00e0s maiores desordens planet\u00e1rias.<\/em><\/p>\n<p>&nbsp;<br \/>\n<strong>Ou\u00e7a agora:<\/strong><\/p>\n<p><span data-href=\"https:\/\/www.irdin.org.br\/site\/envios\/audios\/0014_0266__por_por__difusao_do_ensinamento_em_tempos_de_caos.mp3\" data-title=\"difus\u00e3o do ensinamento em tempos de caos\" data-rel=\"\" data-target=\"\" data-meta=\"#fap-meta-6a0a33187c5ba\" class=\"fap-single-track fap-track-button fap-play-button\" data-enqueue=\"no\" data-autoenqueue=\"no\" title=\"difus\u00e3o do ensinamento em tempos de caos\"><span class=\"fap-icon-play\"><\/span>Ouvir<\/span> <a href=\"https:\/\/www.irdin.org.br\/site\/envios\/audios\/0014_0266__por_por__difusao_do_ensinamento_em_tempos_de_caos.mp3\" class=\"baixar\" download><span class=\"fa fa-arrow-down\"><\/span>Baixar<\/span><\/a> <span class=\"textobaixar\"> difus\u00e3o do ensinamento em tempos de caos<\/span><\/p>\n<p>&nbsp;<\/p>\n","protected":false},"excerpt":{"rendered":"<p>Quando somos inclu\u00eddos na aura de uma Hierarquia espiritual, nossas capacidades se ampliam. Podemos atuar evolutivamente mesmo em meio \u00e0s<\/p>\n","protected":false},"featured_media":37803,"template":"","meta":{"_acf_changed":false},"product_brand":[],"product_cat":[18076,33068],"product_tag":[42613],"class_list":{"0":"post-84656","1":"product","2":"type-product","3":"status-publish","4":"has-post-thumbnail","6":"product_cat-cddvd","7":"product_cat-palestras","8":"product_tag-42613","9":"pa_autor-trigueirinho","10":"pa_codigo-da-serie-32103","11":"pa_codigo-externo-00140266porcd","12":"pa_data-de-gravacao-19334","13":"pa_duracao-49min","14":"pa_idioma-de-destino-portugues","15":"pa_idioma-de-origem-portugues","16":"pa_lancamento-no","17":"pa_midia-cd","18":"pa_moac-42612","19":"pa_quantidade-de-saldo-33067","20":"pa_sequencial-da-serie-32551","21":"pa_tipo-de-traducao-nao-classificado","23":"first","24":"outofstock","25":"product-type-simple"},"acf":[],"_links":{"self":[{"href":"https:\/\/www.irdin.org.br\/site\/wp-json\/wp\/v2\/product\/84656","targetHints":{"allow":["GET"]}}],"collection":[{"href":"https:\/\/www.irdin.org.br\/site\/wp-json\/wp\/v2\/product"}],"about":[{"href":"https:\/\/www.irdin.org.br\/site\/wp-json\/wp\/v2\/types\/product"}],"version-history":[{"count":1,"href":"https:\/\/www.irdin.org.br\/site\/wp-json\/wp\/v2\/product\/84656\/revisions"}],"predecessor-version":[{"id":107370,"href":"https:\/\/www.irdin.org.br\/site\/wp-json\/wp\/v2\/product\/84656\/revisions\/107370"}],"wp:featuredmedia":[{"embeddable":true,"href":"https:\/\/www.irdin.org.br\/site\/wp-json\/wp\/v2\/media\/37803"}],"wp:attachment":[{"href":"https:\/\/www.irdin.org.br\/site\/wp-json\/wp\/v2\/media?parent=84656"}],"wp:term":[{"taxonomy":"product_brand","embeddable":true,"href":"https:\/\/www.irdin.org.br\/site\/wp-json\/wp\/v2\/product_brand?post=84656"},{"taxonomy":"product_cat","embeddable":true,"href":"https:\/\/www.irdin.org.br\/site\/wp-json\/wp\/v2\/product_cat?post=84656"},{"taxonomy":"product_tag","embeddable":true,"href":"https:\/\/www.irdin.org.br\/site\/wp-json\/wp\/v2\/product_tag?post=84656"}],"curies":[{"name":"wp","href":"https:\/\/api.w.org\/{rel}","templated":true}]}}