{"id":84660,"date":"2018-04-26T18:42:33","date_gmt":"2018-04-26T18:42:33","guid":{"rendered":"http:\/\/www.irdin.org.br\/site\/produto\/do-corpo-fisico-ao-corpo-de-luz\/"},"modified":"2024-09-23T01:11:22","modified_gmt":"2024-09-23T01:11:22","slug":"do-corpo-fisico-ao-corpo-de-luz","status":"publish","type":"product","link":"https:\/\/www.irdin.org.br\/site\/produtos\/do-corpo-fisico-ao-corpo-de-luz\/","title":{"rendered":"Do corpo f\u00edsico ao corpo de luz"},"content":{"rendered":"<p><em>\u00c0 medida que os corpos da personalidade v\u00e3o se tornando sutis, cada um dentro de seu limite, o corpo de luz vai se tornando livre e ativo no n\u00edvel espiritual, onde hoje mais se pode servir ao planeta.<\/em><\/p>\n<p>&nbsp;<br \/>\n<strong>Ou\u00e7a agora:<\/strong><\/p>\n<p><span data-href=\"https:\/\/www.irdin.org.br\/site\/envios\/audios\/0014_0270__por_por__do_corpo_fisico_ao_corpo_de_luz.mp3\" data-title=\"do corpo f\u00edsico ao corpo de luz\" data-rel=\"\" data-target=\"\" data-meta=\"#fap-meta-69f7938049a3b\" class=\"fap-single-track fap-track-button fap-play-button\" data-enqueue=\"no\" data-autoenqueue=\"no\" title=\"do corpo f\u00edsico ao corpo de luz\"><span class=\"fap-icon-play\"><\/span>Ouvir<\/span> <a href=\"https:\/\/www.irdin.org.br\/site\/envios\/audios\/0014_0270__por_por__do_corpo_fisico_ao_corpo_de_luz.mp3\" class=\"baixar\" download><span class=\"fa fa-arrow-down\"><\/span>Baixar<\/span><\/a> <span class=\"textobaixar\"> do corpo f\u00edsico ao corpo de luz<\/span><\/p>\n<p>&nbsp;<\/p>\n","protected":false},"excerpt":{"rendered":"<p>\u00c0 medida que os corpos da personalidade v\u00e3o se tornando sutis, cada um dentro de seu limite, o corpo de<\/p>\n","protected":false},"featured_media":37803,"template":"","meta":{"_acf_changed":false},"product_brand":[],"product_cat":[18076,33068],"product_tag":[42621],"class_list":{"0":"post-84660","1":"product","2":"type-product","3":"status-publish","4":"has-post-thumbnail","6":"product_cat-cddvd","7":"product_cat-palestras","8":"product_tag-42621","9":"pa_autor-trigueirinho","10":"pa_codigo-da-serie-32103","11":"pa_codigo-externo-00140270porcd","12":"pa_data-de-gravacao-19350","13":"pa_duracao-35min","14":"pa_idioma-de-destino-portugues","15":"pa_idioma-de-origem-portugues","16":"pa_lancamento-no","17":"pa_midia-cd","18":"pa_moac-42620","19":"pa_quantidade-de-saldo-33067","20":"pa_sequencial-da-serie-32559","21":"pa_tipo-de-traducao-nao-classificado","23":"first","24":"outofstock","25":"product-type-simple"},"acf":[],"_links":{"self":[{"href":"https:\/\/www.irdin.org.br\/site\/wp-json\/wp\/v2\/product\/84660","targetHints":{"allow":["GET"]}}],"collection":[{"href":"https:\/\/www.irdin.org.br\/site\/wp-json\/wp\/v2\/product"}],"about":[{"href":"https:\/\/www.irdin.org.br\/site\/wp-json\/wp\/v2\/types\/product"}],"version-history":[{"count":1,"href":"https:\/\/www.irdin.org.br\/site\/wp-json\/wp\/v2\/product\/84660\/revisions"}],"predecessor-version":[{"id":107335,"href":"https:\/\/www.irdin.org.br\/site\/wp-json\/wp\/v2\/product\/84660\/revisions\/107335"}],"wp:featuredmedia":[{"embeddable":true,"href":"https:\/\/www.irdin.org.br\/site\/wp-json\/wp\/v2\/media\/37803"}],"wp:attachment":[{"href":"https:\/\/www.irdin.org.br\/site\/wp-json\/wp\/v2\/media?parent=84660"}],"wp:term":[{"taxonomy":"product_brand","embeddable":true,"href":"https:\/\/www.irdin.org.br\/site\/wp-json\/wp\/v2\/product_brand?post=84660"},{"taxonomy":"product_cat","embeddable":true,"href":"https:\/\/www.irdin.org.br\/site\/wp-json\/wp\/v2\/product_cat?post=84660"},{"taxonomy":"product_tag","embeddable":true,"href":"https:\/\/www.irdin.org.br\/site\/wp-json\/wp\/v2\/product_tag?post=84660"}],"curies":[{"name":"wp","href":"https:\/\/api.w.org\/{rel}","templated":true}]}}