{"id":84663,"date":"2018-04-26T18:42:33","date_gmt":"2018-04-26T18:42:33","guid":{"rendered":"http:\/\/www.irdin.org.br\/site\/produto\/a-casa-luz-da-colina-e-as-leis-do-caminho-grupal\/"},"modified":"2024-09-23T01:12:03","modified_gmt":"2024-09-23T01:12:03","slug":"a-casa-luz-da-colina-e-as-leis-do-caminho-grupal","status":"publish","type":"product","link":"https:\/\/www.irdin.org.br\/site\/produtos\/a-casa-luz-da-colina-e-as-leis-do-caminho-grupal\/","title":{"rendered":"A Casa Luz da Colina e as leis do caminho grupal"},"content":{"rendered":"<p><em>O que precisamos ter presente para que nosso servi\u00e7o evolutivo seja universal, n\u00e3o sect\u00e1rio, e atenda a todos os reinos da Natureza.<\/em><\/p>\n<p>&nbsp;<br \/>\n<strong>Ou\u00e7a agora:<\/strong><\/p>\n<p><span data-href=\"https:\/\/www.irdin.org.br\/site\/envios\/audios\/0014_0272__por_por__a_casa_luz_da_colina_e_as_leis_do_caminho_grupal.mp3\" data-title=\"a casa luz da colina e as leis do caminho grupal\" data-rel=\"\" data-target=\"\" data-meta=\"#fap-meta-69fe126677c10\" class=\"fap-single-track fap-track-button fap-play-button\" data-enqueue=\"no\" data-autoenqueue=\"no\" title=\"a casa luz da colina e as leis do caminho grupal\"><span class=\"fap-icon-play\"><\/span>Ouvir<\/span> <a href=\"https:\/\/www.irdin.org.br\/site\/envios\/audios\/0014_0272__por_por__a_casa_luz_da_colina_e_as_leis_do_caminho_grupal.mp3\" class=\"baixar\" download><span class=\"fa fa-arrow-down\"><\/span>Baixar<\/span><\/a> <span class=\"textobaixar\"> a casa luz da colina e as leis do caminho grupal<\/span><\/p>\n<p>&nbsp;<\/p>\n","protected":false},"excerpt":{"rendered":"<p>O que precisamos ter presente para que nosso servi\u00e7o evolutivo seja universal, n\u00e3o sect\u00e1rio, e atenda a todos os reinos<\/p>\n","protected":false},"featured_media":37803,"template":"","meta":{"_acf_changed":false},"product_brand":[],"product_cat":[18076,33068],"product_tag":[42627],"class_list":{"0":"post-84663","1":"product","2":"type-product","3":"status-publish","4":"has-post-thumbnail","6":"product_cat-cddvd","7":"product_cat-palestras","8":"product_tag-42627","9":"pa_autor-trigueirinho","10":"pa_codigo-da-serie-32103","11":"pa_codigo-externo-00140272porcd","12":"pa_data-de-gravacao-19362","13":"pa_duracao-26min","14":"pa_idioma-de-destino-portugues","15":"pa_idioma-de-origem-portugues","16":"pa_lancamento-no","17":"pa_midia-cd","18":"pa_moac-42626","19":"pa_quantidade-de-saldo-33067","20":"pa_sequencial-da-serie-32565","21":"pa_tipo-de-traducao-nao-classificado","23":"first","24":"outofstock","25":"product-type-simple"},"acf":[],"_links":{"self":[{"href":"https:\/\/www.irdin.org.br\/site\/wp-json\/wp\/v2\/product\/84663","targetHints":{"allow":["GET"]}}],"collection":[{"href":"https:\/\/www.irdin.org.br\/site\/wp-json\/wp\/v2\/product"}],"about":[{"href":"https:\/\/www.irdin.org.br\/site\/wp-json\/wp\/v2\/types\/product"}],"version-history":[{"count":1,"href":"https:\/\/www.irdin.org.br\/site\/wp-json\/wp\/v2\/product\/84663\/revisions"}],"predecessor-version":[{"id":107338,"href":"https:\/\/www.irdin.org.br\/site\/wp-json\/wp\/v2\/product\/84663\/revisions\/107338"}],"wp:featuredmedia":[{"embeddable":true,"href":"https:\/\/www.irdin.org.br\/site\/wp-json\/wp\/v2\/media\/37803"}],"wp:attachment":[{"href":"https:\/\/www.irdin.org.br\/site\/wp-json\/wp\/v2\/media?parent=84663"}],"wp:term":[{"taxonomy":"product_brand","embeddable":true,"href":"https:\/\/www.irdin.org.br\/site\/wp-json\/wp\/v2\/product_brand?post=84663"},{"taxonomy":"product_cat","embeddable":true,"href":"https:\/\/www.irdin.org.br\/site\/wp-json\/wp\/v2\/product_cat?post=84663"},{"taxonomy":"product_tag","embeddable":true,"href":"https:\/\/www.irdin.org.br\/site\/wp-json\/wp\/v2\/product_tag?post=84663"}],"curies":[{"name":"wp","href":"https:\/\/api.w.org\/{rel}","templated":true}]}}