{"id":84665,"date":"2018-04-26T18:42:33","date_gmt":"2018-04-26T18:42:33","guid":{"rendered":"http:\/\/www.irdin.org.br\/site\/produto\/a-tentacao-essa-instrutora\/"},"modified":"2024-09-23T01:12:27","modified_gmt":"2024-09-23T01:12:27","slug":"a-tentacao-essa-instrutora","status":"publish","type":"product","link":"https:\/\/www.irdin.org.br\/site\/produtos\/a-tentacao-essa-instrutora\/","title":{"rendered":"A tenta\u00e7\u00e3o, essa instrutora"},"content":{"rendered":"<p><em>Expans\u00f5es especiais de consci\u00eancia ocorrem quando superamos tenta\u00e7\u00f5es.<\/em><\/p>\n<p>&nbsp;<br \/>\n<strong>Ou\u00e7a agora:<\/strong><\/p>\n<p><span data-href=\"https:\/\/www.irdin.org.br\/site\/envios\/audios\/0014_0276__por_por__a_tentacao_essa_instrutora.mp3\" data-title=\"a tenta\u00e7\u00e3o, essa instrutora\" data-rel=\"\" data-target=\"\" data-meta=\"#fap-meta-69e370935e593\" class=\"fap-single-track fap-track-button fap-play-button\" data-enqueue=\"no\" data-autoenqueue=\"no\" title=\"a tenta\u00e7\u00e3o, essa instrutora\"><span class=\"fap-icon-play\"><\/span>Ouvir<\/span> <a href=\"https:\/\/www.irdin.org.br\/site\/envios\/audios\/0014_0276__por_por__a_tentacao_essa_instrutora.mp3\" class=\"baixar\" download><span class=\"fa fa-arrow-down\"><\/span>Baixar<\/span><\/a> <span class=\"textobaixar\"> a tenta\u00e7\u00e3o, essa instrutora<\/span><\/p>\n<p>&nbsp;<\/p>\n","protected":false},"excerpt":{"rendered":"<p>Expans\u00f5es especiais de consci\u00eancia ocorrem quando superamos tenta\u00e7\u00f5es. &nbsp; Ou\u00e7a agora: Baixar a tenta\u00e7\u00e3o, essa instrutora &nbsp;<\/p>\n","protected":false},"featured_media":37803,"template":"","meta":{"_acf_changed":false},"product_brand":[],"product_cat":[18076,33068],"product_tag":[42631],"class_list":{"0":"post-84665","1":"product","2":"type-product","3":"status-publish","4":"has-post-thumbnail","6":"product_cat-cddvd","7":"product_cat-palestras","8":"product_tag-42631","9":"pa_autor-trigueirinho","10":"pa_codigo-da-serie-32103","11":"pa_codigo-externo-00140276porcd","12":"pa_data-de-gravacao-19380","13":"pa_duracao-29min","14":"pa_idioma-de-destino-portugues","15":"pa_idioma-de-origem-portugues","16":"pa_lancamento-no","17":"pa_midia-cd","18":"pa_moac-42630","19":"pa_quantidade-de-saldo-33067","20":"pa_sequencial-da-serie-32573","21":"pa_tipo-de-traducao-nao-classificado","23":"first","24":"outofstock","25":"product-type-simple"},"acf":[],"_links":{"self":[{"href":"https:\/\/www.irdin.org.br\/site\/wp-json\/wp\/v2\/product\/84665","targetHints":{"allow":["GET"]}}],"collection":[{"href":"https:\/\/www.irdin.org.br\/site\/wp-json\/wp\/v2\/product"}],"about":[{"href":"https:\/\/www.irdin.org.br\/site\/wp-json\/wp\/v2\/types\/product"}],"version-history":[{"count":1,"href":"https:\/\/www.irdin.org.br\/site\/wp-json\/wp\/v2\/product\/84665\/revisions"}],"predecessor-version":[{"id":107340,"href":"https:\/\/www.irdin.org.br\/site\/wp-json\/wp\/v2\/product\/84665\/revisions\/107340"}],"wp:featuredmedia":[{"embeddable":true,"href":"https:\/\/www.irdin.org.br\/site\/wp-json\/wp\/v2\/media\/37803"}],"wp:attachment":[{"href":"https:\/\/www.irdin.org.br\/site\/wp-json\/wp\/v2\/media?parent=84665"}],"wp:term":[{"taxonomy":"product_brand","embeddable":true,"href":"https:\/\/www.irdin.org.br\/site\/wp-json\/wp\/v2\/product_brand?post=84665"},{"taxonomy":"product_cat","embeddable":true,"href":"https:\/\/www.irdin.org.br\/site\/wp-json\/wp\/v2\/product_cat?post=84665"},{"taxonomy":"product_tag","embeddable":true,"href":"https:\/\/www.irdin.org.br\/site\/wp-json\/wp\/v2\/product_tag?post=84665"}],"curies":[{"name":"wp","href":"https:\/\/api.w.org\/{rel}","templated":true}]}}