{"id":84680,"date":"2018-04-26T18:42:56","date_gmt":"2018-04-26T18:42:56","guid":{"rendered":"http:\/\/www.irdin.org.br\/site\/produto\/ampliacoes-na-instrucao-espiritual\/"},"modified":"2024-09-23T01:06:54","modified_gmt":"2024-09-23T01:06:54","slug":"ampliacoes-na-instrucao-espiritual","status":"publish","type":"product","link":"https:\/\/www.irdin.org.br\/site\/produtos\/ampliacoes-na-instrucao-espiritual\/","title":{"rendered":"Amplia\u00e7\u00f5es na instru\u00e7\u00e3o espiritual"},"content":{"rendered":"<p><em>No caminho de retorno \u00e0 exist\u00eancia imaterial, que posi\u00e7\u00e3o tomar diante das profecias e dos milagres que est\u00e3o por vir? Como perceber a unidade da vida e penetrar a ci\u00eancia do nada saber?<\/em><\/p>\n<p>&nbsp;<br \/>\n<strong>Ou\u00e7a agora:<\/strong><\/p>\n<p><span data-href=\"https:\/\/www.irdin.org.br\/site\/envios\/audios\/0014_0291__por_por__ampliacoes_na_instrucao_espiritual.mp3\" data-title=\"amplia\u00e7\u00f5es na instru\u00e7\u00e3o espiritual\" data-rel=\"\" data-target=\"\" data-meta=\"#fap-meta-69ff15e2f3ed1\" class=\"fap-single-track fap-track-button fap-play-button\" data-enqueue=\"no\" data-autoenqueue=\"no\" title=\"amplia\u00e7\u00f5es na instru\u00e7\u00e3o espiritual\"><span class=\"fap-icon-play\"><\/span>Ouvir<\/span> <a href=\"https:\/\/www.irdin.org.br\/site\/envios\/audios\/0014_0291__por_por__ampliacoes_na_instrucao_espiritual.mp3\" class=\"baixar\" download><span class=\"fa fa-arrow-down\"><\/span>Baixar<\/span><\/a> <span class=\"textobaixar\"> amplia\u00e7\u00f5es na instru\u00e7\u00e3o espiritual<\/span><\/p>\n<p>&nbsp;<\/p>\n","protected":false},"excerpt":{"rendered":"<p>No caminho de retorno \u00e0 exist\u00eancia imaterial, que posi\u00e7\u00e3o tomar diante das profecias e dos milagres que est\u00e3o por vir?<\/p>\n","protected":false},"featured_media":37803,"template":"","meta":{"_acf_changed":false},"product_brand":[],"product_cat":[18076,33068],"product_tag":[42661],"class_list":{"0":"post-84680","1":"product","2":"type-product","3":"status-publish","4":"has-post-thumbnail","6":"product_cat-cddvd","7":"product_cat-palestras","8":"product_tag-42661","9":"pa_autor-trigueirinho","10":"pa_codigo-da-serie-32103","11":"pa_codigo-externo-00140291porcd","12":"pa_data-de-gravacao-19441","13":"pa_duracao-41min","14":"pa_idioma-de-destino-portugues","15":"pa_idioma-de-origem-portugues","16":"pa_lancamento-no","17":"pa_midia-cd","18":"pa_moac-42660","19":"pa_quantidade-de-saldo-33067","20":"pa_sequencial-da-serie-32603","21":"pa_tipo-de-traducao-nao-classificado","23":"first","24":"outofstock","25":"product-type-simple"},"acf":[],"_links":{"self":[{"href":"https:\/\/www.irdin.org.br\/site\/wp-json\/wp\/v2\/product\/84680","targetHints":{"allow":["GET"]}}],"collection":[{"href":"https:\/\/www.irdin.org.br\/site\/wp-json\/wp\/v2\/product"}],"about":[{"href":"https:\/\/www.irdin.org.br\/site\/wp-json\/wp\/v2\/types\/product"}],"version-history":[{"count":1,"href":"https:\/\/www.irdin.org.br\/site\/wp-json\/wp\/v2\/product\/84680\/revisions"}],"predecessor-version":[{"id":107315,"href":"https:\/\/www.irdin.org.br\/site\/wp-json\/wp\/v2\/product\/84680\/revisions\/107315"}],"wp:featuredmedia":[{"embeddable":true,"href":"https:\/\/www.irdin.org.br\/site\/wp-json\/wp\/v2\/media\/37803"}],"wp:attachment":[{"href":"https:\/\/www.irdin.org.br\/site\/wp-json\/wp\/v2\/media?parent=84680"}],"wp:term":[{"taxonomy":"product_brand","embeddable":true,"href":"https:\/\/www.irdin.org.br\/site\/wp-json\/wp\/v2\/product_brand?post=84680"},{"taxonomy":"product_cat","embeddable":true,"href":"https:\/\/www.irdin.org.br\/site\/wp-json\/wp\/v2\/product_cat?post=84680"},{"taxonomy":"product_tag","embeddable":true,"href":"https:\/\/www.irdin.org.br\/site\/wp-json\/wp\/v2\/product_tag?post=84680"}],"curies":[{"name":"wp","href":"https:\/\/api.w.org\/{rel}","templated":true}]}}