{"id":84689,"date":"2018-04-26T18:42:56","date_gmt":"2018-04-26T18:42:56","guid":{"rendered":"http:\/\/www.irdin.org.br\/site\/produto\/lis-mirna-jad-aurora-e-a-casa-luz-da-colina\/"},"modified":"2024-09-23T01:08:45","modified_gmt":"2024-09-23T01:08:45","slug":"lis-mirna-jad-aurora-e-a-casa-luz-da-colina","status":"publish","type":"product","link":"https:\/\/www.irdin.org.br\/site\/produtos\/lis-mirna-jad-aurora-e-a-casa-luz-da-colina\/","title":{"rendered":"Lis, Mirna Jad, Aurora e a Casa Luz da Colina"},"content":{"rendered":"<p><em>Internacionaliza\u00e7\u00e3o da Casa Luz da Colina: sua coliga\u00e7\u00e3o com os centros planet\u00e1rios e abertura de caminhos para futuros padr\u00f5es de vida.<\/em><\/p>\n<p>&nbsp;<br \/>\n<strong>Ou\u00e7a agora:<\/strong><\/p>\n<p><span data-href=\"https:\/\/www.irdin.org.br\/site\/envios\/audios\/0014_0301__por_por__lis_mirna_jad_aurora_e_a_casa_luz_da_colina.mp3\" data-title=\"lis, mirna jad, aurora e a casa luz da colina\" data-rel=\"\" data-target=\"\" data-meta=\"#fap-meta-69e3877cd2fb1\" class=\"fap-single-track fap-track-button fap-play-button\" data-enqueue=\"no\" data-autoenqueue=\"no\" title=\"lis, mirna jad, aurora e a casa luz da colina\"><span class=\"fap-icon-play\"><\/span>Ouvir<\/span> <a href=\"https:\/\/www.irdin.org.br\/site\/envios\/audios\/0014_0301__por_por__lis_mirna_jad_aurora_e_a_casa_luz_da_colina.mp3\" class=\"baixar\" download><span class=\"fa fa-arrow-down\"><\/span>Baixar<\/span><\/a> <span class=\"textobaixar\"> lis, mirna jad, aurora e a casa luz da colina<\/span><\/p>\n<p>&nbsp;<\/p>\n","protected":false},"excerpt":{"rendered":"<p>Internacionaliza\u00e7\u00e3o da Casa Luz da Colina: sua coliga\u00e7\u00e3o com os centros planet\u00e1rios e abertura de caminhos para futuros padr\u00f5es de<\/p>\n","protected":false},"featured_media":37803,"template":"","meta":{"_acf_changed":false},"product_brand":[],"product_cat":[18076,33068],"product_tag":[42677],"class_list":{"0":"post-84689","1":"product","2":"type-product","3":"status-publish","4":"has-post-thumbnail","6":"product_cat-cddvd","7":"product_cat-palestras","8":"product_tag-42677","9":"pa_autor-trigueirinho","10":"pa_codigo-da-serie-32103","11":"pa_codigo-externo-00140301porcd","12":"pa_data-de-gravacao-19476","13":"pa_duracao-23min","14":"pa_idioma-de-destino-portugues","15":"pa_idioma-de-origem-portugues","16":"pa_lancamento-no","17":"pa_midia-cd","18":"pa_moac-42676","19":"pa_quantidade-de-saldo-33067","20":"pa_sequencial-da-serie-32625","21":"pa_tipo-de-traducao-nao-classificado","23":"first","24":"outofstock","25":"product-type-simple"},"acf":[],"_links":{"self":[{"href":"https:\/\/www.irdin.org.br\/site\/wp-json\/wp\/v2\/product\/84689","targetHints":{"allow":["GET"]}}],"collection":[{"href":"https:\/\/www.irdin.org.br\/site\/wp-json\/wp\/v2\/product"}],"about":[{"href":"https:\/\/www.irdin.org.br\/site\/wp-json\/wp\/v2\/types\/product"}],"version-history":[{"count":1,"href":"https:\/\/www.irdin.org.br\/site\/wp-json\/wp\/v2\/product\/84689\/revisions"}],"predecessor-version":[{"id":107324,"href":"https:\/\/www.irdin.org.br\/site\/wp-json\/wp\/v2\/product\/84689\/revisions\/107324"}],"wp:featuredmedia":[{"embeddable":true,"href":"https:\/\/www.irdin.org.br\/site\/wp-json\/wp\/v2\/media\/37803"}],"wp:attachment":[{"href":"https:\/\/www.irdin.org.br\/site\/wp-json\/wp\/v2\/media?parent=84689"}],"wp:term":[{"taxonomy":"product_brand","embeddable":true,"href":"https:\/\/www.irdin.org.br\/site\/wp-json\/wp\/v2\/product_brand?post=84689"},{"taxonomy":"product_cat","embeddable":true,"href":"https:\/\/www.irdin.org.br\/site\/wp-json\/wp\/v2\/product_cat?post=84689"},{"taxonomy":"product_tag","embeddable":true,"href":"https:\/\/www.irdin.org.br\/site\/wp-json\/wp\/v2\/product_tag?post=84689"}],"curies":[{"name":"wp","href":"https:\/\/api.w.org\/{rel}","templated":true}]}}