{"id":84691,"date":"2018-04-26T18:42:56","date_gmt":"2018-04-26T18:42:56","guid":{"rendered":"http:\/\/www.irdin.org.br\/site\/produto\/a-graca-divina-em-tempos-de-caos\/"},"modified":"2024-09-23T01:09:08","modified_gmt":"2024-09-23T01:09:08","slug":"a-graca-divina-em-tempos-de-caos","status":"publish","type":"product","link":"https:\/\/www.irdin.org.br\/site\/produtos\/a-graca-divina-em-tempos-de-caos\/","title":{"rendered":"A Gra\u00e7a Divina em tempos de caos"},"content":{"rendered":"<p><em>Gra\u00e7as podem vir da alma para a nossa atual estada na Terra, enquanto outras v\u00eam do esp\u00edrito e visam a ciclos futuros. Mas h\u00e1 gra\u00e7as ainda maiores, as da Hierarquia, para assuntos mais amplos. Como preparar-nos para receb\u00ea-las?<\/em><\/p>\n<p>&nbsp;<br \/>\n<strong>Ou\u00e7a agora:<\/strong><\/p>\n<p><span data-href=\"https:\/\/www.irdin.org.br\/site\/envios\/audios\/0014_0303__por_por__a_graca_divina_em_tempos_de_caos.mp3\" data-title=\"a gra\u00e7a divina em tempos de caos\" data-rel=\"\" data-target=\"\" data-meta=\"#fap-meta-69e3fcd4e14ec\" class=\"fap-single-track fap-track-button fap-play-button\" data-enqueue=\"no\" data-autoenqueue=\"no\" title=\"a gra\u00e7a divina em tempos de caos\"><span class=\"fap-icon-play\"><\/span>Ouvir<\/span> <a href=\"https:\/\/www.irdin.org.br\/site\/envios\/audios\/0014_0303__por_por__a_graca_divina_em_tempos_de_caos.mp3\" class=\"baixar\" download><span class=\"fa fa-arrow-down\"><\/span>Baixar<\/span><\/a> <span class=\"textobaixar\"> a gra\u00e7a divina em tempos de caos<\/span><\/p>\n<p>&nbsp;<\/p>\n","protected":false},"excerpt":{"rendered":"<p>Gra\u00e7as podem vir da alma para a nossa atual estada na Terra, enquanto outras v\u00eam do esp\u00edrito e visam a<\/p>\n","protected":false},"featured_media":37803,"template":"","meta":{"_acf_changed":false},"product_brand":[],"product_cat":[18076,33068],"product_tag":[42681],"class_list":{"0":"post-84691","1":"product","2":"type-product","3":"status-publish","4":"has-post-thumbnail","6":"product_cat-cddvd","7":"product_cat-palestras","8":"product_tag-42681","9":"pa_autor-trigueirinho","10":"pa_codigo-da-serie-32103","11":"pa_codigo-externo-00140303porcd","12":"pa_data-de-gravacao-19488","13":"pa_duracao-45min","14":"pa_idioma-de-destino-portugues","15":"pa_idioma-de-origem-portugues","16":"pa_lancamento-no","17":"pa_midia-cd","18":"pa_moac-42680","19":"pa_quantidade-de-saldo-33067","20":"pa_sequencial-da-serie-32628","21":"pa_tipo-de-traducao-nao-classificado","23":"first","24":"outofstock","25":"product-type-simple"},"acf":[],"_links":{"self":[{"href":"https:\/\/www.irdin.org.br\/site\/wp-json\/wp\/v2\/product\/84691","targetHints":{"allow":["GET"]}}],"collection":[{"href":"https:\/\/www.irdin.org.br\/site\/wp-json\/wp\/v2\/product"}],"about":[{"href":"https:\/\/www.irdin.org.br\/site\/wp-json\/wp\/v2\/types\/product"}],"version-history":[{"count":1,"href":"https:\/\/www.irdin.org.br\/site\/wp-json\/wp\/v2\/product\/84691\/revisions"}],"predecessor-version":[{"id":107326,"href":"https:\/\/www.irdin.org.br\/site\/wp-json\/wp\/v2\/product\/84691\/revisions\/107326"}],"wp:featuredmedia":[{"embeddable":true,"href":"https:\/\/www.irdin.org.br\/site\/wp-json\/wp\/v2\/media\/37803"}],"wp:attachment":[{"href":"https:\/\/www.irdin.org.br\/site\/wp-json\/wp\/v2\/media?parent=84691"}],"wp:term":[{"taxonomy":"product_brand","embeddable":true,"href":"https:\/\/www.irdin.org.br\/site\/wp-json\/wp\/v2\/product_brand?post=84691"},{"taxonomy":"product_cat","embeddable":true,"href":"https:\/\/www.irdin.org.br\/site\/wp-json\/wp\/v2\/product_cat?post=84691"},{"taxonomy":"product_tag","embeddable":true,"href":"https:\/\/www.irdin.org.br\/site\/wp-json\/wp\/v2\/product_tag?post=84691"}],"curies":[{"name":"wp","href":"https:\/\/api.w.org\/{rel}","templated":true}]}}