{"id":84699,"date":"2018-04-26T18:43:19","date_gmt":"2018-04-26T18:43:19","guid":{"rendered":"http:\/\/www.irdin.org.br\/site\/produto\/antartida-e-a-cura-pelos-centros-planetarios\/"},"modified":"2024-09-23T00:20:26","modified_gmt":"2024-09-23T00:20:26","slug":"antartida-e-a-cura-pelos-centros-planetarios","status":"publish","type":"product","link":"https:\/\/www.irdin.org.br\/site\/produtos\/antartida-e-a-cura-pelos-centros-planetarios\/","title":{"rendered":"Ant\u00e1rtida e a cura pelos Centros Planet\u00e1rios"},"content":{"rendered":"<p><em>O segredo da Ant\u00e1rtida, os diversos graus de realiza\u00e7\u00e3o de uma tarefa evolutiva e a receptividade aos trabalhos de cura desenvolvidos pela Fraternidade Branca.<\/em><\/p>\n<p>&nbsp;<br \/>\n<strong>Ou\u00e7a agora:<\/strong><\/p>\n<p><span data-href=\"https:\/\/www.irdin.org.br\/site\/envios\/audios\/0014_0315__por_por__antartida_e_a_cura_pelos_centros_planetarios.mp3\" data-title=\"ant\u00e1rtida e a cura pelos centros planet\u00e1rios\" data-rel=\"\" data-target=\"\" data-meta=\"#fap-meta-69f32440915ab\" class=\"fap-single-track fap-track-button fap-play-button\" data-enqueue=\"no\" data-autoenqueue=\"no\" title=\"ant\u00e1rtida e a cura pelos centros planet\u00e1rios\"><span class=\"fap-icon-play\"><\/span>Ouvir<\/span> <a href=\"https:\/\/www.irdin.org.br\/site\/envios\/audios\/0014_0315__por_por__antartida_e_a_cura_pelos_centros_planetarios.mp3\" class=\"baixar\" download><span class=\"fa fa-arrow-down\"><\/span>Baixar<\/span><\/a> <span class=\"textobaixar\"> ant\u00e1rtida e a cura pelos centros planet\u00e1rios<\/span><\/p>\n<p>&nbsp;<\/p>\n","protected":false},"excerpt":{"rendered":"<p>O segredo da Ant\u00e1rtida, os diversos graus de realiza\u00e7\u00e3o de uma tarefa evolutiva e a receptividade aos trabalhos de cura<\/p>\n","protected":false},"featured_media":37803,"template":"","meta":{"_acf_changed":false},"product_brand":[],"product_cat":[18076,33068],"product_tag":[42697],"class_list":{"0":"post-84699","1":"product","2":"type-product","3":"status-publish","4":"has-post-thumbnail","6":"product_cat-cddvd","7":"product_cat-palestras","8":"product_tag-42697","9":"pa_autor-trigueirinho","10":"pa_codigo-da-serie-32103","11":"pa_codigo-externo-00140315porcd","12":"pa_data-de-gravacao-19537","13":"pa_duracao-49min","14":"pa_idioma-de-destino-portugues","15":"pa_idioma-de-origem-portugues","16":"pa_lancamento-no","17":"pa_midia-cd","18":"pa_moac-42696","19":"pa_quantidade-de-saldo-33067","20":"pa_sequencial-da-serie-32652","21":"pa_tipo-de-traducao-nao-classificado","23":"first","24":"outofstock","25":"product-type-simple"},"acf":[],"_links":{"self":[{"href":"https:\/\/www.irdin.org.br\/site\/wp-json\/wp\/v2\/product\/84699","targetHints":{"allow":["GET"]}}],"collection":[{"href":"https:\/\/www.irdin.org.br\/site\/wp-json\/wp\/v2\/product"}],"about":[{"href":"https:\/\/www.irdin.org.br\/site\/wp-json\/wp\/v2\/types\/product"}],"version-history":[{"count":1,"href":"https:\/\/www.irdin.org.br\/site\/wp-json\/wp\/v2\/product\/84699\/revisions"}],"predecessor-version":[{"id":107294,"href":"https:\/\/www.irdin.org.br\/site\/wp-json\/wp\/v2\/product\/84699\/revisions\/107294"}],"wp:featuredmedia":[{"embeddable":true,"href":"https:\/\/www.irdin.org.br\/site\/wp-json\/wp\/v2\/media\/37803"}],"wp:attachment":[{"href":"https:\/\/www.irdin.org.br\/site\/wp-json\/wp\/v2\/media?parent=84699"}],"wp:term":[{"taxonomy":"product_brand","embeddable":true,"href":"https:\/\/www.irdin.org.br\/site\/wp-json\/wp\/v2\/product_brand?post=84699"},{"taxonomy":"product_cat","embeddable":true,"href":"https:\/\/www.irdin.org.br\/site\/wp-json\/wp\/v2\/product_cat?post=84699"},{"taxonomy":"product_tag","embeddable":true,"href":"https:\/\/www.irdin.org.br\/site\/wp-json\/wp\/v2\/product_tag?post=84699"}],"curies":[{"name":"wp","href":"https:\/\/api.w.org\/{rel}","templated":true}]}}